{"id":88,"date":"2023-11-12T13:09:17","date_gmt":"2023-11-12T13:09:17","guid":{"rendered":"https:\/\/licensi.fr\/?post_type=product&#038;p=88"},"modified":"2024-02-21T16:16:45","modified_gmt":"2024-02-21T14:16:45","slug":"licence-office-2016-professional-plus-retail","status":"publish","type":"product","link":"https:\/\/licensi.fr\/index.php\/product\/licence-office-2016-professional-plus-retail\/","title":{"rendered":"Licence Office 2016 Professional Plus RETAIL"},"content":{"rendered":"<p style=\"text-align: center;\"><strong>Office 2016 Professional Plus<\/strong> est une suite bureautique moderne, sp\u00e9cialement con\u00e7ue pour les moyennes et grandes entreprises. Il regorge de fonctionnalit\u00e9s tr\u00e8s efficaces et permettant de gagner du temps qui am\u00e9lioreront consid\u00e9rablement la productivit\u00e9 de chaque employ\u00e9. Le programme offre un excellent soutien au travail d&#8217;\u00e9quipe et \u00e0 la coop\u00e9ration tant \u00e0 l&#8217;int\u00e9rieur qu&#8217;\u00e0 l&#8217;ext\u00e9rieur de l&#8217;entreprise.<\/p>\n<p><img loading=\"lazy\" decoding=\"async\" class=\"aligncenter\" src=\"https:\/\/cdn.forscope.eu\/o\/eu\/Office 2016 Professional Plus.png\" alt=\"\" width=\"463\" height=\"223\" \/><\/p>\n<p><strong>Office 2016 Professionnel Plus<\/strong> s&#8217;adapte \u00e0 vos pr\u00e9f\u00e9rences de travail, vous permettant de capturer vos id\u00e9es \u00e0 l&#8217;aide de votre clavier, crayon ou \u00e9cran tactile. Si vous \u00eates bloqu\u00e9, la case \u00ab Dites-moi ce que vous voulez faire \u00bb vous aidera. Entrez n&#8217;importe quel mot li\u00e9 \u00e0 la t\u00e2che que vous souhaitez effectuer et la bo\u00eete ne proposera que les bonnes options. Gr\u00e2ce \u00e0 la fonction Insight, vous pouvez rechercher des informations pertinentes directement \u00e0 l&#8217;int\u00e9rieur du document, puis utiliser les r\u00e9sultats pour enrichir ou compl\u00e9ter vos textes. De plus, avec le stockage cloud OneDrive int\u00e9gr\u00e9, vous pouvez acc\u00e9der \u00e0 tous vos documents de n&#8217;importe o\u00f9 !<\/p>\n<hr \/>\n<p>&nbsp;<\/p>\n<h3>Office 2016 Professional Plus includes:<\/h3>\n<div class=\"row\">\n<div class=\"col-sm-2\"><img loading=\"lazy\" decoding=\"async\" class=\"hidden-xs alignleft\" src=\"https:\/\/cdn.forscope.eu\/o\/eu\/Office 2016\/Word 2016.png\" alt=\"\" width=\"83\" height=\"81\" \/><\/div>\n<div class=\"col-sm-10\" style=\"padding-left: 120px;\"><strong>Word 2016<\/strong><\/div>\n<div class=\"col-sm-10\" style=\"padding-left: 120px;\">Word a am\u00e9lior\u00e9 son suivi des commentaires avec un nouveau bouton &#8220;r\u00e9pondre&#8221;. De plus, vous pouvez d\u00e9sormais modifier des paragraphes, des listes et des tableaux PDF en les faisant glisser dans le fichier Word.<\/div>\n<p>&nbsp;<\/p>\n<\/div>\n<div class=\"row\">\n<div class=\"col-sm-2\"><img loading=\"lazy\" decoding=\"async\" class=\"hidden-xs alignleft\" src=\"https:\/\/cdn.forscope.eu\/o\/eu\/Office 2016\/Excel 2016.png\" alt=\"\" width=\"83\" height=\"81\" \/><\/div>\n<div class=\"col-sm-10\" style=\"padding-left: 120px;\"><strong>Excel 2016<\/strong><\/div>\n<div class=\"col-sm-10\" style=\"padding-left: 120px;\">Excel vous fait gagner du temps en apprenant les mod\u00e8les de saisie de donn\u00e9es et en le faisant pour vous gr\u00e2ce \u00e0 la fonction de remplissage automatique. Les nouveaux tableaux et graphiques vous montreront s\u00fbrement les succ\u00e8s de l&#8217;entreprise de la mani\u00e8re la plus convaincante. Le programme recommande les graphiques les plus appropri\u00e9s et vous donne un aper\u00e7u de la fa\u00e7on dont vos donn\u00e9es peuvent \u00eatre pr\u00e9sent\u00e9es.<\/div>\n<div><\/div>\n<\/div>\n<div class=\"row\">\n<div class=\"col-sm-2\"><img loading=\"lazy\" decoding=\"async\" class=\"hidden-xs alignleft\" src=\"https:\/\/cdn.forscope.eu\/o\/eu\/Office 2016\/PowerPoint 2016.png\" alt=\"\" width=\"83\" height=\"81\" \/><\/div>\n<div class=\"col-sm-10\" style=\"padding-left: 120px;\"><strong>PowerPoint 2016<\/strong><\/div>\n<div class=\"col-sm-10\" style=\"padding-left: 120px;\">Avec PowerPoint, vous partagerez votre pr\u00e9sentation en ligne en envoyant simplement un lien \u00e0 votre public.<\/div>\n<\/div>\n<p>&nbsp;<\/p>\n<div><\/div>\n<div class=\"row\">\n<div class=\"col-sm-2\"><img loading=\"lazy\" decoding=\"async\" class=\"hidden-xs alignleft\" src=\"https:\/\/cdn.forscope.eu\/o\/eu\/Office 2016\/OneNote 2016.png\" alt=\"\" width=\"83\" height=\"81\" \/><\/div>\n<div class=\"col-sm-10\" style=\"padding-left: 120px;\"><strong>OneNote 2016<\/strong><\/div>\n<div class=\"col-sm-10\" style=\"padding-left: 120px;\">OneNote int\u00e8gre presque tous les types de fichiers, des feuilles de calcul Excel aux vid\u00e9os. Il peut \u00eatre synchronis\u00e9 avec d&#8217;autres appareils, ce qui vous permet de partager en toute transparence des blocs-notes OneNote n&#8217;importe o\u00f9.<\/div>\n<p>&nbsp;<\/p>\n<\/div>\n<div class=\"row\">\n<div class=\"col-sm-2\"><img loading=\"lazy\" decoding=\"async\" class=\"hidden-xs alignleft\" src=\"https:\/\/cdn.forscope.eu\/o\/eu\/Office 2016\/Outlook 2016.png\" alt=\"\" width=\"83\" height=\"81\" \/><\/div>\n<div class=\"col-sm-10\" style=\"padding-left: 120px;\"><strong>Outlook 2016<\/strong><\/div>\n<div class=\"col-sm-10\" style=\"padding-left: 120px;\">Outlook vous permet de r\u00e9pondre directement au volet de lecture, ce qui rend les conversations par e-mail plus pertinentes.<\/div>\n<p>&nbsp;<\/p>\n<\/div>\n<div class=\"row\">\n<div class=\"col-sm-2\"><img loading=\"lazy\" decoding=\"async\" class=\"hidden-xs alignleft\" src=\"https:\/\/cdn.forscope.eu\/o\/eu\/Office 2016\/Publisher 2016.png\" alt=\"\" width=\"83\" height=\"81\" \/><\/div>\n<div class=\"col-sm-10\" style=\"padding-left: 120px;\"><strong>Publisher 2016<\/strong><\/div>\n<div class=\"col-sm-10\" style=\"padding-left: 120px;\">Publisher vous aide \u00e0 cr\u00e9er, personnaliser et distribuer facilement une large gamme de publications de qualit\u00e9 professionnelle. \u00c9changez des images par simple glisser-d\u00e9poser ou ajoutez des images directement depuis vos albums en ligne. Utilisez des effets sp\u00e9ciaux pour mettre en valeur vos publications. Choisissez parmi un certain nombre de parties de la page, telles que les barres lat\u00e9rales et les histoires, ainsi que les calendriers, les bordures, les publicit\u00e9s, etc.<\/div>\n<div><\/div>\n<div><img loading=\"lazy\" decoding=\"async\" class=\"hidden-xs alignleft\" src=\"https:\/\/cdn.forscope.eu\/o\/eu\/Office 2016\/Access 2016.png\" alt=\"\" width=\"83\" height=\"81\" \/><\/div>\n<\/div>\n<div class=\"row\">\n<div style=\"padding-left: 120px;\"><strong>Access 2016<\/strong><\/div>\n<div class=\"col-sm-2\" style=\"padding-left: 120px;\">L&#8217;acc\u00e8s est d\u00e9sormais bien plus qu&#8217;un moyen de cr\u00e9er des bases de donn\u00e9es de bureau. C&#8217;est un outil facile \u00e0 utiliser pour cr\u00e9er rapidement des applications de base de donn\u00e9es bas\u00e9es sur un navigateur qui vous aident \u00e0 g\u00e9rer votre entreprise. Vos donn\u00e9es sont automatiquement stock\u00e9es dans une base de donn\u00e9es SQL, ce qui les rend plus s\u00e9curis\u00e9es et \u00e9volutives que jamais, et vous pouvez facilement partager vos applications avec vos coll\u00e8gues.<\/div>\n<p style=\"padding-left: 40px;\">\n<\/div>\n<div class=\"row\">\n<div class=\"col-sm-2\"><img loading=\"lazy\" decoding=\"async\" class=\"hidden-xs alignleft\" src=\"https:\/\/cdn.forscope.eu\/o\/eu\/Office 2016\/Skype for Business.png\" alt=\"\" width=\"83\" height=\"81\" \/><\/div>\n<div class=\"col-sm-10\" style=\"padding-left: 120px;\"><strong>Skype for Business<\/strong><\/div>\n<div class=\"col-sm-10\" style=\"padding-left: 120px;\">Skype Entreprise vous permet de vous connecter avec des coll\u00e8gues ou des partenaires commerciaux dans votre entreprise ou dans le monde entier. D\u00e9marrez des conversations par messagerie instantan\u00e9e, vocales ou vid\u00e9o. Voyez quand vos contacts sont disponibles en ligne, en r\u00e9union ou dans une pr\u00e9sentation. Montrez votre \u00e9cran pendant les r\u00e9unions ou contr\u00f4lez les autres.<\/div>\n<\/div>\n<div>\n<hr \/>\n<\/div>\n<div><em><strong>Important : il n&#8217;est pas possible d&#8217;installer \u00e0 la fois les versions volume et commerciale du logiciel sur le m\u00eame appareil. Cela signifie, par exemple, que vous ne pouvez pas installer Microsoft Office Famille et Petite Entreprise (licence commerciale) et Project Professionnel (licence en volume) sur le m\u00eame ordinateur.<\/strong><\/em><\/div>\n<div>\n<hr \/>\n<p>&nbsp;<\/p>\n<\/div>\n","protected":false},"excerpt":{"rendered":"<ul>\n<li><strong>VALIDIT\u00c9 DE VIE \u2714\ufe0f<\/strong><\/li>\n<li>\u00a0La licence est RETAIL, elle s&#8217;active directement depuis le site officiel de Microsoft (setup.office.com) !<\/li>\n<li>Lors de votre achat, vous recevrez \u00e9galement un lien de t\u00e9l\u00e9chargement, o\u00f9 vous pourrez t\u00e9l\u00e9charger directement Office \u00e0 partir du site Web officiel de Microsoft, et apr\u00e8s l&#8217;installation, entrez directement la licence fournie par nous.<\/li>\n<li><strong>La cl\u00e9 sera instantan\u00e9ment envoy\u00e9e par e-mail avec le lien de t\u00e9l\u00e9chargement et les instructions d&#8217;installation.<\/strong><\/li>\n<li>La licence dure toute une vie, n&#8217;expire pas et est automatiquement mise \u00e0 jour.<\/li>\n<li><strong>Fonctionne pour 1 ordinateur uniquement. (PC)<\/strong><\/li>\n<li>\u00a0Fonctionne uniquement pour Windows.<\/li>\n<\/ul>\n","protected":false},"featured_media":114,"comment_status":"closed","ping_status":"closed","template":"","meta":[],"product_cat":[20],"product_tag":[],"jetpack_sharing_enabled":true,"_links":{"self":[{"href":"https:\/\/licensi.fr\/index.php\/wp-json\/wp\/v2\/product\/88"}],"collection":[{"href":"https:\/\/licensi.fr\/index.php\/wp-json\/wp\/v2\/product"}],"about":[{"href":"https:\/\/licensi.fr\/index.php\/wp-json\/wp\/v2\/types\/product"}],"replies":[{"embeddable":true,"href":"https:\/\/licensi.fr\/index.php\/wp-json\/wp\/v2\/comments?post=88"}],"wp:featuredmedia":[{"embeddable":true,"href":"https:\/\/licensi.fr\/index.php\/wp-json\/wp\/v2\/media\/114"}],"wp:attachment":[{"href":"https:\/\/licensi.fr\/index.php\/wp-json\/wp\/v2\/media?parent=88"}],"wp:term":[{"taxonomy":"product_cat","embeddable":true,"href":"https:\/\/licensi.fr\/index.php\/wp-json\/wp\/v2\/product_cat?post=88"},{"taxonomy":"product_tag","embeddable":true,"href":"https:\/\/licensi.fr\/index.php\/wp-json\/wp\/v2\/product_tag?post=88"}],"curies":[{"name":"wp","href":"https:\/\/api.w.org\/{rel}","templated":true}]}}