{"id":87,"date":"2023-11-12T13:09:17","date_gmt":"2023-11-12T13:09:17","guid":{"rendered":"https:\/\/licensi.fr\/?post_type=product&#038;p=87"},"modified":"2023-12-02T00:21:54","modified_gmt":"2023-12-01T22:21:54","slug":"pack-windows-11-pro-office-pro-plus-2021","status":"publish","type":"product","link":"https:\/\/licensi.fr\/index.php\/product\/pack-windows-11-pro-office-pro-plus-2021\/","title":{"rendered":"Pack Windows 11 Pro + Office Pro Plus 2021"},"content":{"rendered":"<div class=\"elementor-element elementor-element-44cc4b9 elementor-widget elementor-widget-wd_infobox\" data-id=\"44cc4b9\" data-element_type=\"widget\" data-widget_type=\"wd_infobox.default\">\n<p><strong>\u00c0 PROPOS DE WINDOWS 11 PRO<\/strong><\/p>\n<p>1.Grande productivit\u00e9<br \/>\n-Rapidit\u00e9 dans les op\u00e9rations.<br \/>\n-Facilit\u00e9 de navigation.<br \/>\n-Traitement facile des documents.<\/p>\n<p>2.Design moderne<br \/>\n-Les ic\u00f4nes de la barre d&#8217;accueil sont plac\u00e9es au milieu.<br \/>\n-Structure am\u00e9lior\u00e9e.<\/p>\n<\/div>\n<div class=\"elementor-element elementor-element-44cc4b9 elementor-widget elementor-widget-wd_infobox\" data-id=\"44cc4b9\" data-element_type=\"widget\" data-widget_type=\"wd_infobox.default\">3.Jeux vid\u00e9o plus performants<br \/>\n-Pilotes am\u00e9lior\u00e9s.<br \/>\n-Nouveaux proc\u00e9d\u00e9s graphiques<br \/>\n-Nouvelles fonctionnalit\u00e9s<br \/>\n-Les applications Android fonctionnent nativement<\/p>\n<div class=\"elementor-widget-container\">\n<div class=\"info-box-wrapper\">\n<div class=\"wd-info-box text-left box-icon-align-top box-style-base color-scheme-\">\n<div class=\"info-box-content\">\n<div class=\"elementor-element elementor-element-587493c elementor-widget elementor-widget-wd_infobox\" data-id=\"587493c\" data-element_type=\"widget\" data-widget_type=\"wd_infobox.default\">\n<div class=\"elementor-widget-container\">\n<div class=\"info-box-wrapper\">\n<div class=\"wd-info-box text-left box-icon-align-top box-style-base color-scheme-\">\n<div class=\"info-box-content\">\n<p><strong>EXIGENCES WINDOWS 11<\/strong><\/p>\n<p>Processeur : 1 GHz (GHz) ou plus rapide, avec 2 c\u0153urs par processeur compatible 64 bits<br \/>\nRAM : 4 gigaoctets (Go)<br \/>\nEspace disque dur : 64 Go ou plus Lors de la mise \u00e0 niveau de votre syst\u00e8me d&#8217;exploitation, davantage d&#8217;espace est requis.<br \/>\nMicrologiciel : UEFI, compatible Secure Boot<br \/>\nTPM : module de plate-forme s\u00e9curis\u00e9e (TPM) version 2.0<br \/>\nProcesseur graphique (Carte graphique) : Compatible avec le pilote DirectX 12 ou WDDM 2.0<br \/>\nMoniteur : HD 720p, avec une diagonale sup\u00e9rieure \u00e0 9 pouces et un minimum de 8 bits par canal de couleur<br \/>\nConnexion Internet et compte Microsoft :<br \/>\nWindows 11 Home n\u00e9cessite Internet et un compte Microsoft pour terminer l&#8217;installation.<br \/>\nPour toutes les \u00e9ditions de Windows 11, un acc\u00e8s Internet est requis pour les mises \u00e0 jour et certaines fonctionnalit\u00e9s. Dans certains cas, un compte Microsoft est requis.<\/p>\n<\/div>\n<\/div>\n<\/div>\n<\/div>\n<\/div>\n<\/div>\n<\/div>\n<\/div>\n<\/div>\n<\/div>\n<h2 data-elementor-setting-key=\"title\"><\/h2>\n<div class=\"elementor-element elementor-element-44cc4b9 elementor-widget elementor-widget-wd_infobox\" data-id=\"44cc4b9\" data-element_type=\"widget\" data-widget_type=\"wd_infobox.default\">\n<div class=\"elementor-widget-container\">\n<div class=\"info-box-wrapper\">\n<div class=\"wd-info-box text-left box-icon-align-top box-style-base color-scheme-\">\n<div class=\"info-box-content\">\n<div class=\"elementor-element elementor-element-587493c elementor-widget elementor-widget-wd_infobox\" data-id=\"587493c\" data-element_type=\"widget\" data-widget_type=\"wd_infobox.default\">\n<div class=\"elementor-widget-container\">\n<div class=\"info-box-wrapper\">\n<div class=\"wd-info-box text-left box-icon-align-top box-style-base color-scheme-\">\n<div class=\"info-box-content\">\n<div class=\"info-box-inner set-cont-mb-s reset-last-child\" data-elementor-setting-key=\"content\">\n<p><strong>\u00c0 PROPOS D&#8217;OFFICE 2021 PRO<\/strong><\/p>\n<ol>\n<li style=\"list-style-type: none;\">\n<ol>\n<li>La modification de documents en \u00e9quipe est plus rapide et presque instantan\u00e9e avec la co-cr\u00e9ation et le chat Microsoft Teams<br \/>\n<a href=\"https:\/\/licente-digitale.ro\/wp-content\/uploads\/2021\/04\/office-2019-pro-word.png\"><img loading=\"lazy\" decoding=\"async\" class=\"wp-image-12557 aligncenter\" style=\"box-sizing: border-box; margin: 0px; padding: 0px; border: none; vertical-align: middle; font-style: inherit; font-variant: inherit; font-weight: inherit; font-stretch: inherit; line-height: inherit; font-family: inherit; font-size: 14px; max-width: 100%; height: 358px; border-radius: 0px; box-shadow: none;\" title=\"Ofert\u0103: &lt;br\/&gt; Windows 11 Professional + Office 2021 Professional 1\" src=\"https:\/\/licente-digitale.ro\/wp-content\/uploads\/2021\/10\/Co-autori-office-2021.png\" sizes=\"(max-width: 3839px) 100vw, 3839px\" srcset=\"https:\/\/licente-digitale.ro\/wp-content\/uploads\/2021\/10\/Co-autori-office-2021.png 3839w, https:\/\/licente-digitale.ro\/wp-content\/uploads\/2021\/10\/Co-autori-office-2021-300x161.png 300w, https:\/\/licente-digitale.ro\/wp-content\/uploads\/2021\/10\/Co-autori-office-2021-1024x550.png 1024w, https:\/\/licente-digitale.ro\/wp-content\/uploads\/2021\/10\/Co-autori-office-2021-768x412.png 768w, https:\/\/licente-digitale.ro\/wp-content\/uploads\/2021\/10\/Co-autori-office-2021-1536x825.png 1536w, https:\/\/licente-digitale.ro\/wp-content\/uploads\/2021\/10\/Co-autori-office-2021-2048x1099.png 2048w, https:\/\/licente-digitale.ro\/wp-content\/uploads\/2021\/10\/Co-autori-office-2021-1320x709.png 1320w, https:\/\/licente-digitale.ro\/wp-content\/uploads\/2021\/10\/Co-autori-office-2021-1200x644.png 1200w, https:\/\/licente-digitale.ro\/wp-content\/uploads\/2021\/10\/Co-autori-office-2021-150x81.png 150w\" alt=\"Co autori office 2021\" width=\"667\" height=\"2061\" \/><\/a><\/li>\n<li>Nouvelles fonctions dans Excel<br \/>\n<a href=\"https:\/\/licente-digitale.ro\/wp-content\/uploads\/2021\/04\/office-2019-pro-excel.png\"><img loading=\"lazy\" decoding=\"async\" class=\"wp-image-12558 aligncenter\" style=\"box-sizing: border-box; margin: 0px; padding: 0px; border: none; vertical-align: middle; font-style: inherit; font-variant: inherit; font-weight: inherit; font-stretch: inherit; line-height: inherit; font-family: inherit; font-size: 14px; max-width: 100%; height: 313px; border-radius: 0px; box-shadow: none;\" title=\"Ofert\u0103: &lt;br\/&gt; Windows 11 Professional + Office 2021 Professional 2\" src=\"https:\/\/licente-digitale.ro\/wp-content\/uploads\/2021\/10\/functii-noi-in-excel-2021.png\" sizes=\"(max-width: 943px) 100vw, 943px\" srcset=\"https:\/\/licente-digitale.ro\/wp-content\/uploads\/2021\/10\/functii-noi-in-excel-2021.png 943w, https:\/\/licente-digitale.ro\/wp-content\/uploads\/2021\/10\/functii-noi-in-excel-2021-300x141.png 300w, https:\/\/licente-digitale.ro\/wp-content\/uploads\/2021\/10\/functii-noi-in-excel-2021-768x360.png 768w, https:\/\/licente-digitale.ro\/wp-content\/uploads\/2021\/10\/functii-noi-in-excel-2021-150x70.png 150w\" alt=\"functii noi in excel 2021\" width=\"668\" height=\"442\" \/><\/a><\/li>\n<li>Pour les pr\u00e9sentations nouvelles et mises \u00e0 jour<br \/>\n<a href=\"https:\/\/licente-digitale.ro\/wp-content\/uploads\/2021\/04\/office-2019-pro-powerpoint.png\"><img loading=\"lazy\" decoding=\"async\" class=\"wp-image-12559 aligncenter\" style=\"box-sizing: border-box; margin: 0px; padding: 0px; border: none; vertical-align: middle; font-style: inherit; font-variant: inherit; font-weight: inherit; font-stretch: inherit; line-height: inherit; font-family: inherit; font-size: 14px; max-width: 100%; height: 362px; border-radius: 0px; box-shadow: none;\" title=\"Ofert\u0103: &lt;br\/&gt; Windows 11 Professional + Office 2021 Professional 3\" src=\"https:\/\/licente-digitale.ro\/wp-content\/uploads\/2021\/10\/prezentari-actualizare-PowerPoint-2021.png\" sizes=\"(max-width: 3826px) 100vw, 3826px\" srcset=\"https:\/\/licente-digitale.ro\/wp-content\/uploads\/2021\/10\/prezentari-actualizare-PowerPoint-2021.png 3826w, https:\/\/licente-digitale.ro\/wp-content\/uploads\/2021\/10\/prezentari-actualizare-PowerPoint-2021-300x162.png 300w, https:\/\/licente-digitale.ro\/wp-content\/uploads\/2021\/10\/prezentari-actualizare-PowerPoint-2021-1024x555.png 1024w, https:\/\/licente-digitale.ro\/wp-content\/uploads\/2021\/10\/prezentari-actualizare-PowerPoint-2021-768x416.png 768w, https:\/\/licente-digitale.ro\/wp-content\/uploads\/2021\/10\/prezentari-actualizare-PowerPoint-2021-1536x832.png 1536w, https:\/\/licente-digitale.ro\/wp-content\/uploads\/2021\/10\/prezentari-actualizare-PowerPoint-2021-2048x1109.png 2048w, https:\/\/licente-digitale.ro\/wp-content\/uploads\/2021\/10\/prezentari-actualizare-PowerPoint-2021-1320x715.png 1320w, https:\/\/licente-digitale.ro\/wp-content\/uploads\/2021\/10\/prezentari-actualizare-PowerPoint-2021-1200x650.png 1200w, https:\/\/licente-digitale.ro\/wp-content\/uploads\/2021\/10\/prezentari-actualizare-PowerPoint-2021-150x81.png 150w\" alt=\"prezentari actualizare PowerPoint 2021\" width=\"669\" height=\"2072\" \/><\/a><\/li>\n<li>Outlook est livr\u00e9 avec une recherche et une traduction rapides<br \/>\n<a href=\"https:\/\/licente-digitale.ro\/wp-content\/uploads\/2021\/04\/office-2019-pro-outlook.png\"><img loading=\"lazy\" decoding=\"async\" class=\"wp-image-12560 size-full aligncenter\" style=\"box-sizing: border-box; margin: 0px; padding: 0px; border: none; vertical-align: middle; font-style: inherit; font-variant: inherit; font-weight: inherit; font-stretch: inherit; line-height: inherit; font-family: inherit; font-size: 14px; max-width: 100%; height: auto; border-radius: 0px; box-shadow: none;\" title=\"Ofert\u0103: &lt;br\/&gt; Windows 11 Professional + Office 2021 Professional 4\" src=\"https:\/\/licente-digitale.ro\/wp-content\/uploads\/2021\/10\/traducere-in-Outlook-2021.png\" sizes=\"(max-width: 602px) 100vw, 602px\" srcset=\"https:\/\/licente-digitale.ro\/wp-content\/uploads\/2021\/10\/traducere-in-Outlook-2021.png 602w, https:\/\/licente-digitale.ro\/wp-content\/uploads\/2021\/10\/traducere-in-Outlook-2021-300x114.png 300w, https:\/\/licente-digitale.ro\/wp-content\/uploads\/2021\/10\/traducere-in-Outlook-2021-600x229.png 600w, https:\/\/licente-digitale.ro\/wp-content\/uploads\/2021\/10\/traducere-in-Outlook-2021-150x57.png 150w\" alt=\"traducere in Outlook 2021\" width=\"602\" height=\"229\" \/><\/a><\/li>\n<\/ol>\n<\/li>\n<\/ol>\n<\/div>\n<\/div>\n<\/div>\n<\/div>\n<\/div>\n<\/div>\n<\/div>\n<\/div>\n<\/div>\n<\/div>\n<\/div>\n<div class=\"elementor-element elementor-element-44cc4b9 elementor-widget elementor-widget-wd_infobox\" data-id=\"44cc4b9\" data-element_type=\"widget\" data-widget_type=\"wd_infobox.default\">\n<div class=\"elementor-widget-container\">\n<div class=\"info-box-wrapper\">\n<div class=\"wd-info-box text-left box-icon-align-top box-style-base color-scheme-\">\n<div class=\"info-box-content\">\n<div class=\"elementor-element elementor-element-587493c elementor-widget elementor-widget-wd_infobox\" data-id=\"587493c\" data-element_type=\"widget\" data-widget_type=\"wd_infobox.default\">\n<div class=\"elementor-widget-container\">\n<div class=\"info-box-wrapper\"><strong>EXIGENCES DE BUREAU REQUISES 2021<\/strong>Syst\u00e8me d&#8217;exploitation : Windows 10<br \/>\nProcesseur : processeur 1,6 GHz<br \/>\nRAM : 2 Go pour 32 bits ou 4 Go pour 64 bits<br \/>\nEspace disque dur : 4 Go<br \/>\nR\u00e9solution : 1280 x 768<br \/>\nConnectivit\u00e9 requise : connexion Internet requise pour l&#8217;activation et le t\u00e9l\u00e9chargement, pas pour l&#8217;utilisation<\/div>\n<\/div>\n<\/div>\n<\/div>\n<\/div>\n<\/div>\n<\/div>\n<\/div>\n","protected":false},"excerpt":{"rendered":"<ul>\n<li><strong>VALIDITE A VIE \u2714\ufe0f<\/strong><\/li>\n<li>Vous recevrez une licence <strong>Windows 11 Pro<\/strong> et une licence <strong>Office Pro Plus 2021<\/strong> lors de l&#8217;achat.<\/li>\n<li><strong>\u00a0Ces licences sont 100% originales et sont RETAIL.<\/strong><\/li>\n<li>Ils sont valables \u00e0 vie, ils n&#8217;ont pas de date d&#8217;expiration. Les licences sont au format num\u00e9rique.<\/li>\n<li><strong>Fonctionne pour 1 ordinateur uniquement. (1 PC)<\/strong><\/li>\n<li>Les licences RETAIL peuvent \u00eatre chang\u00e9es d&#8217;un ordinateur \u00e0 l&#8217;autre contrairement aux licences OEM qui seront li\u00e9es \u00e0 l&#8217;ordinateur sur lequel elles ont \u00e9t\u00e9 activ\u00e9es.<\/li>\n<li>Ces licences fonctionnent \u00e0 la fois sur 32 bits et 64 bits.<\/li>\n<\/ul>\n","protected":false},"featured_media":113,"comment_status":"closed","ping_status":"closed","template":"","meta":[],"product_cat":[24],"product_tag":[],"jetpack_sharing_enabled":true,"_links":{"self":[{"href":"https:\/\/licensi.fr\/index.php\/wp-json\/wp\/v2\/product\/87"}],"collection":[{"href":"https:\/\/licensi.fr\/index.php\/wp-json\/wp\/v2\/product"}],"about":[{"href":"https:\/\/licensi.fr\/index.php\/wp-json\/wp\/v2\/types\/product"}],"replies":[{"embeddable":true,"href":"https:\/\/licensi.fr\/index.php\/wp-json\/wp\/v2\/comments?post=87"}],"wp:featuredmedia":[{"embeddable":true,"href":"https:\/\/licensi.fr\/index.php\/wp-json\/wp\/v2\/media\/113"}],"wp:attachment":[{"href":"https:\/\/licensi.fr\/index.php\/wp-json\/wp\/v2\/media?parent=87"}],"wp:term":[{"taxonomy":"product_cat","embeddable":true,"href":"https:\/\/licensi.fr\/index.php\/wp-json\/wp\/v2\/product_cat?post=87"},{"taxonomy":"product_tag","embeddable":true,"href":"https:\/\/licensi.fr\/index.php\/wp-json\/wp\/v2\/product_tag?post=87"}],"curies":[{"name":"wp","href":"https:\/\/api.w.org\/{rel}","templated":true}]}}