{"id":86,"date":"2023-11-12T13:09:17","date_gmt":"2023-11-12T13:09:17","guid":{"rendered":"https:\/\/licensi.fr\/?post_type=product&#038;p=86"},"modified":"2023-12-02T00:21:46","modified_gmt":"2023-12-01T22:21:46","slug":"pack-windows-10-pro-office-pro-plus-2019","status":"publish","type":"product","link":"https:\/\/licensi.fr\/index.php\/product\/pack-windows-10-pro-office-pro-plus-2019\/","title":{"rendered":"Pack Windows 10 Pro + Office Pro Plus 2019"},"content":{"rendered":"<div class=\"elementor-element elementor-element-44cc4b9 elementor-widget elementor-widget-wd_infobox\" data-id=\"44cc4b9\" data-element_type=\"widget\" data-widget_type=\"wd_infobox.default\">\n<div class=\"elementor-widget-container\">\n<div class=\"info-box-wrapper\">\n<div class=\"wd-info-box text-left box-icon-align-top box-style-base color-scheme-\">\n<div class=\"info-box-content\">\n<h2 class=\"info-box-title title box-title-style-default wd-fontsize-s\" data-elementor-setting-key=\"title\">\u00c0 PROPOS DE WINDOWS 10 PRO<\/h2>\n<div class=\"info-box-inner set-cont-mb-s reset-last-child\" data-elementor-setting-key=\"content\"><strong>1. Interface tr\u00e8s conviviale<\/strong><br \/>\nTrouvez rapidement tout ce dont vous avez besoin \u00e0 l&#8217;aide de la touche de logo Windows.<br \/>\nAvec les gestes du pav\u00e9 tactile, vous pouvez voir toutes les fen\u00eatres ouvertes en une seule fois.<br \/>\nDans l&#8217;explorateur, utilisez la fonction d&#8217;acc\u00e8s rapide pour parcourir les fichiers r\u00e9cents.<br \/>\nUtilisez le Centre d&#8217;action pour modifier vos param\u00e8tres favoris<br \/>\n<strong>2. Conception personnalisable<\/strong><br \/>\nAllumez la veilleuse pour prot\u00e9ger vos yeux.<br \/>\nChoisissez les notifications que vous souhaitez recevoir.<br \/>\nAjoutez un th\u00e8me sp\u00e9cial ou une image en arri\u00e8re-plan.<br \/>\n<strong>\u00a03. S\u00e9curit\u00e9 et confidentialit\u00e9 accrues<\/strong><br \/>\nVous pouvez toujours mettre \u00e0 jour vos informations personnelles, y compris votre mot de passe.<br \/>\nAfficher l&#8217;emplacement, l&#8217;historique de navigation et l&#8217;activit\u00e9 de navigation sur Internet.<\/div>\n<\/div>\n<\/div>\n<\/div>\n<\/div>\n<\/div>\n<div class=\"elementor-element elementor-element-1152629 elementor-widget elementor-widget-wd_infobox\" data-id=\"1152629\" data-element_type=\"widget\" data-widget_type=\"wd_infobox.default\">\n<div class=\"elementor-widget-container\">\n<div class=\"info-box-wrapper\">\n<div class=\"wd-info-box text-left box-icon-align-top box-style-base color-scheme-\">\n<div class=\"info-box-content\">\n<h2 class=\"info-box-title title box-title-style-default wd-fontsize-s\" data-elementor-setting-key=\"title\">EXIGENCES POUR L&#8217;APPAREIL<\/h2>\n<div class=\"info-box-inner set-cont-mb-s reset-last-child\" data-elementor-setting-key=\"content\">Processeur : Processeur 1 GHz (ou plus rapide) ou syst\u00e8me SoC<br \/>\nRAM : 1 Go pour 32 bits ou 2 Go pour 64 bits<br \/>\nEspace disque : 16 Go pour le syst\u00e8me d&#8217;exploitation 32 bits ou 32 Go pour le syst\u00e8me d&#8217;exploitation 64 bits<br \/>\nCarte graphique : DirectX 9 ou version ult\u00e9rieure avec pilote WDDM 1.0<br \/>\nR\u00e9solution : 800 x 600<br \/>\nConnectivit\u00e9 requise : connexion Internet<\/div>\n<\/div>\n<\/div>\n<\/div>\n<\/div>\n<\/div>\n<div class=\"elementor-element elementor-element-cbcebf3 elementor-widget elementor-widget-wd_infobox\" data-id=\"cbcebf3\" data-element_type=\"widget\" data-widget_type=\"wd_infobox.default\">\n<div class=\"elementor-widget-container\">\n<div class=\"info-box-wrapper\">\n<div class=\"wd-info-box text-left box-icon-align-top box-style-base color-scheme-\">\n<div class=\"info-box-content\">\n<h2 class=\"info-box-title title box-title-style-default wd-fontsize-s\" data-elementor-setting-key=\"title\">\u00c0 PROPOS D&#8217;OFFICE 2019 PRO<\/h2>\n<div class=\"info-box-inner set-cont-mb-s reset-last-child\" data-elementor-setting-key=\"content\">\n<ol>\n<li>L&#8217;\u00e9dition de documents n&#8217;a jamais \u00e9t\u00e9 aussi simple avec Microsoft Office Word 2019. Des lettres aux documents officiels en passant par les essais, avec Word, vous pouvez r\u00e9diger rapidement tout type de document.<\/li>\n<li>L&#8217;outil parfait pour les rapports math\u00e9matiques, les tableaux et les statistiques, Microsoft Office Excel 2019 vous permet de calculer rapidement et automatiquement les formules dont vous avez besoin<\/li>\n<li>Pour des pr\u00e9sentations spectaculaires au bureau, \u00e0 l&#8217;\u00e9cole ou \u00e0 la maison, Microsoft Office PowerPoint 2019 peut vous aider. Livr\u00e9 avec de nouveaux m\u00e9tiers anim\u00e9s et une compatibilit\u00e9 avec le stylet Bluetooth.<\/li>\n<li>Gardez une trace de votre calendrier, de votre liste de priorit\u00e9s et de vos e-mails avec Microsoft Office Outlook 2019. G\u00e9rez facilement votre liste de contacts \u00e0 l&#8217;aide des fonctionnalit\u00e9s d&#8217;Outlook.<\/li>\n<li>L&#8217;application de gestion de base de donn\u00e9es dont vous avez besoin est Microsoft Office Access 2019. La nouvelle version vous permet de cr\u00e9er des rapports et de les int\u00e9grer \u00e0 plusieurs types de bases de donn\u00e9es.<\/li>\n<\/ol>\n<\/div>\n<\/div>\n<\/div>\n<\/div>\n<\/div>\n<\/div>\n<div class=\"elementor-element elementor-element-6bb4ed2 elementor-widget elementor-widget-wd_infobox\" data-id=\"6bb4ed2\" data-element_type=\"widget\" data-widget_type=\"wd_infobox.default\">\n<div class=\"elementor-widget-container\">\n<div class=\"info-box-wrapper\">\n<div class=\"wd-info-box text-left box-icon-align-top box-style-base color-scheme-\">\n<div class=\"info-box-content\">\n<p>&nbsp;<\/p>\n<h2 class=\"info-box-title title box-title-style-default wd-fontsize-s\" data-elementor-setting-key=\"title\">EXIGENCES POUR L&#8217;APPAREIL<\/h2>\n<h4 class=\"info-box-title title box-title-style-default wd-fontsize-s\" data-elementor-setting-key=\"title\">Compte microsoft<br \/>\nSyst\u00e8me d&#8217;exploitation : Windows 10<br \/>\nProcesseur : processeur 1,6 GHz<br \/>\nRAM : 2 Go pour 32 bits ou 4 Go pour 64 bits<br \/>\nEspace disque dur : 4 Go<br \/>\nR\u00e9solution : 1280 x 768<br \/>\nConnectivit\u00e9 requise : connexion Internet requise pour l&#8217;activation et le t\u00e9l\u00e9chargement, pas pour l&#8217;utilisation<\/h4>\n<\/div>\n<\/div>\n<\/div>\n<\/div>\n<\/div>\n","protected":false},"excerpt":{"rendered":"<ul>\n<li><strong>VALIDITE A VIE \u2714\ufe0f<\/strong><\/li>\n<li>Vous recevrez une licence Windows 10 Pro et une licence Office Pro Plus 2019 lors de l&#8217;achat.<\/li>\n<li>Ces licences sont 100% originales et sont RETAIL.<\/li>\n<li>Ils sont valables \u00e0 vie, ils n&#8217;ont pas de date d&#8217;expiration. Les licences sont au format num\u00e9rique.<\/li>\n<li>Fonctionne pour 1 ordinateur uniquement. (1 PC)<\/li>\n<li>Les licences RETAIL peuvent \u00eatre chang\u00e9es d&#8217;un ordinateur \u00e0 l&#8217;autre contrairement aux licences OEM qui seront li\u00e9es \u00e0 l&#8217;ordinateur sur lequel elles ont \u00e9t\u00e9 activ\u00e9es.<\/li>\n<li>Ces licences fonctionnent \u00e0 la fois sur 32 bits et 64 bits.<\/li>\n<\/ul>\n","protected":false},"featured_media":112,"comment_status":"closed","ping_status":"closed","template":"","meta":[],"product_cat":[24],"product_tag":[],"jetpack_sharing_enabled":true,"_links":{"self":[{"href":"https:\/\/licensi.fr\/index.php\/wp-json\/wp\/v2\/product\/86"}],"collection":[{"href":"https:\/\/licensi.fr\/index.php\/wp-json\/wp\/v2\/product"}],"about":[{"href":"https:\/\/licensi.fr\/index.php\/wp-json\/wp\/v2\/types\/product"}],"replies":[{"embeddable":true,"href":"https:\/\/licensi.fr\/index.php\/wp-json\/wp\/v2\/comments?post=86"}],"wp:featuredmedia":[{"embeddable":true,"href":"https:\/\/licensi.fr\/index.php\/wp-json\/wp\/v2\/media\/112"}],"wp:attachment":[{"href":"https:\/\/licensi.fr\/index.php\/wp-json\/wp\/v2\/media?parent=86"}],"wp:term":[{"taxonomy":"product_cat","embeddable":true,"href":"https:\/\/licensi.fr\/index.php\/wp-json\/wp\/v2\/product_cat?post=86"},{"taxonomy":"product_tag","embeddable":true,"href":"https:\/\/licensi.fr\/index.php\/wp-json\/wp\/v2\/product_tag?post=86"}],"curies":[{"name":"wp","href":"https:\/\/api.w.org\/{rel}","templated":true}]}}