{"id":85,"date":"2023-11-12T13:09:17","date_gmt":"2023-11-12T13:09:17","guid":{"rendered":"https:\/\/licensi.fr\/?post_type=product&#038;p=85"},"modified":"2024-02-21T16:16:45","modified_gmt":"2024-02-21T14:16:45","slug":"licence-project-professional-2021","status":"publish","type":"product","link":"https:\/\/licensi.fr\/index.php\/product\/licence-project-professional-2021\/","title":{"rendered":"Licence Project Professional 2021"},"content":{"rendered":"<div class=\"greyrow\">\n<p><strong>Project Professional 2021<\/strong> &#8211; Am\u00e9liorez la s\u00e9lection des projets et la livraison \u00e0 temps. G\u00e9rez vos projets plus efficacement avec les bons d\u00e9lais, budgets et ressources.R\u00e9duisez l&#8217;inefficacit\u00e9 et le temps de formation avec des outils de programmation automatis\u00e9s, G\u00e9rez efficacement les ressources pour former des \u00e9quipes de projet, Prenez des d\u00e9cisions \u00e9clair\u00e9es avec des rapports int\u00e9gr\u00e9s<\/p>\n<p><strong>Des avantages suppl\u00e9mentaires:<\/strong><\/p>\n<ul>\n<li>Rapports informatifs &#8211; Des rapports int\u00e9gr\u00e9s tels que Burndown et Resource Overview fournissent des informations aux parties prenantes pour de meilleurs r\u00e9sultats.<\/li>\n<li>Feuilles de temps &#8211; Soumettez des feuilles de temps pour enregistrer le temps pass\u00e9 sur le projet et le travail hors projet pour la paie, la facturation, etc.<\/li>\n<li>Afficher les relations &#8211; La mise en surbrillance des chemins de t\u00e2ches dans les diagrammes de Gantt vous donne une visibilit\u00e9 sur la relation entre les t\u00e2ches.<\/li>\n<li>Collaboration &#8211; Survolez les noms des \u00e9quipes dans un plan de projet pour voir la pr\u00e9sence en ligne et d\u00e9marrer des conversations ou des appels via Microsoft Teams for Business (licence s\u00e9par\u00e9e).<\/li>\n<\/ul>\n<p><strong>Principales caract\u00e9ristiques:<\/strong><\/p>\n<p>&nbsp;<\/p>\n<ul>\n<li style=\"list-style-type: none;\">\n<ul>\n<li>Des mod\u00e8les pr\u00e9d\u00e9finis vous aident \u00e0 d\u00e9marrer sur la bonne voie<\/li>\n<\/ul>\n<\/li>\n<\/ul>\n<ul>\n<li style=\"list-style-type: none;\">\n<ul>\n<li>Synchroniser avec Project Online et Project Server<\/li>\n<\/ul>\n<\/li>\n<\/ul>\n<ul>\n<li style=\"list-style-type: none;\">\n<ul>\n<li>Soumettre des feuilles de temps pour saisir le temps pass\u00e9 sur les projets et les activit\u00e9s hors projet<\/li>\n<\/ul>\n<\/li>\n<\/ul>\n<ul>\n<li style=\"list-style-type: none;\">\n<ul>\n<li>Ex\u00e9cutez des sc\u00e9narios continus pour tirer le meilleur parti de vos t\u00e2ches<\/li>\n<\/ul>\n<\/li>\n<\/ul>\n<ul>\n<li style=\"list-style-type: none;\">\n<ul>\n<li>Remplir automatiquement les dates de d\u00e9but et de fin en fonction des d\u00e9pendances<\/li>\n<\/ul>\n<\/li>\n<\/ul>\n<ul>\n<li style=\"list-style-type: none;\">\n<ul>\n<li>Visualisez des programmes complexes avec plusieurs chronologies int\u00e9gr\u00e9es<\/li>\n<\/ul>\n<\/li>\n<\/ul>\n<ul>\n<li style=\"list-style-type: none;\">\n<ul>\n<li>Licence pour 1 PC<\/li>\n<\/ul>\n<\/li>\n<\/ul>\n<ul>\n<li style=\"list-style-type: none;\">\n<ul>\n<li>Il prend en charge le canal de maintenance \u00e0 long terme (LTSC) et est compatible avec Office LTSC et Office 2021<\/li>\n<\/ul>\n<\/li>\n<\/ul>\n<\/div>\n","protected":false},"excerpt":{"rendered":"<p>&nbsp;<\/p>\n<ul>\n<li><strong>~ VALIDIT\u00c9 \u00c0 VIE <b>\u2713<\/b> ACTIVATION EN LIGNE <b>\u2713<\/b><\/strong><\/li>\n<li>~ Lors de votre achat, vous recevrez \u00e9galement un lien de t\u00e9l\u00e9chargement, \u00e0 partir duquel vous pourrez t\u00e9l\u00e9charger Visio directement \u00e0 partir du site Web officiel de Microsoft, et apr\u00e8s l&#8217;installation, entrez directement la licence fournie par nous.<\/li>\n<li>~ La licence dure toute une vie, n&#8217;expire pas et est automatiquement mise \u00e0 jour.<\/li>\n<li><strong>~ Fonctionne pour 1 ordinateur uniquement. (1 PC)<\/strong><\/li>\n<li><strong>~ La licence est 100% originale, elle s&#8217;active directement depuis le site officiel de Microsoft !<\/strong><img decoding=\"async\" class=\"emoji\" role=\"img\" draggable=\"false\" src=\"https:\/\/s.w.org\/images\/core\/emoji\/13.1.0\/svg\/1f511.svg\" alt=\"????\" \/><\/li>\n<li style=\"list-style-type: none;\"><\/li>\n<\/ul>\n","protected":false},"featured_media":111,"comment_status":"closed","ping_status":"closed","template":"","meta":[],"product_cat":[20,27],"product_tag":[],"jetpack_sharing_enabled":true,"_links":{"self":[{"href":"https:\/\/licensi.fr\/index.php\/wp-json\/wp\/v2\/product\/85"}],"collection":[{"href":"https:\/\/licensi.fr\/index.php\/wp-json\/wp\/v2\/product"}],"about":[{"href":"https:\/\/licensi.fr\/index.php\/wp-json\/wp\/v2\/types\/product"}],"replies":[{"embeddable":true,"href":"https:\/\/licensi.fr\/index.php\/wp-json\/wp\/v2\/comments?post=85"}],"wp:featuredmedia":[{"embeddable":true,"href":"https:\/\/licensi.fr\/index.php\/wp-json\/wp\/v2\/media\/111"}],"wp:attachment":[{"href":"https:\/\/licensi.fr\/index.php\/wp-json\/wp\/v2\/media?parent=85"}],"wp:term":[{"taxonomy":"product_cat","embeddable":true,"href":"https:\/\/licensi.fr\/index.php\/wp-json\/wp\/v2\/product_cat?post=85"},{"taxonomy":"product_tag","embeddable":true,"href":"https:\/\/licensi.fr\/index.php\/wp-json\/wp\/v2\/product_tag?post=85"}],"curies":[{"name":"wp","href":"https:\/\/api.w.org\/{rel}","templated":true}]}}