{"id":83,"date":"2023-11-12T13:09:16","date_gmt":"2023-11-12T13:09:16","guid":{"rendered":"https:\/\/licensi.fr\/?post_type=product&#038;p=83"},"modified":"2024-02-21T16:16:50","modified_gmt":"2024-02-21T14:16:50","slug":"licence-visual-studio-enterprise-2019","status":"publish","type":"product","link":"https:\/\/licensi.fr\/index.php\/product\/licence-visual-studio-enterprise-2019\/","title":{"rendered":"Licence Visual Studio Enterprise 2019"},"content":{"rendered":"<p><strong>Comment activer :<\/strong><\/p>\n<p>Cliquez sur le<strong> <a href=\"https:\/\/visualstudio.microsoft.com\/vs\/older-downloads\/\">lien<\/a><\/strong>, faites d\u00e9filer vers le bas et s\u00e9lectionnez &#8220;<strong>2019<\/strong>&#8220;, puis cliquez sur &#8220;<strong>T\u00e9l\u00e9charger<\/strong>&#8221;<br \/>\nConnectez-vous avec votre compte<br \/>\nEnsuite, allez dans &#8220;<strong>t\u00e9l\u00e9chargements<\/strong>&#8221; et t\u00e9l\u00e9chargez le produit \u00e0 partir de l\u00e0<br \/>\nApr\u00e8s avoir t\u00e9l\u00e9charg\u00e9 et ex\u00e9cut\u00e9 le programme, allez dans &#8220;<strong>Aide<\/strong>&#8221; et appuyez sur &#8220;<strong>Enregistrer le produit<\/strong>&#8221;<br \/>\nCliquez sur &#8220;<strong>D\u00e9verrouiller avec la cl\u00e9 de produit<\/strong>&#8221; et entrez la cl\u00e9 fournie<br \/>\nUne solution int\u00e9gr\u00e9e de bout en bout pour les \u00e9quipes de toutes tailles ayant des besoins exigeants en mati\u00e8re de qualit\u00e9 et d&#8217;\u00e9chelle.<\/p>\n<p><strong>Tirez parti d&#8217;outils et de services complets pour concevoir, cr\u00e9er et d\u00e9ployer des applications d&#8217;entreprise complexes.<\/strong><\/p>\n<p>Avec l&#8217;environnement de d\u00e9veloppement <strong>Visual Studio 2019 Enterprise<\/strong>, des applications m\u00e9tier complexes peuvent \u00eatre mises \u00e0 disposition. La version Enterprise de la solution de bout en bout est particuli\u00e8rement adapt\u00e9e aux grandes entreprises ainsi qu&#8217;aux \u00e9quipes de programmation. Il vous s\u00e9duira par sa large s\u00e9lection d&#8217;outils pour concevoir et tester des programmes. Visual Studio peut \u00e9galement \u00eatre associ\u00e9 \u00e0 divers services et abonnements, afin que chaque entreprise puisse cr\u00e9er l&#8217;environnement de d\u00e9veloppement dont elle a besoin. Acheter Visual Studio 2019 Enterprise, c&#8217;est choisir une solution int\u00e9gr\u00e9e capable de r\u00e9pondre \u00e0 des attentes de haute qualit\u00e9 et d&#8217;\u00e9volutivit\u00e9.<\/p>\n<p><strong>D\u00c9VELOPPER ET TESTER DES APPLICATIONS ADAPT\u00c9ES \u00c0 TOUS LES DISPOSITIFS<\/strong><br \/>\nL&#8217;achat de <strong>Visual Studio 2019 Enterprise<\/strong> signifie que vous obtenez \u00e9galement Visual Studio pour Mac, vous permettant de cr\u00e9er rapidement et facilement des applications Web et des logiciels pour les appareils mobiles. Un environnement de d\u00e9veloppement tel que Visual Studio 2019 Enterprise aide les d\u00e9veloppeurs \u00e0 consacrer plus de temps au codage et moins de temps au d\u00e9pannage. Le programme contient une suite de tests de code de composant et permet aux tests d&#8217;\u00eatre effectu\u00e9s automatiquement lorsque vous tapez du code. Les r\u00e9sultats des tests peuvent \u00eatre visualis\u00e9s en temps r\u00e9el. De cette fa\u00e7on, vous pouvez vous assurer que le code est compatible avec les r\u00e8gles de d\u00e9pendance architecturale.<\/p>\n<p><strong>Visual Studio Enterprise<\/strong> peut fournir une gamme compl\u00e8te d&#8217;outils DevOps selon les besoins, qui peuvent inclure une canalisation CI\/CD automatique, par exemple. Gr\u00e2ce \u00e0 la planification intelligente des tests logiciels, vous pouvez comprendre la cause premi\u00e8re des probl\u00e8mes plus rapidement et plus facilement, et corriger les erreurs plus rapidement. A cet effet, des tests manuels et exploratoires peuvent \u00eatre r\u00e9alis\u00e9s de mani\u00e8re cibl\u00e9e. L&#8217;int\u00e9gration facile des tests de capacit\u00e9 dans le processus de d\u00e9veloppement est \u00e9galement utile, permettant \u00e0 un nombre illimit\u00e9 d&#8217;utilisateurs virtuels d&#8217;appara\u00eetre. Des outils de d\u00e9pannage et de diagnostic am\u00e9lior\u00e9s vous permettent d&#8217;identifier les erreurs dans les applications de bureau, Web, cloud et mobiles en cours de d\u00e9veloppement. Un point important est IntelliTrace, un outil de d\u00e9pannage historique, qui accompagne les \u00e9quipes en cas de probl\u00e8mes qui seraient autrement difficilement reproductibles. Code Map permet \u00e9galement le d\u00e9bogage visuel des applications, avec lequel les d\u00e9pendances pour les tr\u00e8s grandes bases de code peuvent \u00e9galement devenir intelligibles.<\/p>\n<p><strong>PROGRAMMATION HAUTEMENT PRODUCTIVE AVEC UN LOGICIEL MODERNE<\/strong><br \/>\nLors du d\u00e9veloppement de <strong>Visual Studio 2019<\/strong>, la soci\u00e9t\u00e9 de fabrication am\u00e9ricaine a attach\u00e9 de l&#8217;importance \u00e0 la cr\u00e9ation d&#8217;un produit rapide et fiable pouvant \u00eatre utilis\u00e9 tr\u00e8s facilement. Pour cette raison, de nombreuses fonctionnalit\u00e9s populaires ont \u00e9t\u00e9 adopt\u00e9es et test\u00e9es dans Visual Studio 2017. Cependant, les utilisateurs peuvent s&#8217;attendre \u00e0 plus de possibilit\u00e9s et \u00e0 des fonctionnalit\u00e9s encore plus stables. Le refactoring et la navigation ont \u00e9t\u00e9 am\u00e9lior\u00e9s, par exemple. Le d\u00e9panneur a \u00e9galement \u00e9t\u00e9 mis \u00e0 jour. Visual Studio 2019 signifie des t\u00e9l\u00e9chargements et des solutions rapides. De plus, les utilisateurs de logiciels de d\u00e9veloppement b\u00e9n\u00e9ficieront de possibilit\u00e9s accrues de travail d&#8217;\u00e9quipe. La fonction Live Share, par exemple, facilite une coop\u00e9ration r\u00e9ussie en temps r\u00e9el avec plusieurs programmeurs. De plus, les assistants num\u00e9riques sont pratiques pour les d\u00e9veloppeurs individuels et les \u00e9quipes. Une partie importante de cette fonctionnalit\u00e9 est IntelliCode. Cela fait des suggestions ind\u00e9pendantes et productives pour am\u00e9liorer le code qui a \u00e9t\u00e9 \u00e9crit.<\/p>\n","protected":false},"excerpt":{"rendered":"<p>&nbsp;<\/p>\n<ul>\n<li><strong>~ VALIDIT\u00c9 \u00c0 VIE \u2713 ACTIVATION EN LIGNE \u2713<\/strong><\/li>\n<li>~ Lors de l&#8217;achat, vous recevrez \u00e9galement un lien de t\u00e9l\u00e9chargement, o\u00f9 vous pourrez t\u00e9l\u00e9charger Visual Studio directement \u00e0 partir du site Web officiel de Microsoft, et apr\u00e8s l&#8217;installation, entrez directement la licence fournie par nous.<\/li>\n<li>~ La licence dure toute une vie, n&#8217;expire pas et est automatiquement mise \u00e0 jour.<\/li>\n<li><strong>~ Fonctionne pour 1 ordinateur uniquement. (1 PC)<\/strong><\/li>\n<li><strong>~ La licence est 100% originale, elle s&#8217;active directement depuis le site officiel de Microsoft !<\/strong><img decoding=\"async\" class=\"emoji\" role=\"img\" draggable=\"false\" src=\"https:\/\/s.w.org\/images\/core\/emoji\/13.1.0\/svg\/1f511.svg\" alt=\"????\" \/><\/li>\n<\/ul>\n","protected":false},"featured_media":109,"comment_status":"closed","ping_status":"closed","template":"","meta":[],"product_cat":[20],"product_tag":[],"jetpack_sharing_enabled":true,"_links":{"self":[{"href":"https:\/\/licensi.fr\/index.php\/wp-json\/wp\/v2\/product\/83"}],"collection":[{"href":"https:\/\/licensi.fr\/index.php\/wp-json\/wp\/v2\/product"}],"about":[{"href":"https:\/\/licensi.fr\/index.php\/wp-json\/wp\/v2\/types\/product"}],"replies":[{"embeddable":true,"href":"https:\/\/licensi.fr\/index.php\/wp-json\/wp\/v2\/comments?post=83"}],"wp:featuredmedia":[{"embeddable":true,"href":"https:\/\/licensi.fr\/index.php\/wp-json\/wp\/v2\/media\/109"}],"wp:attachment":[{"href":"https:\/\/licensi.fr\/index.php\/wp-json\/wp\/v2\/media?parent=83"}],"wp:term":[{"taxonomy":"product_cat","embeddable":true,"href":"https:\/\/licensi.fr\/index.php\/wp-json\/wp\/v2\/product_cat?post=83"},{"taxonomy":"product_tag","embeddable":true,"href":"https:\/\/licensi.fr\/index.php\/wp-json\/wp\/v2\/product_tag?post=83"}],"curies":[{"name":"wp","href":"https:\/\/api.w.org\/{rel}","templated":true}]}}