{"id":82,"date":"2023-11-12T13:09:16","date_gmt":"2023-11-12T13:09:16","guid":{"rendered":"https:\/\/licensi.fr\/?post_type=product&#038;p=82"},"modified":"2024-02-21T16:16:49","modified_gmt":"2024-02-21T14:16:49","slug":"licence-visual-studio-enterprise-2017","status":"publish","type":"product","link":"https:\/\/licensi.fr\/index.php\/product\/licence-visual-studio-enterprise-2017\/","title":{"rendered":"Licence Visual Studio Enterprise 2017"},"content":{"rendered":"<p><strong>Comment activer :<\/strong><\/p>\n<p>Cliquez sur le <a href=\"https:\/\/visualstudio.microsoft.com\/vs\/older-downloads\/\"><strong>lien<\/strong><\/a>, faites d\u00e9filer vers le bas et s\u00e9lectionnez &#8220;<strong>2017<\/strong>&#8220;, puis cliquez sur &#8220;<strong>T\u00e9l\u00e9charger<\/strong>&#8221;<br \/>\nConnectez-vous avec votre compte<br \/>\nEnsuite, allez dans &#8220;<strong>t\u00e9l\u00e9chargements<\/strong>&#8221; et t\u00e9l\u00e9chargez le produit \u00e0 partir de l\u00e0<br \/>\nApr\u00e8s avoir t\u00e9l\u00e9charg\u00e9 et ex\u00e9cut\u00e9 le programme, allez dans &#8220;<strong>Aide<\/strong>&#8221; et appuyez sur &#8220;<strong>Enregistrer le produit<\/strong>&#8221;<br \/>\nCliquez sur &#8220;<strong>D\u00e9verrouiller avec la cl\u00e9 de produit<\/strong>&#8221; et entrez la cl\u00e9 fournie<br \/>\nUne solution int\u00e9gr\u00e9e de bout en bout pour les \u00e9quipes de toutes tailles ayant des besoins exigeants en mati\u00e8re de qualit\u00e9 et d&#8217;\u00e9chelle.<\/p>\n<p><strong>Tirez parti d&#8217;outils et de services complets pour concevoir, cr\u00e9er et d\u00e9ployer des applications d&#8217;entreprise complexes.<\/strong><\/p>\n<p>Utilisez<strong> Visual Studio 2017<\/strong> pour d\u00e9velopper des applications pour Android, iOS, Windows, Web et cloud. Codez rapidement, d\u00e9pannez et diagnostiquez facilement, testez souvent et lancez en toute confiance. Vous pouvez \u00e9galement \u00e9tendre et personnaliser Visual Studio en cr\u00e9ant vos propres extensions. Utilisez le contr\u00f4le de version, soyez agile et collaborez efficacement avec cette nouvelle version.<\/p>\n<p><strong>Les caract\u00e9ristiques:<\/strong><\/p>\n<p>Outils et services pour les projets de toute taille ou complexit\u00e9<br \/>\nC#, Visual Basic, F#, C++, Python, Node.js et HTML\/JavaScript<br \/>\nPlanification des sprints<br \/>\nD\u00e9pannage avanc\u00e9, tests et profilage automatiques et manuels<br \/>\nDevOps avec d\u00e9ploiements automatiques et surveillance continue<br \/>\nEncodez en toute confiance. Obtenez de l&#8217;aide l\u00e0 o\u00f9 vous en avez besoin.<\/p>\n<p>Visual Studio vous guide \u00e0 travers une assistance en direct lorsque vous tapez du code, quel que soit le langage que vous utilisez, de C # \/ VB et C ++ \u00e0 JavaScript et Python.<\/p>\n<p>IntelliSense d\u00e9crit les API au fur et \u00e0 mesure que vous tapez et utilise la saisie semi-automatique pour augmenter la vitesse et la pr\u00e9cision. Les info-bulles d&#8217;informations rapides vous permettent d&#8217;inspecter les d\u00e9finitions d&#8217;API, et les lignes ondul\u00e9es vous informent des probl\u00e8mes, les montrant souvent lorsque vous saisissez du texte.<\/p>\n<p>Naviguez en contexte. Ne perdez pas votre place en explorant.<\/p>\n<p>Trouver votre chemin \u00e0 travers une grande base de code peut \u00eatre un d\u00e9fi. Visual Studio vous aide \u00e0 trouver votre chemin plus facilement, sans perdre le contexte du code ou du signet avec lequel vous avez commenc\u00e9, avec des fonctionnalit\u00e9s telles que Peek to definition, Navigate To et Quick Find.<\/p>\n<p>La vue structurelle am\u00e9lior\u00e9e de 10 000 pieds de la barre de d\u00e9filement du fichier de code vous permet d&#8217;identifier rapidement les probl\u00e8mes. Affichez facilement la structure d&#8217;objet de votre code en parcourant les objets en ligne dans l&#8217;Explorateur de solutions et recherchez rapidement des fichiers dans votre solution.<\/p>\n<p>Comprenez votre code. La grande image, exactement o\u00f9 vous \u00eates.<\/p>\n<p>Avec Code Lens, vous n&#8217;avez pas besoin de quitter le code pour comprendre rapidement la structure d&#8217;appel et naviguer vers les fonctions associ\u00e9es. Code Lens va beaucoup plus loin. Vous pouvez savoir qui a modifi\u00e9 une m\u00e9thode en dernier ou si elle a r\u00e9ussi les tests, o\u00f9 que vous soyez dans le code.<\/p>\n<p>Corrigez rapidement les probl\u00e8mes. Entrez dans le vif du sujet et trouvez des solutions.<\/p>\n<p>Les ic\u00f4nes en forme d&#8217;ampoule vous aident \u00e0 identifier et \u00e0 r\u00e9soudre les probl\u00e8mes d&#8217;encodage courants, dans de nombreux cas &#8220;en direct&#8221; lorsque vous saisissez du code et effectuez des actions de code rapides (telles que la refactorisation, le d\u00e9ploiement d&#8217;interface, etc.) directement dans l&#8217;\u00e9diteur.<\/p>\n<p><strong>Quoi de neuf:<\/strong><\/p>\n<p>Visual Studio 2019 Free Community Edition a \u00e9t\u00e9 mis \u00e0 jour vers 16.9.4<\/p>\n<p>Visual Studio 2017 version 15.9.21 publi\u00e9e le 10 mars 2020 :<\/p>\n<p>Correction d&#8217;un bogue o\u00f9 les outils de profilage .NET ne pouvaient pas \u00eatre install\u00e9s sur les versions non professionnelles de Visual Studio 2017 lors de l&#8217;utilisation d&#8217;un programme d&#8217;installation hors ligne.<br \/>\nCorrection d&#8217;une erreur du compilateur C++ dans laquelle un static_cast dans un decltype serait \u00e9valu\u00e9 de mani\u00e8re incorrecte. Pour minimiser les interruptions des bases de code existantes dans VS2017, ce correctif prend effet lorsque le commutateur (nouvellement ajout\u00e9) \/ d1decltypeIdentityConversion est supprim\u00e9.<br \/>\nNouvelles options d&#8217;att\u00e9nuation Spectre dans le compilateur C++ : \/Qspectre-load et \/Qspectre-load-cf pour renforcer la charge sp\u00e9culative.<\/p>\n","protected":false},"excerpt":{"rendered":"<p><strong>~ VALIDIT\u00c9 \u00c0 VIE <b>\u2713<\/b> ACTIVATION EN LIGNE <b>\u2713<\/b><\/strong><\/p>\n<p>~ Lors de l&#8217;achat, vous recevrez \u00e9galement un lien de t\u00e9l\u00e9chargement, o\u00f9 vous pourrez t\u00e9l\u00e9charger Visual Studio directement \u00e0 partir du site Web officiel de Microsoft, et apr\u00e8s l&#8217;installation, entrez directement la licence fournie par nous.<\/p>\n<p><strong>~ La licence dure toute une vie, n&#8217;expire pas et est automatiquement mise \u00e0 jour.<\/strong><\/p>\n<p>~ Fonctionne pour 1 ordinateur uniquement. (1 PC)<\/p>\n<p><strong>~ La licence est 100% originale, elle s&#8217;active directement depuis le site officiel de Microsoft !<img decoding=\"async\" class=\"emoji\" role=\"img\" draggable=\"false\" src=\"https:\/\/s.w.org\/images\/core\/emoji\/13.1.0\/svg\/1f511.svg\" alt=\"????\" \/><\/strong><\/p>\n","protected":false},"featured_media":108,"comment_status":"closed","ping_status":"closed","template":"","meta":[],"product_cat":[20],"product_tag":[],"jetpack_sharing_enabled":true,"_links":{"self":[{"href":"https:\/\/licensi.fr\/index.php\/wp-json\/wp\/v2\/product\/82"}],"collection":[{"href":"https:\/\/licensi.fr\/index.php\/wp-json\/wp\/v2\/product"}],"about":[{"href":"https:\/\/licensi.fr\/index.php\/wp-json\/wp\/v2\/types\/product"}],"replies":[{"embeddable":true,"href":"https:\/\/licensi.fr\/index.php\/wp-json\/wp\/v2\/comments?post=82"}],"wp:featuredmedia":[{"embeddable":true,"href":"https:\/\/licensi.fr\/index.php\/wp-json\/wp\/v2\/media\/108"}],"wp:attachment":[{"href":"https:\/\/licensi.fr\/index.php\/wp-json\/wp\/v2\/media?parent=82"}],"wp:term":[{"taxonomy":"product_cat","embeddable":true,"href":"https:\/\/licensi.fr\/index.php\/wp-json\/wp\/v2\/product_cat?post=82"},{"taxonomy":"product_tag","embeddable":true,"href":"https:\/\/licensi.fr\/index.php\/wp-json\/wp\/v2\/product_tag?post=82"}],"curies":[{"name":"wp","href":"https:\/\/api.w.org\/{rel}","templated":true}]}}