{"id":81,"date":"2023-11-12T13:09:16","date_gmt":"2023-11-12T13:09:16","guid":{"rendered":"https:\/\/licensi.fr\/?post_type=product&#038;p=81"},"modified":"2024-02-21T16:16:48","modified_gmt":"2024-02-21T14:16:48","slug":"licence-office-homebusiness-2021-mac","status":"publish","type":"product","link":"https:\/\/licensi.fr\/index.php\/product\/licence-office-homebusiness-2021-mac\/","title":{"rendered":"Licence Office Home&#038;Business 2021 &#8211; MAC"},"content":{"rendered":"<p>Microsoft\u00ae Office Home&amp;Business 2021, Fran\u00e7ais, 1 utilisateur, vente au d\u00e9tail<\/p>\n<figure class=\"image\"><img decoding=\"async\" class=\" lazy\" src=\"https:\/\/s13emagst.akamaized.net\/\/products\/41200\/41199080\/media\/res_ded0c936eb435a376419d603b6e8457b.png\" alt=\"\" width=\"\" height=\"\" align=\"\" data-src=\"https:\/\/s13emagst.akamaized.net\/\/products\/41200\/41199080\/media\/res_ded0c936eb435a376419d603b6e8457b.png\" data-loaded=\"true\" \/><\/figure>\n<p><strong>Avantages cl\u00e9s<\/strong><\/p>\n<p>Les choses essentielles pour tout r\u00e9soudre. Office pour petites entreprises 2021 est destin\u00e9 aux familles et aux petites entreprises \u00e0 la recherche d&#8217;applications de messagerie et d&#8217;Office classiques. Il comprend Word, Excel, PowerPoint et Outlook pour Windows 11 et Windows 10. Un seul achat, install\u00e9 sur Mac pour un usage domestique ou professionnel.<\/p>\n<figure class=\"image\"><img decoding=\"async\" class=\" lazy\" src=\"https:\/\/s13emagst.akamaized.net\/\/products\/41200\/41199080\/media\/res_130aad90cf76b2fe5d8733654de46a00.png\" alt=\"\" width=\"\" height=\"\" align=\"\" data-src=\"https:\/\/s13emagst.akamaized.net\/\/products\/41200\/41199080\/media\/res_130aad90cf76b2fe5d8733654de46a00.png\" data-loaded=\"true\" \/><\/figure>\n<p><strong>Applications classiques pour les petites entreprises<\/strong><\/p>\n<figure class=\"image\"><img decoding=\"async\" class=\" lazy\" src=\"https:\/\/s13emagst.akamaized.net\/\/products\/41200\/41199080\/media\/res_71a04f185f61bae9362a625405be7e16.png\" alt=\"\" width=\"\" height=\"\" align=\"\" data-src=\"https:\/\/s13emagst.akamaized.net\/\/products\/41200\/41199080\/media\/res_71a04f185f61bae9362a625405be7e16.png\" data-loaded=\"true\" \/><\/figure>\n<p><strong>Questions principales<\/strong><\/p>\n<p><strong>Quelle est la diff\u00e9rence entre Microsoft 365 et Office 2021 ?<\/strong><\/p>\n<p>Microsoft 365 est un abonnement fourni avec des applications premium telles que Word, Excel, PowerPoint, OneNote, Outlook, Publisher et Access (Publisher et Access ne sont disponibles que sur PC). Les applications peuvent \u00eatre install\u00e9es sur plusieurs appareils, notamment des PC, des Mac, des iPad, des iPhone, des tablettes Android et des t\u00e9l\u00e9phones Android. Microsoft 365 est \u00e9galement livr\u00e9 avec des services tels que 1 To de stockage OneDrive, 60 minutes de Skype par mois et une assistance par chat et t\u00e9l\u00e9phone Microsoft. Avec un abonnement, vous obtenez les derni\u00e8res versions des applications et recevez automatiquement les mises \u00e0 jour d\u00e8s leur sortie.<\/p>\n<p>Office 2021 est un achat unique qui inclut des applications classiques telles que Word, Excel et PowerPoint pour Mac et n&#8217;inclut aucun des services fournis avec un abonnement Microsoft 365. Les achats uniques n&#8217;ont pas d&#8217;option de mise \u00e0 niveau, ce qui signifie que si vous envisagez de passer \u00e0 la prochaine \u00e9dition majeure, vous devrez l&#8217;acheter au prix fort.<\/p>\n<p><strong>Comment savoir si Office peut s&#8217;ex\u00e9cuter sur mon ordinateur, mon appareil mobile ou mon navigateur ?<\/strong><\/p>\n<p>Pour v\u00e9rifier si Office peut s&#8217;ex\u00e9cuter sur votre ordinateur, votre appareil mobile et\/ou votre navigateur, consultez la section des sp\u00e9cifications.<\/p>\n<p><strong>Ai-je besoin d&#8217;un acc\u00e8s Internet pour ex\u00e9cuter Office ?<\/strong><\/p>\n<p>L&#8217;acc\u00e8s \u00e0 Internet est requis pour installer et activer Office, mais pas pour utiliser les applications Office telles que Word, Excel et PowerPoint apr\u00e8s leur installation compl\u00e8te sur votre ordinateur.<\/p>\n<p><strong>Comment t\u00e9l\u00e9charger, installer, r\u00e9installer, activer ou mettre \u00e0 jour Office ?<\/strong><\/p>\n<p>Apr\u00e8s avoir achet\u00e9 Office, vous pouvez l&#8217;installer \u00e0 partir de la section Services et abonnements de la page de votre compte Microsoft.<\/p>\n<p><strong>Existe-t-il des didacticiels sur l&#8217;utilisation des applications et des services Office ?<\/strong><\/p>\n<p>Oui, le Centre de formation Microsoft 365 propose des guides de d\u00e9marrage rapide, des feuilles de r\u00e9f\u00e9rence, des trucs et astuces et une formation sur la fa\u00e7on de tirer le meilleur parti de votre Office.<\/p>\n","protected":false},"excerpt":{"rendered":"<ul>\n<li><strong>VALIDIT\u00c9 : \u00c0 VIE<\/strong><\/li>\n<li>Licence valable sur\u00a0 MAC<\/li>\n<li><strong>La licence est 100% originale, peut \u00eatre t\u00e9l\u00e9charg\u00e9e directement depuis le site officiel de Microsoft apr\u00e8s avoir entr\u00e9 le code fourni par nous.<\/strong><\/li>\n<li>Fonctionne sur un seul appareil.<\/li>\n<li><strong>M\u00e9thode d&#8217;activation : en ligne<\/strong><\/li>\n<\/ul>\n","protected":false},"featured_media":107,"comment_status":"closed","ping_status":"closed","template":"","meta":[],"product_cat":[20],"product_tag":[],"jetpack_sharing_enabled":true,"_links":{"self":[{"href":"https:\/\/licensi.fr\/index.php\/wp-json\/wp\/v2\/product\/81"}],"collection":[{"href":"https:\/\/licensi.fr\/index.php\/wp-json\/wp\/v2\/product"}],"about":[{"href":"https:\/\/licensi.fr\/index.php\/wp-json\/wp\/v2\/types\/product"}],"replies":[{"embeddable":true,"href":"https:\/\/licensi.fr\/index.php\/wp-json\/wp\/v2\/comments?post=81"}],"wp:featuredmedia":[{"embeddable":true,"href":"https:\/\/licensi.fr\/index.php\/wp-json\/wp\/v2\/media\/107"}],"wp:attachment":[{"href":"https:\/\/licensi.fr\/index.php\/wp-json\/wp\/v2\/media?parent=81"}],"wp:term":[{"taxonomy":"product_cat","embeddable":true,"href":"https:\/\/licensi.fr\/index.php\/wp-json\/wp\/v2\/product_cat?post=81"},{"taxonomy":"product_tag","embeddable":true,"href":"https:\/\/licensi.fr\/index.php\/wp-json\/wp\/v2\/product_tag?post=81"}],"curies":[{"name":"wp","href":"https:\/\/api.w.org\/{rel}","templated":true}]}}