{"id":80,"date":"2023-11-12T13:09:16","date_gmt":"2023-11-12T13:09:16","guid":{"rendered":"https:\/\/licensi.fr\/?post_type=product&#038;p=80"},"modified":"2024-02-21T16:16:48","modified_gmt":"2024-02-21T14:16:48","slug":"licence-office-2019-professional-plus-retail","status":"publish","type":"product","link":"https:\/\/licensi.fr\/index.php\/product\/licence-office-2019-professional-plus-retail\/","title":{"rendered":"Licence Office 2019 Professional Plus RETAIL"},"content":{"rendered":"<p id=\"tw-target-text\" class=\"tw-data-text tw-text-large tw-ta\" dir=\"ltr\" data-placeholder=\"Translation\"><strong>Office 2019 Professional Plus<\/strong> est un puissant logiciel de bureau adapt\u00e9 aux entreprises et aux entrepreneurs. Cela vous aidera, vous et votre \u00e9quipe, \u00e0 g\u00e9rer les t\u00e2ches plus facilement et plus efficacement qu&#8217;auparavant. Profitez de fonctionnalit\u00e9s nouvelles et am\u00e9lior\u00e9es, d&#8217;une conception plus intuitive, d&#8217;outils de traduction et d&#8217;\u00e9dition pratiques, d&#8217;une meilleure int\u00e9gration avec les services de gestion des droits Windows pour Windows Server, de la pr\u00e9vention des pertes de donn\u00e9es Exchange, et bien plus encore !<\/p>\n<p>&nbsp;<\/p>\n<hr \/>\n<p><strong>Important :<\/strong> les produits Microsoft Office 2019 ne sont pris en charge que sur Windows 10 et Windows 11<\/p>\n<hr \/>\n<p>Vous n&#8217;avez pas encore <a href=\"https:\/\/online-soft.fr\/product\/licenta-windows-10-pro-32-64-bit-retail-copy\/\">Windows 10<\/a> ? Voir notre offre <a href=\"https:\/\/online-soft.fr\/product\/office-2016\/\">Office 2016<\/a> &#8211; la suite est compatible avec les anciennes versions de Windows.<\/p>\n<div class=\"row\">\n<div class=\"col-sm-2\"><img loading=\"lazy\" decoding=\"async\" class=\"hidden-xs alignleft\" src=\"https:\/\/cdn.forscope.eu\/o\/eu\/Office 2013\/Word.png\" width=\"83\" height=\"81\" \/><\/div>\n<div class=\"col-sm-2\" style=\"padding-left: 120px;\">\n<div id=\"tw-container\" class=\"\" data-cp=\"1\" data-is-ver=\"false\" data-nnttsvi=\"1\" data-sm=\"1\" data-sugg-time=\"500\" data-sugg-url=\"https:\/\/clients1.google.com\/complete\/search\" data-uilc=\"en\">\n<div id=\"tw-ob\" class=\"tw-src-ltr\">\n<div class=\"oSioSc\">\n<div id=\"tw-target\">\n<div id=\"kAz1tf\" class=\"g9WsWb\">\n<div id=\"tw-target-text-container\" class=\"tw-ta-container F0azHf tw-nfl\" tabindex=\"0\">\n<p id=\"tw-target-text\" class=\"tw-data-text tw-text-large tw-ta\" dir=\"ltr\" data-placeholder=\"Translation\"><strong>Word 2019<\/strong> propose une large gamme de nouvelles fonctionnalit\u00e9s, mod\u00e8les et outils pour cr\u00e9er des documents structur\u00e9s et attrayants. Une technologie d&#8217;orthographe et de grammaire am\u00e9lior\u00e9e et un outil Microsoft Translator vous apporteront un excellent support pour votre \u00e9criture, de sorte que vos documents seront toujours tr\u00e8s pr\u00e9sentables, quelle que soit la langue dans laquelle vous tapez. Vous pouvez \u00e9galement cr\u00e9er et modifier des \u00e9quations math\u00e9matiques complexes avec le nouveau LaTeX math fonctionnalit\u00e9 de syntaxe et int\u00e9grez-les de mani\u00e8re transparente dans vos documents\u00a0!<\/p>\n<\/div>\n<\/div>\n<\/div>\n<\/div>\n<\/div>\n<\/div>\n<\/div>\n<\/div>\n<div class=\"row\">\n<div class=\"col-sm-2\"><img loading=\"lazy\" decoding=\"async\" class=\"hidden-xs alignleft\" src=\"https:\/\/cdn.forscope.eu\/o\/eu\/Office 2013\/Excel.png\" width=\"83\" height=\"81\" \/><\/div>\n<div class=\"col-sm-10\" style=\"padding-left: 120px;\">\n<div id=\"tw-container\" class=\"\" data-cp=\"1\" data-is-ver=\"false\" data-nnttsvi=\"1\" data-sm=\"1\" data-sugg-time=\"500\" data-sugg-url=\"https:\/\/clients1.google.com\/complete\/search\" data-uilc=\"en\">\n<div id=\"tw-ob\" class=\"tw-src-ltr\">\n<div class=\"oSioSc\">\n<div id=\"tw-target\">\n<div id=\"kAz1tf\" class=\"g9WsWb\">\n<div id=\"tw-target-text-container\" class=\"tw-ta-container F0azHf tw-nfl\" tabindex=\"0\">\n<p id=\"tw-target-text\" class=\"tw-data-text tw-text-large tw-ta\" dir=\"ltr\" data-placeholder=\"Translation\"><strong>Excel 2019<\/strong> vous aide \u00e0 g\u00e9rer facilement diff\u00e9rents types et quantit\u00e9s de donn\u00e9es. Cr\u00e9ez des feuilles de calcul \u00e0 partir de mod\u00e8les et utilisez l&#8217;application pour transformer vos donn\u00e9es en documents attrayants. Excel 2019 inclut de nouvelles fonctionnalit\u00e9s attrayantes telles que : une carte pour comparer les valeurs et afficher les cat\u00e9gories \u00e0 travers la r\u00e9gion g\u00e9ographique, des graphiques vectoriels \u00e9volutifs, des graphiques en entonnoir pour afficher les valeurs \u00e0 plusieurs \u00e9tapes d&#8217;un processus, des \u00e9quations d&#8217;encre pour inclure des \u00e9quations math\u00e9matiques complexes et plus encore !<\/p>\n<\/div>\n<\/div>\n<\/div>\n<\/div>\n<\/div>\n<\/div>\n<p>&nbsp;<\/p>\n<\/div>\n<\/div>\n<div class=\"row\">\n<div class=\"col-sm-2\"><img loading=\"lazy\" decoding=\"async\" class=\"hidden-xs alignleft\" src=\"https:\/\/cdn.forscope.eu\/o\/eu\/Office 2013\/PowerPoint.png\" width=\"83\" height=\"81\" \/><\/div>\n<div class=\"col-sm-10\" style=\"padding-left: 120px;\">\n<div id=\"tw-container\" class=\"\" data-cp=\"1\" data-is-ver=\"false\" data-nnttsvi=\"1\" data-sm=\"1\" data-sugg-time=\"500\" data-sugg-url=\"https:\/\/clients1.google.com\/complete\/search\" data-uilc=\"en\">\n<div id=\"tw-ob\" class=\"tw-src-ltr\">\n<div class=\"oSioSc\">\n<div id=\"tw-target\">\n<div id=\"kAz1tf\" class=\"g9WsWb\">\n<div id=\"tw-target-text-container\" class=\"tw-ta-container F0azHf tw-nfl\" tabindex=\"0\">\n<p id=\"tw-target-text\" class=\"tw-data-text tw-text-large tw-ta\" dir=\"ltr\" data-placeholder=\"Translation\">Utilisez <strong>PowerPoint 2019<\/strong> pour pr\u00e9senter vos photos, id\u00e9es commerciales, plans ou rapports de mani\u00e8re professionnelle et tr\u00e8s attrayante. Am\u00e9liorez votre histoire et vos id\u00e9es avec un design magnifique, une animation riche, PowerPoint Morph, un mouvement cin\u00e9matographique ou des mod\u00e8les et ic\u00f4nes 3D qui impressionneront \u00e0 la fois vos amis et vos partenaires commerciaux. De plus, la nouvelle fonctionnalit\u00e9 de zoom PowerPoint introduit une narration non lin\u00e9aire &#8211; vous pouvez d\u00e9sormais cr\u00e9er des diapositives r\u00e9capitulatives interactives qui donneront \u00e0 vos pr\u00e9sentations un aspect frais et moderne\u00a0!<\/p>\n<\/div>\n<\/div>\n<\/div>\n<\/div>\n<\/div>\n<\/div>\n<\/div>\n<\/div>\n<div class=\"row\">\n<div class=\"col-sm-2\"><img loading=\"lazy\" decoding=\"async\" class=\"hidden-xs alignleft\" src=\"https:\/\/cdn.forscope.eu\/o\/eu\/Office 2013\/Publisher.png\" width=\"83\" height=\"83\" \/><\/div>\n<div class=\"col-sm-10\" style=\"padding-left: 120px;\">\n<div id=\"tw-container\" class=\"\" data-cp=\"1\" data-is-ver=\"false\" data-nnttsvi=\"1\" data-sm=\"1\" data-sugg-time=\"500\" data-sugg-url=\"https:\/\/clients1.google.com\/complete\/search\" data-uilc=\"en\">\n<div id=\"tw-ob\" class=\"tw-src-ltr\">\n<div class=\"oSioSc\">\n<div id=\"tw-target\">\n<div id=\"kAz1tf\" class=\"g9WsWb\">\n<div id=\"tw-target-text-container\" class=\"tw-ta-container F0azHf tw-nfl\" tabindex=\"0\">\n<p id=\"tw-target-text\" class=\"tw-data-text tw-text-large tw-ta\" dir=\"ltr\" data-placeholder=\"Translation\"><strong>Publisher 2019<\/strong> vous aide \u00e0 cr\u00e9er, personnaliser et distribuer facilement une large gamme de publications de qualit\u00e9 professionnelle. Qu&#8217;il s&#8217;agisse de documents de marketing ou de vente imprim\u00e9s, de publications pour votre site Web ou de bulletins d&#8217;information, Publisher vous aidera \u00e0 obtenir les meilleurs r\u00e9sultats en un rien de temps.<\/p>\n<\/div>\n<\/div>\n<\/div>\n<\/div>\n<\/div>\n<p dir=\"ltr\" data-placeholder=\"Translation\"><span style=\"color: #ffffff;\">.<\/span><\/p>\n<p dir=\"ltr\" data-placeholder=\"Translation\">\n<\/div>\n<\/div>\n<\/div>\n<div class=\"row\">\n<div class=\"col-sm-2\"><img loading=\"lazy\" decoding=\"async\" class=\"hidden-xs alignleft\" src=\"https:\/\/cdn.forscope.eu\/o\/eu\/Office 2013\/Outlook.png\" width=\"83\" height=\"83\" \/><\/div>\n<div class=\"col-sm-10\" style=\"padding-left: 120px;\">\n<div id=\"tw-container\" class=\"\" data-cp=\"1\" data-is-ver=\"false\" data-nnttsvi=\"1\" data-sm=\"1\" data-sugg-time=\"500\" data-sugg-url=\"https:\/\/clients1.google.com\/complete\/search\" data-uilc=\"en\">\n<div id=\"tw-ob\" class=\"tw-src-ltr\">\n<div class=\"oSioSc\">\n<div id=\"tw-target\">\n<div id=\"kAz1tf\" class=\"g9WsWb\">\n<div id=\"tw-target-text-container\" class=\"tw-ta-container F0azHf tw-nfl\" tabindex=\"0\">\n<p id=\"tw-target-text\" class=\"tw-data-text tw-text-large tw-ta\" dir=\"ltr\" data-placeholder=\"Translation\"><strong>Outlook 2019<\/strong> est le meilleur outil de gestion et de suivi des e-mails, contacts, t\u00e2ches et calendriers personnels et de groupe. Il offre \u00e0 la fois de puissantes fonctionnalit\u00e9s traditionnelles et nouvelles qui rendront votre travail encore plus efficace. L&#8217;un des nouveaux ajouts est la fonctionnalit\u00e9 Bo\u00eete de r\u00e9ception cibl\u00e9e qui s\u00e9pare votre bo\u00eete de r\u00e9ception dans l&#8217;onglet Prioritaire, qui comprend les e-mails les plus importants, et l&#8217;onglet Autre, o\u00f9 vous pouvez facilement acc\u00e9der aux messages moins pertinents. Vous pouvez \u00e9galement consulter les r\u00e9ponses des personnes \u00e0 une demande de r\u00e9union, utiliser les commandes &#8220;@&#8221; pour marquer les personnes dans les e-mails, ou choisir une heure qui convient \u00e0 tout le monde et planifier des rendez-vous dans diff\u00e9rentes broches. programme.<\/p>\n<\/div>\n<\/div>\n<\/div>\n<\/div>\n<\/div>\n<\/div>\n<\/div>\n<\/div>\n<div class=\"row\">\n<div class=\"col-sm-2\"><img loading=\"lazy\" decoding=\"async\" class=\"hidden-xs alignleft\" src=\"https:\/\/cdn.forscope.eu\/o\/eu\/Office 2013\/Access.png\" width=\"83\" height=\"83\" \/><\/div>\n<div class=\"col-sm-10\" style=\"padding-left: 120px;\">Cr\u00e9ez une base de donn\u00e9es avec <strong>Access 2019<\/strong> m\u00eame lorsque vous n&#8217;\u00eates pas un expert en bases de donn\u00e9es ou que vous ne savez pas comment \u00e9crire du code ! Ce puissant syst\u00e8me de gestion vous permet de stocker, trier, analyser, r\u00e9sumer et pr\u00e9senter facilement une \u00e9norme quantit\u00e9 de donn\u00e9es. La derni\u00e8re version est livr\u00e9e avec de nombreux outils et fonctionnalit\u00e9s am\u00e9lior\u00e9s. Le type de donn\u00e9es Grand nombre stocke une valeur num\u00e9rique non mon\u00e9taire (qui est compatible avec le type de donn\u00e9es SQL_BIGINT dans ODBC). Gr\u00e2ce \u00e0 ce type de donn\u00e9es, vos grands nombres peuvent \u00eatre calcul\u00e9s beaucoup plus efficacement. Vous pouvez \u00e9galement utiliser de nouveaux graphiques, la prise en charge de dBASE ou la liste des propri\u00e9t\u00e9s.<\/div>\n<\/div>\n<div><\/div>\n<div><\/div>\n<div class=\"row\"><\/div>\n<div class=\"row\">\n<div class=\"col-sm-2\"><img loading=\"lazy\" decoding=\"async\" class=\"hidden-xs alignleft\" src=\"https:\/\/cdn.forscope.eu\/o\/eu\/Office 2013\/Skype.png\" width=\"83\" height=\"83\" \/><\/div>\n<div class=\"col-sm-10\" style=\"padding-left: 120px;\"><strong>Microsoft Skype for Business est un service de communication bien connu qui relie les coll\u00e8gues et leur permet de coop\u00e9rer efficacement de n&#8217;importe o\u00f9. L&#8217;application permet d&#8217;acc\u00e9der \u00e0 la messagerie instantan\u00e9e, aux appels audio et vid\u00e9o, au partage de fichiers ou aux r\u00e9unions et conf\u00e9rences de groupe en ligne. Skype vous fera gagner beaucoup de temps et d&#8217;argent, surtout lorsque les membres de votre \u00e9quipe doivent coop\u00e9rer alors que certains d&#8217;entre eux travaillent en dehors du bureau !<\/strong><br \/>\n<strong>Remarque : Skype Entreprise n\u00e9cessite Skype Entreprise Server ou un abonnement Microsoft 365 Business.<\/strong><\/div>\n<div><\/div>\n<\/div>\n<div class=\"row\">\n<div class=\"col-sm-2\"><img loading=\"lazy\" decoding=\"async\" class=\"hidden-xs alignleft\" src=\"https:\/\/cdn.forscope.eu\/o\/eu\/Office 2013\/OneNote.png\" width=\"83\" height=\"83\" \/><\/div>\n<div class=\"col-sm-10\" style=\"padding-left: 120px;\"><strong>OneNote<\/strong> ne fait pas partie de la suite Office 2019 et a \u00e9t\u00e9 remplac\u00e9 par OneNote pour Windows, qui est inclus avec Windows 10.<\/div>\n<p>&nbsp;<\/p>\n<div class=\"col-sm-10\"><\/div>\n<\/div>\n<p>&nbsp;<\/p>\n<blockquote><p><strong>Important :<\/strong> Il n&#8217;est pas possible d&#8217;installer \u00e0 la fois des versions sous licence et commerciales du logiciel sur le m\u00eame appareil. Cela signifie, par exemple, que vous ne pouvez pas installer Microsoft Office Famille et Petite Entreprise (licence commerciale) et Project Professionnel (licence en volume) sur le m\u00eame ordinateur.<\/p><\/blockquote>\n","protected":false},"excerpt":{"rendered":"<ul>\n<li><strong>VALIDIT\u00c9 \u00c0 VIE \u2714\ufe0f<\/strong><\/li>\n<li>La licence est 100% authentique, activ\u00e9e directement depuis le site officiel de Microsoft (setup.office.com)<\/li>\n<li><strong>Lors de l&#8217;achat, vous recevrez \u00e9galement un lien de t\u00e9l\u00e9chargement, \u00e0 partir duquel vous pourrez t\u00e9l\u00e9charger Office directement \u00e0 partir du site Web officiel de Microsoft, et apr\u00e8s l&#8217;installation, entrez directement la licence fournie par nous.<\/strong><\/li>\n<li>La licence dure toute une vie, n&#8217;expire pas et est automatiquement mise \u00e0 jour.<\/li>\n<li><strong> Fonctionne pour 1 ordinateur uniquement.<\/strong><\/li>\n<li>Fonctionne uniquement pour Windows 10 et Windows 11.<\/li>\n<li><strong>Office 2019 Pro Plus est l&#8217;une des meilleures versions optimis\u00e9es disponibles sur le march\u00e9, avec toutes les fonctionnalit\u00e9s d&#8217;Office 2019 incluses.<\/strong><\/li>\n<\/ul>\n","protected":false},"featured_media":106,"comment_status":"closed","ping_status":"closed","template":"","meta":[],"product_cat":[20],"product_tag":[],"jetpack_sharing_enabled":true,"_links":{"self":[{"href":"https:\/\/licensi.fr\/index.php\/wp-json\/wp\/v2\/product\/80"}],"collection":[{"href":"https:\/\/licensi.fr\/index.php\/wp-json\/wp\/v2\/product"}],"about":[{"href":"https:\/\/licensi.fr\/index.php\/wp-json\/wp\/v2\/types\/product"}],"replies":[{"embeddable":true,"href":"https:\/\/licensi.fr\/index.php\/wp-json\/wp\/v2\/comments?post=80"}],"wp:featuredmedia":[{"embeddable":true,"href":"https:\/\/licensi.fr\/index.php\/wp-json\/wp\/v2\/media\/106"}],"wp:attachment":[{"href":"https:\/\/licensi.fr\/index.php\/wp-json\/wp\/v2\/media?parent=80"}],"wp:term":[{"taxonomy":"product_cat","embeddable":true,"href":"https:\/\/licensi.fr\/index.php\/wp-json\/wp\/v2\/product_cat?post=80"},{"taxonomy":"product_tag","embeddable":true,"href":"https:\/\/licensi.fr\/index.php\/wp-json\/wp\/v2\/product_tag?post=80"}],"curies":[{"name":"wp","href":"https:\/\/api.w.org\/{rel}","templated":true}]}}