{"id":79,"date":"2023-11-12T13:09:16","date_gmt":"2023-11-12T13:09:16","guid":{"rendered":"https:\/\/licensi.fr\/?post_type=product&#038;p=79"},"modified":"2024-02-21T16:21:33","modified_gmt":"2024-02-21T14:21:33","slug":"licence-windows-10-pro-32-64-bit-retail","status":"publish","type":"product","link":"https:\/\/licensi.fr\/index.php\/product\/licence-windows-10-pro-32-64-bit-retail\/","title":{"rendered":"Licence Windows 10 Pro 32\/64 BIT Retail"},"content":{"rendered":"<p>&nbsp;<\/p>\n<table border=\"0\">\n<tbody>\n<tr>\n<td><img decoding=\"async\" class=\"aligncenter\" src=\"https:\/\/lcdn.altex.ro\/media\/wysiwyg\/poze_produse_content\/IT\/Software\/Win-10\/W10.jpg\" alt=\"\" \/><\/td>\n<\/tr>\n<tr>\n<td><strong>Interagissez avec votre appareil comme vous le souhaitez<\/strong><strong>Tactile<\/strong> &#8211; Faites des choses comme \u00e9crire sur une page Web, parcourir des photos et \u00e9pingler des applications.<br \/>\n<strong>Type<\/strong> &#8211; Lorsque vous avez besoin d&#8217;en faire plus, utilisez le clavier ou le clavier tactile sur les appareils tactiles.<br \/>\n<strong>\u00c9crire<\/strong> &#8211; Utilisez un crayon pour dessiner comme vous le faites naturellement, ou ajoutez des notes \u00e0 des fichiers, signez des documents ou jouez avec des applications graphiques.<br \/>\n<strong>Parler<\/strong> &#8211; Discutez avec vos amis et votre famille sur Skype.<\/td>\n<\/tr>\n<\/tbody>\n<\/table>\n<p>&nbsp;<\/p>\n<table class=\" aligncenter\" border=\"0\">\n<tbody>\n<tr>\n<td><strong>Familier et meilleur que jamais<\/strong><\/p>\n<p>Windows 10 est familier et facile \u00e0 utiliser, avec de nombreuses similitudes avec Windows 7, y compris le menu D\u00e9marrer. Il d\u00e9marre et red\u00e9marre rapidement, dispose d&#8217;une s\u00e9curit\u00e9 int\u00e9gr\u00e9e pour vous prot\u00e9ger et est con\u00e7u pour fonctionner avec les logiciels et le mat\u00e9riel dont vous disposez d\u00e9j\u00e0.<\/td>\n<td><img decoding=\"async\" src=\"https:\/\/lcdn.altex.ro\/media\/wysiwyg\/poze_produse_content\/IT\/Software\/Win-10\/W10_1.jpg\" alt=\"\" \/><\/td>\n<\/tr>\n<\/tbody>\n<\/table>\n<p>&nbsp;<\/p>\n<table class=\" aligncenter\" border=\"0\">\n<tbody>\n<tr>\n<td><img decoding=\"async\" src=\"https:\/\/lcdn.altex.ro\/media\/wysiwyg\/poze_produse_content\/IT\/Software\/Win-10\/W10_2.jpg\" alt=\"\" \/><\/td>\n<td><strong>Faites en sorte que le Web fonctionne comme vous.<\/strong><\/p>\n<p>Microsoft Edge vous permet de passer rapidement de la navigation \u00e0 l&#8217;action. \u00c9crivez1 ou tapez des notes directement sur des pages Web et partagez-les avec d&#8217;autres, lisez des articles en ligne sans distractions et enregistrez vos lectures pr\u00e9f\u00e9r\u00e9es pour un acc\u00e8s ult\u00e9rieur.<\/td>\n<\/tr>\n<\/tbody>\n<\/table>\n<p>&nbsp;<\/p>\n<table class=\" aligncenter\" border=\"0\">\n<tbody>\n<tr>\n<td><strong>Faire plusieurs choses \u00e0 la fois vous aide \u00e0 faire avancer les choses plus rapidement<\/strong><\/p>\n<p>Faites avancer les choses plus rapidement en g\u00e9rant votre bureau. Corrigez quatre \u00e9l\u00e9ments \u00e0 l&#8217;\u00e9cran en m\u00eame temps et cr\u00e9ez des bureaux virtuels chaque fois que vous avez besoin de plus d&#8217;espace ou que vous souhaitez regrouper des \u00e9l\u00e9ments par projet, tels que des applications de travail Office et des jeux amusants.<\/td>\n<td><img decoding=\"async\" src=\"https:\/\/lcdn.altex.ro\/media\/wysiwyg\/poze_produse_content\/IT\/Software\/Win-10\/W10_3.jpg\" alt=\"\" \/><\/td>\n<\/tr>\n<\/tbody>\n<\/table>\n<p>&nbsp;<\/p>\n<table class=\" aligncenter\" border=\"0\">\n<tbody>\n<tr>\n<td><img decoding=\"async\" src=\"https:\/\/lcdn.altex.ro\/media\/wysiwyg\/poze_produse_content\/IT\/Software\/Win-10\/W10_4.jpg\" alt=\"\" \/><\/td>\n<td><strong>Le nouveau Windows Store est le seul endroit o\u00f9 vous pouvez trouver vos applications et jeux pr\u00e9f\u00e9r\u00e9s,<\/strong><\/p>\n<p>Pr\u00e9sentation du nouveau Windows Store, une exp\u00e9rience d&#8217;achat unifi\u00e9e sur chaque appareil Windows 10. Parcourez la boutique sur votre PC, tablette ou t\u00e9l\u00e9phone et t\u00e9l\u00e9chargez facilement des applications, des jeux, de la musique, des films et des \u00e9missions de t\u00e9l\u00e9vision.<\/td>\n<\/tr>\n<\/tbody>\n<\/table>\n<p>&nbsp;<\/p>\n<table class=\" aligncenter\" border=\"0\">\n<tbody>\n<tr>\n<td><strong>Excellentes applications int\u00e9gr\u00e9es qui fonctionnent sur vos appareils<\/strong><\/td>\n<\/tr>\n<tr>\n<td><img decoding=\"async\" src=\"https:\/\/lcdn.altex.ro\/media\/wysiwyg\/poze_produse_content\/IT\/Software\/Win-10\/W10_6.jpg\" alt=\"\" \/><\/td>\n<\/tr>\n<tr>\n<td>Windows 10 est livr\u00e9 avec d&#8217;excellentes applications int\u00e9gr\u00e9es, 4 telles que Plans, Photos, E-mail et calendrier, Groove, Films et TV. Toutes ces applications utilisent OneDrive pour sauvegarder vos informations et les synchroniser de mani\u00e8re transparente sur vos appareils Windows 10 afin que vous ne manquiez pas ce dont vous avez besoin.<\/td>\n<\/tr>\n<\/tbody>\n<\/table>\n<p>&nbsp;<\/p>\n<p style=\"text-align: center;\"><iframe loading=\"lazy\" src=\"https:\/\/www.youtube.com\/embed\/OiACjVsxFYk\" width=\"1250\" height=\"500\" frameborder=\"0\" allowfullscreen=\"allowfullscreen\" data-mce-fragment=\"1\"><\/iframe><\/p>\n","protected":false},"excerpt":{"rendered":"<ul>\n<li><strong>PAS DE DATE D&#8217;EXPIRATION \u2714\ufe0f ACTIVATION EN LIGNE \u2714\ufe0f<\/strong><\/li>\n<li>Ces licences sont 100% originales.<\/li>\n<li><strong>La licence est permanente, n&#8217;expire pas et se met \u00e0 jour automatiquement.<\/strong><\/li>\n<li>Les licences sont livr\u00e9es en format num\u00e9rique.<\/li>\n<li><strong>Fonctionne pour un seul ordinateur.<\/strong><\/li>\n<li>Ces licences fonctionnent \u00e0 la fois sur 32-bit et 64-bit.<\/li>\n<li><strong>Fonctionne dans n&#8217;importe quelle r\u00e9gion et langue.<\/strong><\/li>\n<li>Une cl\u00e9 d\u2019activation valable \u00e0 vie pour\u00a0Windows 10\u00a0Pro<\/li>\n<li><strong>Un lien de t\u00e9l\u00e9chargement pour\u00a0Windows 10\u00a0Pro<\/strong><\/li>\n<\/ul>\n<div id=\"gtx-trans\" style=\"position: absolute; left: 32px; top: 158.909px;\">\n<div class=\"gtx-trans-icon\"><\/div>\n<\/div>\n","protected":false},"featured_media":105,"comment_status":"open","ping_status":"closed","template":"","meta":[],"product_cat":[23],"product_tag":[],"jetpack_sharing_enabled":true,"_links":{"self":[{"href":"https:\/\/licensi.fr\/index.php\/wp-json\/wp\/v2\/product\/79"}],"collection":[{"href":"https:\/\/licensi.fr\/index.php\/wp-json\/wp\/v2\/product"}],"about":[{"href":"https:\/\/licensi.fr\/index.php\/wp-json\/wp\/v2\/types\/product"}],"replies":[{"embeddable":true,"href":"https:\/\/licensi.fr\/index.php\/wp-json\/wp\/v2\/comments?post=79"}],"wp:featuredmedia":[{"embeddable":true,"href":"https:\/\/licensi.fr\/index.php\/wp-json\/wp\/v2\/media\/105"}],"wp:attachment":[{"href":"https:\/\/licensi.fr\/index.php\/wp-json\/wp\/v2\/media?parent=79"}],"wp:term":[{"taxonomy":"product_cat","embeddable":true,"href":"https:\/\/licensi.fr\/index.php\/wp-json\/wp\/v2\/product_cat?post=79"},{"taxonomy":"product_tag","embeddable":true,"href":"https:\/\/licensi.fr\/index.php\/wp-json\/wp\/v2\/product_tag?post=79"}],"curies":[{"name":"wp","href":"https:\/\/api.w.org\/{rel}","templated":true}]}}