{"id":78,"date":"2023-11-12T13:09:16","date_gmt":"2023-11-12T13:09:16","guid":{"rendered":"https:\/\/licensi.fr\/?post_type=product&#038;p=78"},"modified":"2024-02-21T16:16:47","modified_gmt":"2024-02-21T14:16:47","slug":"licence-office-home-business-2019-mac","status":"publish","type":"product","link":"https:\/\/licensi.fr\/index.php\/product\/licence-office-home-business-2019-mac\/","title":{"rendered":"Licence Office Home &#038; Business 2019 &#8211; MAC"},"content":{"rendered":"<p>Achetez <strong>Office Home &amp; Business 2019<\/strong> au meilleur prix sur <strong>licenso.fr<\/strong>\u00a0. Commandez maintenant et nous vous enverrons la cl\u00e9 d&#8217;activation du produit Office 2019 directement par e-mail. Il s&#8217;agit d&#8217;une licence unique et la cl\u00e9 d&#8217;activation n&#8217;est valable que pour une installation sur 1 PC.<\/p>\n<table style=\"height: 347px;\" width=\"1329\">\n<tbody>\n<tr>\n<td width=\"40%\"><strong><img loading=\"lazy\" decoding=\"async\" class=\"wp-image-1815 aligncenter\" src=\"https:\/\/online-soft.fr\/wp-content\/uploads\/2021\/11\/Screenshot_40-300x300.png\" alt=\"\" width=\"300\" height=\"300\" \/><\/strong><\/td>\n<td>\n<h3>D\u00e9tails du produit<\/h3>\n<ul>\n<li style=\"list-style-type: none;\">\n<ul>\n<li>Fabricant : Microsoft<\/li>\n<\/ul>\n<\/li>\n<\/ul>\n<ul>\n<li style=\"list-style-type: none;\">\n<ul>\n<li>Lanc\u00e9 le: 24-09-2018<\/li>\n<\/ul>\n<\/li>\n<\/ul>\n<ul>\n<li style=\"list-style-type: none;\">\n<ul>\n<li>Type de programme : Suite Office<\/li>\n<\/ul>\n<\/li>\n<\/ul>\n<ul>\n<li style=\"list-style-type: none;\">\n<ul>\n<li>Format : Licence num\u00e9rique \u00e0 usage unique<\/li>\n<\/ul>\n<\/li>\n<\/ul>\n<ul>\n<li style=\"list-style-type: none;\">\n<ul>\n<li>Compatibilit\u00e9 : 32 bits et 64 bits<\/li>\n<\/ul>\n<\/li>\n<\/ul>\n<ul>\n<li style=\"list-style-type: none;\">\n<ul>\n<li>Langue\u00a0: UE multilingue (il est possible de modifier les param\u00e8tres de langue apr\u00e8s l&#8217;installation\u00a0; des packs de langue suppl\u00e9mentaires sont \u00e9galement disponibles pour \u00eatre t\u00e9l\u00e9charg\u00e9s et install\u00e9s s\u00e9par\u00e9ment)<\/li>\n<\/ul>\n<\/li>\n<\/ul>\n<ul>\n<li style=\"list-style-type: none;\">\n<ul>\n<li>Inclut : Outlook, Word, Excel, PowerPoint, OneNote.<\/li>\n<\/ul>\n<\/li>\n<\/ul>\n<\/td>\n<\/tr>\n<\/tbody>\n<\/table>\n<p><strong>Descriptif &amp; applications<\/strong><\/p>\n<p>Obtenez tout cela avec <strong>Home &amp; Business 2019<\/strong> . Passez au niveau sup\u00e9rieur avec les derni\u00e8res applications Office et les e-mails classifi\u00e9s. Les outils Office 2019 sont livr\u00e9s avec de nouveaux outils d&#8217;encre, des types de donn\u00e9es, des fonctionnalit\u00e9s, des outils de traduction et d&#8217;\u00e9dition, des animations graphiques et des moyens plus innovants de travailler efficacement !<\/p>\n<p>Microsoft Office 2019 est le successeur de Microsoft Office 2016. Microsoft Office 2019 est disponible en versions 32 bits et 64 bits et n&#8217;est compatible qu&#8217;avec la derni\u00e8re version de Windows &#8211; Windows 10 \/ Windows 10S. Office 2019, comme ses pr\u00e9d\u00e9cesseurs, est propos\u00e9 dans une vari\u00e9t\u00e9 de packages, chacun con\u00e7u pour r\u00e9pondre \u00e0 des besoins diff\u00e9rents. Que vous souhaitiez Office pour un usage personnel ou professionnel, Microsoft a le package qu&#8217;il vous faut.<\/p>\n<p>&nbsp;<\/p>\n<table width=\"100%\">\n<tbody>\n<tr>\n<td width=\"40%\"><img decoding=\"async\" draggable=\"false\" src=\"https:\/\/cdn.shopify.com\/s\/files\/1\/2785\/1350\/files\/Office-2019-Outlook-LicenceDeals.com.png?v=1565340806\" alt=\"Microsoft Outlook 2019 LicenceDeals.com\" \/><\/td>\n<td>\n<h4>\u2023 Microsoft Outlook 2019<\/h4>\n<p>Envoyez, recevez et g\u00e9rez plus efficacement les e-mails avec Outlook 2019. Outlook vous donne acc\u00e8s \u00e0 tous vos contacts et adresses e-mail stock\u00e9s, vous permettant de tenir \u00e0 jour les informations de votre partenaire et de vos clients. De plus, l&#8217;application am\u00e9lior\u00e9e vous offre plus de possibilit\u00e9s avec des cartes de contact mises \u00e0 jour, des @mentions, une bo\u00eete de r\u00e9ception cibl\u00e9e, des cartes Ttravel Package, etc. Pour minimiser votre charge de travail, vous pouvez planifier des rendez-vous dans diff\u00e9rents fuseaux horaires, \u00e9couter des e-mails, t\u00e9l\u00e9charger automatiquement des pi\u00e8ces jointes depuis le cloud. , et d\u00e9finissez des rappels contextuels sur les fen\u00eatres sur lesquelles vous travaillez.<\/td>\n<\/tr>\n<\/tbody>\n<\/table>\n<p>&nbsp;<\/p>\n<table width=\"100%\">\n<tbody>\n<tr>\n<td width=\"40%\">\u00a0<img decoding=\"async\" draggable=\"false\" src=\"https:\/\/cdn.shopify.com\/s\/files\/1\/2785\/1350\/files\/Office-2019-Word-LicenceDeals.com_6e0d52bb-0ecc-4c08-b1b9-b364fea9e4ea.png?v=1565341942\" alt=\"Microsoft Word 2019 LicenceDeals.com\" \/><\/td>\n<td>\n<h4>\u2023 Microsoft Word 2019<\/h4>\n<p>Cr\u00e9ez, modifiez et g\u00e9rez de mani\u00e8re professionnelle des documents texte dans Word 2019. Gr\u00e2ce \u00e0 de nouveaux outils facilitant la traduction, la lecture et l&#8217;\u00e9criture, vous pouvez am\u00e9liorer votre capacit\u00e9 \u00e0 communiquer et \u00e0 assimiler les informations. La nouvelle int\u00e9gration SVG, la prise en charge de la syntaxe LaTeX, Microsoft Translator, les outils d&#8217;apprentissage augmentent votre productivit\u00e9. Les documents sont d\u00e9sormais plus faciles \u00e0 trouver et plus pratiques \u00e0 parcourir gr\u00e2ce \u00e0 des fonctionnalit\u00e9s telles que le retournement de livre et la vue c\u00f4te \u00e0 c\u00f4te.<\/td>\n<\/tr>\n<\/tbody>\n<\/table>\n<p>&nbsp;<\/p>\n<table width=\"100%\">\n<tbody>\n<tr>\n<td width=\"40%\">\u00a0<img decoding=\"async\" draggable=\"false\" src=\"https:\/\/cdn.shopify.com\/s\/files\/1\/2785\/1350\/files\/Office-2019-Excel-LicenceDeals.com.png?v=1565342102\" alt=\"Microsoft Excel 2019 LicenceDeals.com\" \/><\/td>\n<td>\n<h4>\u2023\u00a0Microsoft Excel 2019<\/h4>\n<p>Cr\u00e9ez et g\u00e9rez des tableaux et lancez-vous dans une analyse de donn\u00e9es plus puissante avec Excel 2019. Dans cette version, Excel fournit des tableaux de tous types dans les bases de donn\u00e9es comptables et produits. Entre autres choses, de nouvelles fonctionnalit\u00e9s et fonctions impressionnantes, telles que des formules, des cartes, des graphiques, des vues am\u00e9lior\u00e9es, la publication Power BI, de nouveaux th\u00e8mes, une s\u00e9lection de pr\u00e9cision, etc., vous offrent de nouvelles fa\u00e7ons d&#8217;afficher vos donn\u00e9es de mani\u00e8re attrayante. De plus, des visuels am\u00e9lior\u00e9s, des am\u00e9liorations d&#8217;encrage, un partage plus facile et de meilleures fonctionnalit\u00e9s d&#8217;accessibilit\u00e9 vous font gagner du temps tout en profitant d&#8217;un flux de travail familier.<\/td>\n<\/tr>\n<\/tbody>\n<\/table>\n<p>&nbsp;<\/p>\n<table width=\"100%\">\n<tbody>\n<tr>\n<td width=\"40%\">\u00a0<img decoding=\"async\" draggable=\"false\" src=\"https:\/\/cdn.shopify.com\/s\/files\/1\/2785\/1350\/files\/Office-2019-PowerPoint-LicenceDeals.com.png?v=1565342309\" alt=\"Microsoft PowerPoint 2019 LicenceDeals.com\" \/><\/td>\n<td>n<\/p>\n<h4>\u2023\u00a0Microsoft PowerPoint 2019<\/h4>\n<p>Cr\u00e9ez un contenu plus sophistiqu\u00e9 et visuellement attrayant pour capter l&#8217;attention du public avec PowerPoint 2019. La derni\u00e8re version de l&#8217;outil bien connu est am\u00e9lior\u00e9e avec des effets visuels tels que la transition Morph, le surligneur de texte, les capacit\u00e9s de zoom. Il vous permet \u00e9galement de rendre les pr\u00e9sentations plus dynamiques avec des mod\u00e8les 3D, la suppression de l&#8217;arri\u00e8re-plan, l&#8217;exportation 4K, les fonctionnalit\u00e9s d&#8217;enregistrement Ultra-HD, etc.<\/td>\n<\/tr>\n<\/tbody>\n<\/table>\n<p>&nbsp;<\/p>\n<table width=\"100%\">\n<tbody>\n<tr>\n<td width=\"40%\"><img decoding=\"async\" draggable=\"false\" src=\"https:\/\/cdn.shopify.com\/s\/files\/1\/2785\/1350\/files\/Office-2019-OneNote-LicenceDeals.com.png?v=1565340806\" alt=\"Microsoft OneNote 2019 LicenceDeals.com\" \/><\/td>\n<td>\n<h4>\u2023\u00a0Microsoft OneNote<\/h4>\n<p>Votre bloc-notes num\u00e9rique personnel, OneNote, vous permet de taper, d&#8217;\u00e9crire ou de dessiner des notes et de coller des images, du son ou de la vid\u00e9o \u00e0 partir du Web. OneNote est disponible en ligne et se synchronise avec d&#8217;autres appareils. Vous permettant d&#8217;acc\u00e9der, de mettre \u00e0 jour ou de cr\u00e9er de nouvelles notes o\u00f9 que vous soyez. Il n&#8217;y a pas de versions 2019 mises \u00e0 jour, mais OneNote 2016 est disponible pour Office 2019.Caracteristici<\/td>\n<\/tr>\n<\/tbody>\n<\/table>\n<p><strong>\u25baCr\u00e9ez facilement.<\/strong><br \/>\nProduisez des pr\u00e9sentations puissantes, des mod\u00e8les de donn\u00e9es et des rapports d&#8217;outils, ainsi que de nouveaux types de graphiques et d&#8217;insertions am\u00e9lior\u00e9s entre les applications.<\/p>\n<p><strong>\u25ba Simplifiez le travail.<\/strong><br \/>\nG\u00e9rez plus facilement votre temps et vos contacts avec les fonctionnalit\u00e9s Office.<\/p>\n<p><strong>\u25ba Collaboration facile.<\/strong><br \/>\nCr\u00e9ez, partagez et co-cr\u00e9ez des documents dans Word, PowerPoint et OneNote pour une productivit\u00e9 plus rapide que jamais gr\u00e2ce \u00e0 une vari\u00e9t\u00e9 d&#8217;outils de collaboration int\u00e9gr\u00e9s.<\/p>\n<p><strong>\u25ba Ajouter un impact visuel.<\/strong><br \/>\nCr\u00e9ez des documents, des pr\u00e9sentations et des feuilles de calcul plus attrayants gr\u00e2ce \u00e0 l&#8217;int\u00e9gration SVG am\u00e9lior\u00e9e.<\/p>\n<p><strong>\u25ba Brisez la barri\u00e8re de la langue.<\/strong><br \/>\nnUtilisez Microsoft Translator pour traduire rapidement des mots, des phrases et d&#8217;autres s\u00e9lections de texte dans une autre langue.<\/p>\n<p><strong>\u25ba Accessibilit\u00e9 am\u00e9lior\u00e9e.<\/strong><br \/>\nnUtilisez le v\u00e9rificateur d&#8217;accessibilit\u00e9 mis \u00e0 jour et rendez vos documents plus accessibles et \u00e0 jour avec les normes internationales. De plus, vous pouvez louer des effets audio pour les signaux audio pour vous guider pendant que vous travaillez.<\/p>\n","protected":false},"excerpt":{"rendered":"<ul>\n<li><strong>~ VALIDIT\u00c9 : \u00c0 VIE<\/strong> \u2714\ufe0f<\/li>\n<li>~ Licence valable uniquement pour <strong>MAC<\/strong><\/li>\n<li>~ La licence est 100% originale, peut \u00eatre t\u00e9l\u00e9charg\u00e9e directement depuis le site officiel de Microsoft apr\u00e8s avoir entr\u00e9 le code fourni par nous.<\/li>\n<li><strong>~ Fonctionne sur un seul appareil.<\/strong><\/li>\n<li>~ M\u00e9thode d&#8217;activation\u00a0: <strong>en ligne<\/strong><\/li>\n<\/ul>\n","protected":false},"featured_media":104,"comment_status":"closed","ping_status":"closed","template":"","meta":[],"product_cat":[20],"product_tag":[],"jetpack_sharing_enabled":true,"_links":{"self":[{"href":"https:\/\/licensi.fr\/index.php\/wp-json\/wp\/v2\/product\/78"}],"collection":[{"href":"https:\/\/licensi.fr\/index.php\/wp-json\/wp\/v2\/product"}],"about":[{"href":"https:\/\/licensi.fr\/index.php\/wp-json\/wp\/v2\/types\/product"}],"replies":[{"embeddable":true,"href":"https:\/\/licensi.fr\/index.php\/wp-json\/wp\/v2\/comments?post=78"}],"wp:featuredmedia":[{"embeddable":true,"href":"https:\/\/licensi.fr\/index.php\/wp-json\/wp\/v2\/media\/104"}],"wp:attachment":[{"href":"https:\/\/licensi.fr\/index.php\/wp-json\/wp\/v2\/media?parent=78"}],"wp:term":[{"taxonomy":"product_cat","embeddable":true,"href":"https:\/\/licensi.fr\/index.php\/wp-json\/wp\/v2\/product_cat?post=78"},{"taxonomy":"product_tag","embeddable":true,"href":"https:\/\/licensi.fr\/index.php\/wp-json\/wp\/v2\/product_tag?post=78"}],"curies":[{"name":"wp","href":"https:\/\/api.w.org\/{rel}","templated":true}]}}