{"id":77,"date":"2023-11-12T13:09:16","date_gmt":"2023-11-12T13:09:16","guid":{"rendered":"https:\/\/licensi.fr\/?post_type=product&#038;p=77"},"modified":"2024-02-21T16:16:46","modified_gmt":"2024-02-21T14:16:46","slug":"licence-windows-11-home-32-64-bit","status":"publish","type":"product","link":"https:\/\/licensi.fr\/index.php\/product\/licence-windows-11-home-32-64-bit\/","title":{"rendered":"Licence Windows 11 Home 32\/64 bit"},"content":{"rendered":"<p><strong>Pourquoi devriez-vous acheter Windows 11 Home :<\/strong><\/p>\n<ul>\n<li style=\"list-style-type: none;\">\n<ul>\n<li>Vous souhaitez obtenir la derni\u00e8re version majeure de Windows.<\/li>\n<\/ul>\n<\/li>\n<\/ul>\n<ul>\n<li style=\"list-style-type: none;\">\n<ul>\n<li>Profitez de nouveaux designs et options de mise en page.<\/li>\n<\/ul>\n<\/li>\n<\/ul>\n<ul>\n<li style=\"list-style-type: none;\">\n<ul>\n<li>Vous voulez d\u00e9couvrir de nouvelles options de jeux vid\u00e9o.<\/li>\n<\/ul>\n<\/li>\n<\/ul>\n<ul>\n<li style=\"list-style-type: none;\">\n<ul>\n<li>Un nouveau look<\/li>\n<\/ul>\n<\/li>\n<\/ul>\n<p>&nbsp;<\/p>\n<p><strong>Windows 11 Home<\/strong> donnera \u00e0 votre ordinateur un look frais et rafra\u00eechi. Le syst\u00e8me est tr\u00e8s familier avec Windows 10, mais l&#8217;interface repens\u00e9e lui donne une nouvelle approche. Certaines id\u00e9es ont \u00e9t\u00e9 inspir\u00e9es par le syst\u00e8me d&#8217;exploitation Chrome, mais si vous en ressentez le besoin, vous pouvez toujours placer des ic\u00f4nes d&#8217;application en arri\u00e8re-plan. L&#8217;interface a des coins arrondis pour toutes les fen\u00eatres, ainsi qu&#8217;une certaine finesse et coh\u00e9rence pour son apparence.<\/p>\n<p><img decoding=\"async\" src=\"https:\/\/cdn-cf.gamivo.com\/image_original.jpg?f=387220&amp;n=9077631208581922.jpg&amp;h=99d0931a0abdbc3020d8049a85c790a2\" alt=\"\" \/><\/p>\n<h2>Widgets<\/h2>\n<p>D\u00e9couvrez toutes les nouvelles fonctionnalit\u00e9s du panneau Widget. Actualit\u00e9s, m\u00e9t\u00e9o, cotations boursi\u00e8res, r\u00e9sultats sportifs &#8211; ce n&#8217;est qu&#8217;un aper\u00e7u de ce que vous pouvez y trouver. Un widget Divertissement vous montrera les derniers films et \u00e9missions de t\u00e9l\u00e9vision, et un widget Famille vous donnera un acc\u00e8s rapide aux outils de contr\u00f4le parental.<\/p>\n<p><img decoding=\"async\" src=\"https:\/\/cdn-cf.gamivo.com\/image_original.jpg?f=387221&amp;n=417472865273645.jpg&amp;h=18fe6ec03956be4f8caaa834db8422bc\" alt=\"\" \/><\/p>\n<h2>Snap layouts<\/h2>\n<p>Windows 11 vous offre une nouvelle vue des t\u00e2ches, montrant plus de bureaux avec des arri\u00e8re-plans diff\u00e9rents. Les mises en page instantan\u00e9es sont un moyen pratique d&#8217;afficher et d&#8217;organiser les fen\u00eatres sur l&#8217;\u00e9cran avec des espaces plus grands. N&#8217;h\u00e9sitez pas \u00e0 s\u00e9parer vos applications et sites Web professionnels de votre utilisation personnelle. Vous pouvez facilement g\u00e9rer toutes vos t\u00e2ches.<\/p>\n<p><img decoding=\"async\" src=\"https:\/\/cdn-cf.gamivo.com\/image_original.jpg?f=387222&amp;n=3360110814225634.jpg&amp;h=ecc900bc4533c9d39dcf50ffafbfaf99\" alt=\"\" \/><\/p>\n<h2>Windows 11 Home<\/h2>\n<p>Windows 11 Home est une version du syst\u00e8me d&#8217;exploitation d\u00e9di\u00e9e aux utilisateurs individuels. Il offre toutes les fonctionnalit\u00e9s cl\u00e9s, y compris Windows Hello, le d\u00e9marrage s\u00e9curis\u00e9, la s\u00e9curit\u00e9 Windows, les contr\u00f4les parentaux, le cryptage des appareils, etc. Si vous avez besoin de solutions de gestion et de d\u00e9ploiement d&#8217;entreprise, vous serez peut-\u00eatre plus int\u00e9ress\u00e9 par Windows 11 Pro.<\/p>\n<p><img decoding=\"async\" src=\"https:\/\/cdn-cf.gamivo.com\/image_original.jpg?f=387223&amp;n=7731481668582467.jpg&amp;h=57afa77b5d479e773bd877c42493c076\" alt=\"\" \/><\/p>\n<h2>Configuration syst\u00e8me requise pour l&#8217;ordinateur<\/h2>\n<p>&nbsp;<\/p>\n<table border=\"1\">\n<tbody>\n<tr>\n<td><\/td>\n<td>Minimum requirements<\/td>\n<\/tr>\n<tr>\n<td>Processor<\/td>\n<td>1 GHz with two cores on a compatible 64-bit processor or SoC<\/td>\n<\/tr>\n<tr>\n<td>Graphics card<\/td>\n<td>Compatible with DX 12 with a WDDM 2.0 driver<\/td>\n<\/tr>\n<tr>\n<td>RAM<\/td>\n<td>4 GB<\/td>\n<\/tr>\n<tr>\n<td>System firmware<\/td>\n<td>UEFI, Secure Boot capable<\/td>\n<\/tr>\n<tr>\n<td>TPM<\/td>\n<td>2.0<\/td>\n<\/tr>\n<tr>\n<td>Display<\/td>\n<td>720p display, 9\u201d monitor, 8 bits per color channel<\/td>\n<\/tr>\n<tr>\n<td>Drive Space<\/td>\n<td>64 GB<\/td>\n<\/tr>\n<\/tbody>\n<\/table>\n","protected":false},"excerpt":{"rendered":"<ul>\n<li><strong>PAS DE DATE D\u2019EXPIRATION\u00a0\u2714\ufe0f\u00a0ACTIVATION EN LIGNE\u00a0\u2714\ufe0f<\/strong><\/li>\n<li>Ces licences sont 100% originales.<\/li>\n<li><strong>La licence est permanente, n\u2019expire pas et se met \u00e0 jour automatiquement.<\/strong><\/li>\n<li>Les licences sont livr\u00e9es en format num\u00e9rique.<\/li>\n<li><strong>Fonctionne pour un seul ordinateur.<\/strong><\/li>\n<li>Ces licences fonctionnent \u00e0 la fois sur 32-bit et 64-bit.<\/li>\n<li><strong>Fonctionne dans n\u2019importe quelle r\u00e9gion et langue.<\/strong><\/li>\n<li>Une cl\u00e9 d\u2019activation valable \u00e0 vie pour Windows 11 Home<\/li>\n<li><strong>Un lien de t\u00e9l\u00e9chargement pour Windows 11 Home<\/strong><\/li>\n<\/ul>\n<div id=\"gtx-trans\" style=\"position: absolute; left: 419px; top: 158.909px;\">\n<div class=\"gtx-trans-icon\"><\/div>\n<\/div>\n","protected":false},"featured_media":103,"comment_status":"closed","ping_status":"closed","template":"","meta":[],"product_cat":[23],"product_tag":[],"jetpack_sharing_enabled":true,"_links":{"self":[{"href":"https:\/\/licensi.fr\/index.php\/wp-json\/wp\/v2\/product\/77"}],"collection":[{"href":"https:\/\/licensi.fr\/index.php\/wp-json\/wp\/v2\/product"}],"about":[{"href":"https:\/\/licensi.fr\/index.php\/wp-json\/wp\/v2\/types\/product"}],"replies":[{"embeddable":true,"href":"https:\/\/licensi.fr\/index.php\/wp-json\/wp\/v2\/comments?post=77"}],"wp:featuredmedia":[{"embeddable":true,"href":"https:\/\/licensi.fr\/index.php\/wp-json\/wp\/v2\/media\/103"}],"wp:attachment":[{"href":"https:\/\/licensi.fr\/index.php\/wp-json\/wp\/v2\/media?parent=77"}],"wp:term":[{"taxonomy":"product_cat","embeddable":true,"href":"https:\/\/licensi.fr\/index.php\/wp-json\/wp\/v2\/product_cat?post=77"},{"taxonomy":"product_tag","embeddable":true,"href":"https:\/\/licensi.fr\/index.php\/wp-json\/wp\/v2\/product_tag?post=77"}],"curies":[{"name":"wp","href":"https:\/\/api.w.org\/{rel}","templated":true}]}}