{"id":76,"date":"2023-11-12T13:09:16","date_gmt":"2023-11-12T13:09:16","guid":{"rendered":"https:\/\/licensi.fr\/?post_type=product&#038;p=76"},"modified":"2024-02-21T16:16:46","modified_gmt":"2024-02-21T14:16:46","slug":"licence-windows-11-pro-32-64-bit","status":"publish","type":"product","link":"https:\/\/licensi.fr\/index.php\/product\/licence-windows-11-pro-32-64-bit\/","title":{"rendered":"Licence Windows 11 Pro 32\/64 bit"},"content":{"rendered":"<p>Achetez <strong>Windows 11 Professionnel<\/strong> au meilleur prix sur licenso.fr. Commandez maintenant et nous vous enverrons la cl\u00e9 de licence pour activer Windows 11 PRO directement par e-mail. Il s&#8217;agit d&#8217;une licence unique et la cl\u00e9 d&#8217;activation n&#8217;est valable que pour une installation sur 1 PC.<\/p>\n<p><strong>D\u00e9tails du produit<\/strong><\/p>\n<ul>\n<li style=\"list-style-type: none;\">\n<ul>\n<li>Fabricant : Microsoft<\/li>\n<\/ul>\n<\/li>\n<\/ul>\n<ul>\n<li style=\"list-style-type: none;\">\n<ul>\n<li>Lanc\u00e9 le: 05-10-2021<\/li>\n<\/ul>\n<\/li>\n<\/ul>\n<ul>\n<li style=\"list-style-type: none;\">\n<ul>\n<li>Plate-forme : Windows 11<\/li>\n<\/ul>\n<\/li>\n<\/ul>\n<ul>\n<li style=\"list-style-type: none;\">\n<ul>\n<li>Format : Licence num\u00e9rique \u00e0 usage unique<\/li>\n<\/ul>\n<\/li>\n<\/ul>\n<ul>\n<li style=\"list-style-type: none;\">\n<ul>\n<li>Compatibilit\u00e9 : 64 bits<\/li>\n<\/ul>\n<\/li>\n<\/ul>\n<ul>\n<li style=\"list-style-type: none;\">\n<ul>\n<li>Langue\u00a0: multilingue (il est possible de modifier les param\u00e8tres de langue apr\u00e8s l&#8217;installation\u00a0; des packages d&#8217;interface linguistique sont \u00e9galement disponibles en t\u00e9l\u00e9chargement s\u00e9par\u00e9)<\/li>\n<\/ul>\n<\/li>\n<\/ul>\n<h2>La description<\/h2>\n<p><strong>Windows 11 Professionnel<\/strong> est arriv\u00e9 avec une interface et une exp\u00e9rience utilisateur enti\u00e8rement nouvelles, con\u00e7ues pour rendre l&#8217;exp\u00e9rience de votre syst\u00e8me d&#8217;exploitation aussi fluide et productive que possible. Windows 11 Pro est livr\u00e9 avec toutes les fonctionnalit\u00e9s et am\u00e9liorations de Windows 11 Home, telles que Windows Hello, Secure Boot, Windows Security, le cryptage des appareils, etc.<\/p>\n<p>De plus, les utilisateurs de Windows 11 Pro peuvent \u00eatre s\u00fbrs que leurs donn\u00e9es seront prot\u00e9g\u00e9es contre les appareils vol\u00e9s, perdus ou mal utilis\u00e9s gr\u00e2ce \u00e0 l&#8217;outil de chiffrement Bitlocker. La protection des informations Windows (WIP) est l\u00e0 pour emp\u00eacher les fuites de donn\u00e9es accidentelles sur les appareils professionnels et personnels que les employ\u00e9s utilisent au travail. Windows 11 Pro prend \u00e9galement en charge les comptes locaux sans avoir \u00e0 se connecter \u00e0 votre compte Microsoft.<\/p>\n<p><strong>De nouvelles fonctionnalit\u00e9s int\u00e9ressantes<\/strong><\/p>\n<p><strong>\u25ba Interface mise \u00e0 jour.<\/strong><\/p>\n<p>Moderne et \u00e9pur\u00e9, le nouveau design de Windows 11 est destin\u00e9 \u00e0 vous inspirer et \u00e0 faire de l&#8217;utilisation de la plateforme un plaisir. Simplifi\u00e9 et modernis\u00e9, le nouveau look du syst\u00e8me d&#8217;exploitation vous donne le contr\u00f4le et vous permet d&#8217;acc\u00e9der aux applications que vous utilisez le plus rapidement et le plus facilement. Profitez d&#8217;un flux de travail plus intuitif et plus beau avec Windows 11.<\/p>\n<table width=\"100%\">\n<tbody>\n<tr>\n<td width=\"40%\">\u00a0<img decoding=\"async\" src=\"https:\/\/cdn.shopify.com\/s\/files\/1\/2785\/1350\/files\/Windows-10-Microsoft-Edge-LicenceDeals.com.png?v=1565589058\" alt=\"\" \/><\/td>\n<td><strong>\u25ba Applications Android int\u00e9gr\u00e9es. <\/strong>Vous pourrez acc\u00e9der aux applications Android via Amazon Store \u00e0 partir du Microsoft Store mis \u00e0 jour et approuv\u00e9. Alors que les versions ant\u00e9rieures du syst\u00e8me d&#8217;exploitation disposaient d&#8217;autres m\u00e9thodes pour utiliser les applications Android sur le bureau, il sera int\u00e9gr\u00e9 \u00e0 Windows 11, permettant une meilleure exp\u00e9rience utilisateur. La fonction de recherche sera \u00e9galement sup\u00e9rieure aux versions pr\u00e9c\u00e9dentes, afin que vous puissiez trouver vos applications, jeux, \u00e9missions et films pr\u00e9f\u00e9r\u00e9s plus rapidement et plus facilement que jamais.<\/td>\n<\/tr>\n<\/tbody>\n<\/table>\n<p>&nbsp;<\/p>\n<table width=\"100%\">\n<tbody>\n<tr>\n<td width=\"40%\">\u00a0<img decoding=\"async\" src=\"https:\/\/cdn.shopify.com\/s\/files\/1\/2785\/1350\/files\/Windows-10-Cortana-LicenceDeals.com.png?v=1565589058\" alt=\"\" \/><\/td>\n<td><strong>\u25ba Prot\u00e9gez vos donn\u00e9es avec Bitlocker.<br \/>\nn<\/strong>Bitlocker est un outil de chiffrement complet qui peut chiffrer votre disque et prot\u00e9ger vos donn\u00e9es et verrouiller vos syst\u00e8mes en cas de vol ou de perte d&#8217;appareils. Cette fonctionnalit\u00e9 de protection des donn\u00e9es est int\u00e9gr\u00e9e \u00e0 Windows 11 et fonctionne mieux lorsqu&#8217;elle est utilis\u00e9e avec un module de plateforme s\u00e9curis\u00e9e (TPM) version 2.0 ou ult\u00e9rieure.<\/td>\n<\/tr>\n<\/tbody>\n<\/table>\n<p><strong>\u25baLe meilleur Windows pour les jeux.<\/strong><\/p>\n<p>Lib\u00e9rez tout le potentiel du mat\u00e9riel de votre syst\u00e8me Windows 11 avec des technologies telles que DirectX12 Ultimate, Direct Storage et Auto HDR. Acc\u00e9dez \u00e0 plus de 100 jeux informatiques de haute qualit\u00e9 avec un abonnement Xbox Game Pass sur votre ordinateur.<\/p>\n<table width=\"100%\">\n<tbody>\n<tr>\n<td><strong>\u25baMeilleure prise en charge des bureaux virtuels.<\/strong><\/p>\n<p>Cr\u00e9ez diff\u00e9rents ordinateurs de bureau pour le travail, le personnel, l&#8217;\u00e9cole, les jeux, etc., et passez de l&#8217;un \u00e0 l&#8217;autre de mani\u00e8re transparente. Adaptez diff\u00e9rents postes de travail \u00e0 vos besoins uniques et s\u00e9parez vos activit\u00e9s. Organisez vos applications et fen\u00eatres pr\u00e9f\u00e9r\u00e9es que vous ouvrez avec les mises en page Snap et les groupes Snap de la m\u00eame mani\u00e8re que les \u00e9crans divis\u00e9s, mais plus personnalisables et flexibles. Ceci est particuli\u00e8rement utile lors du multit\u00e2che, car vous pouvez facilement s\u00e9parer les fen\u00eatres que vous avez ouvertes pour un projet des autres et basculer sans effort entre elles. Windows 11 vous permet \u00e9galement de vous connecter et de vous d\u00e9connecter d&#8217;un moniteur sans perdre votre emplacement Windows. Le multit\u00e2che n&#8217;a jamais \u00e9t\u00e9 aussi facile.<\/td>\n<td width=\"40%\"><img decoding=\"async\" src=\"https:\/\/cdn.shopify.com\/s\/files\/1\/2785\/1350\/files\/Windows-10-Ink-Workspace-LicenceDeals.com.png?v=1565589058\" alt=\"windows (iNKT) Windows 10 Home LicenceDeals.com\" \/><\/td>\n<\/tr>\n<\/tbody>\n<\/table>\n<p><strong>\u25baMieux avec Office 2021<\/strong>.<\/p>\n<p>La combinaison parfaite pour Windows 11 est Office Suite 2021. Outre de puissantes mises \u00e0 jour pour ses applications, Office 2021 a re\u00e7u un rafra\u00eechissement visuel en tant que Windows 11. Lib\u00e9rez tout le potentiel des logiciels de productivit\u00e9 classiques et atteignez vos objectifs.<\/p>\n<p>L&#8217;activation initiale de tous les produits achet\u00e9s doit \u00eatre effectu\u00e9e au plus tard 3 mois apr\u00e8s la date d&#8217;achat. Veuillez noter que la p\u00e9riode d&#8217;activation initiale n&#8217;est pas la p\u00e9riode de garantie du produit &#8211; tous les d\u00e9tails de la garantie sont expliqu\u00e9s en d\u00e9tail dans la section des termes et conditions.<\/p>\n<p><strong>Configuration requise<\/strong><\/p>\n<p>\u25ba <strong>Processeur requis :<\/strong> 1 gigahertz (GHz) ou plus rapide avec 2 c\u0153urs ou plus et figurer sur la liste des processeurs approuv\u00e9s par Microsoft. Le processeur de l&#8217;appareil sera un facteur majeur dans l&#8217;ex\u00e9cution de Windows 11.<br \/>\n\u25ba <strong>M\u00e9moire RAM :<\/strong> 4 gigaoctets (Go)<br \/>\n\u25ba <strong>Stockage :<\/strong> Un p\u00e9riph\u00e9rique de stockage de 64 Go ou plus<br \/>\n\u25ba <strong>\u00c9cran requis :<\/strong> Affichage haute d\u00e9finition (720p) avec une diagonale sup\u00e9rieure \u00e0 9&#8221;, 8 bits par canal couleur.<br \/>\n\u25ba <strong>Micrologiciel syst\u00e8me\u00a0:<\/strong> capacit\u00e9 UEFI (une version moderne du BIOS du PC), d\u00e9marrage s\u00e9curis\u00e9<br \/>\n\u25ba <strong>TPM :<\/strong> module de plateforme s\u00e9curis\u00e9e (TPM) version 2.0.<br \/>\n\u25ba <strong>Carte graphique :<\/strong> Compatible avec DirectX 12 ou ult\u00e9rieur avec le pilote WDDM 2.0.<br \/>\n\u25ba <strong>Connexion Internet :<\/strong> Compte Microsoft et connectivit\u00e9 Internet requis pour la configuration de Windows 11 Home.<br \/>\n\u25ba <strong>Version Windows :<\/strong> Votre PC doit ex\u00e9cuter Windows 10 (version 2004 ou ult\u00e9rieure) pour effectuer une mise \u00e0 niveau via Windows Update. Les mises \u00e0 jour gratuites peuvent \u00eatre install\u00e9es via Windows Update dans Param\u00e8tres \u279e Mise \u00e0 jour et s\u00e9curit\u00e9.<\/p>\n<p><strong>Si vous avez d&#8217;autres questions, n&#8217;h\u00e9sitez pas \u00e0 nous contacter !<\/strong><\/p>\n","protected":false},"excerpt":{"rendered":"<ul>\n<li><strong>PAS DE DATE D\u2019EXPIRATION\u00a0\u2714\ufe0f\u00a0ACTIVATION EN LIGNE\u00a0\u2714\ufe0f<\/strong><\/li>\n<li>Ces licences sont 100% originales.<\/li>\n<li><strong>La licence est permanente, n\u2019expire pas et se met \u00e0 jour automatiquement.<\/strong><\/li>\n<li>Les licences sont livr\u00e9es en format num\u00e9rique.<\/li>\n<li><strong>Fonctionne pour un seul ordinateur.<\/strong><\/li>\n<li>Ces licences fonctionnent \u00e0 la fois sur 32-bit et 64-bit.<\/li>\n<li><strong>Fonctionne dans n\u2019importe quelle r\u00e9gion et langue.<\/strong><\/li>\n<li>Une cl\u00e9 d\u2019activation valable \u00e0 vie pour Windows 11 Pro<\/li>\n<li><strong>Un lien de t\u00e9l\u00e9chargement pour Windows 11 Pro<\/strong><\/li>\n<\/ul>\n","protected":false},"featured_media":102,"comment_status":"open","ping_status":"closed","template":"","meta":[],"product_cat":[23],"product_tag":[],"jetpack_sharing_enabled":true,"_links":{"self":[{"href":"https:\/\/licensi.fr\/index.php\/wp-json\/wp\/v2\/product\/76"}],"collection":[{"href":"https:\/\/licensi.fr\/index.php\/wp-json\/wp\/v2\/product"}],"about":[{"href":"https:\/\/licensi.fr\/index.php\/wp-json\/wp\/v2\/types\/product"}],"replies":[{"embeddable":true,"href":"https:\/\/licensi.fr\/index.php\/wp-json\/wp\/v2\/comments?post=76"}],"wp:featuredmedia":[{"embeddable":true,"href":"https:\/\/licensi.fr\/index.php\/wp-json\/wp\/v2\/media\/102"}],"wp:attachment":[{"href":"https:\/\/licensi.fr\/index.php\/wp-json\/wp\/v2\/media?parent=76"}],"wp:term":[{"taxonomy":"product_cat","embeddable":true,"href":"https:\/\/licensi.fr\/index.php\/wp-json\/wp\/v2\/product_cat?post=76"},{"taxonomy":"product_tag","embeddable":true,"href":"https:\/\/licensi.fr\/index.php\/wp-json\/wp\/v2\/product_tag?post=76"}],"curies":[{"name":"wp","href":"https:\/\/api.w.org\/{rel}","templated":true}]}}