{"id":75,"date":"2023-11-12T13:09:15","date_gmt":"2023-11-12T13:09:15","guid":{"rendered":"https:\/\/licensi.fr\/?post_type=product&#038;p=75"},"modified":"2024-02-21T16:16:54","modified_gmt":"2024-02-21T14:16:54","slug":"licence-office-pro-plus-2021","status":"publish","type":"product","link":"https:\/\/licensi.fr\/index.php\/product\/licence-office-pro-plus-2021\/","title":{"rendered":"Licence Office Pro Plus 2021"},"content":{"rendered":"<p><strong>Professional Plus<\/strong> est particuli\u00e8rement recommand\u00e9 aux utilisateurs qui utilisent la gamme compl\u00e8te des produits <strong>Microsoft Office<\/strong> \u00e0 la maison ou au bureau. Tous les programmes importants sont inclus : Word, Excel, Outlook, PowerPoint, Publisher et Access. Dans le m\u00eame temps, OneNote est disponible en t\u00e9l\u00e9chargement dans le Windows Store, pour une prise de notes rapide et une utilisation sur tous les appareils dans le cloud. Gr\u00e2ce \u00e0 la large gamme de programmes vari\u00e9s, la version Professional Plus s&#8217;adresse en particulier aux personnes qui travaillent \u00e0 domicile ou \u00e0 celles qui travaillent dans de petits bureaux et qui recherchent une solution efficace et fiable pour organiser des documents, des tableaux, etc.<\/p>\n<p><strong>Word 2021<\/strong> est l&#8217;outil de cr\u00e9ation de documents le plus efficace. La fonctionnalit\u00e9 Word couvre toute la gamme de la cr\u00e9ation de texte, des &#8220;papiers&#8221; de tous les jours aux documents commerciaux officiels. De plus, une nouveaut\u00e9 de cette \u00e9dition est la reconnaissance am\u00e9lior\u00e9e de l&#8217;encre virtuelle, de sorte que l&#8217;\u00e9criture avec un outil directement sur l&#8217;\u00e9cran est d\u00e9sormais mieux convertie en format dactylographi\u00e9 imprim\u00e9. Les commandes verbales ont \u00e9galement \u00e9t\u00e9 am\u00e9lior\u00e9es. Dans le m\u00eame temps, Microsoft a apport\u00e9 d&#8217;innombrables am\u00e9liorations dans les d\u00e9tails : par exemple, les graphiques SVG vous permettent d&#8217;int\u00e9grer des documents encore plus complexes avec des images int\u00e9gr\u00e9es sans avoir besoin de plus d&#8217;espace de stockage. La mise \u00e0 l&#8217;\u00e9chelle et les autres activit\u00e9s d&#8217;\u00e9dition d&#8217;images sont \u00e9galement simplifi\u00e9es de cette mani\u00e8re.<\/p>\n<p>D&#8217;autre part, au sein des entreprises, <strong>Access 2021<\/strong> est une solution puissante pour cr\u00e9er et g\u00e9rer des bases de donn\u00e9es de toute nature. La nouvelle version prend en charge la g\u00e9n\u00e9ration d&#8217;applications de base de donn\u00e9es qui fonctionnent directement dans le navigateur, b\u00e9n\u00e9ficiant ainsi d&#8217;une flexibilit\u00e9 particuli\u00e8re. Les donn\u00e9es sauvegard\u00e9es parviennent alors, par exemple, \u00e0 des bases de donn\u00e9es SQL pour lesquelles il existe un acc\u00e8s s\u00e9curis\u00e9. \u00c0 son tour, <strong>Publisher 2021<\/strong> am\u00e9liore les possibilit\u00e9s de publication de graphiques de toutes sortes : pour des pr\u00e9sentations, des publicit\u00e9s, des d\u00e9pliants, des magazines, etc. Dans Office 2021 Professional Plus, Microsoft a clairement am\u00e9lior\u00e9 les deux programmes, dans le but d&#8217;\u00e9tendre la reconnaissance de l&#8217;\u00e9criture outil dans Publisher et acc\u00e9l\u00e9rant la collaboration avec les coll\u00e8gues sur les bases de donn\u00e9es Access.<\/p>\n<p>Travailler avec des tableaux Excel 2021 continue d&#8217;offrir les meilleures fonctionnalit\u00e9s : dans cette version, Excel offre encore plus d&#8217;am\u00e9liorations aux tableaux de toutes sortes, des donn\u00e9es financi\u00e8res, des bases de donn\u00e9es de produits aux enregistrements de d\u00e9clarations de revenus. etc. Entre autres, de nouvelles repr\u00e9sentations d&#8217;informations visuelles ont \u00e9t\u00e9 ajout\u00e9es, et plusieurs fonctions math\u00e9matiques ont \u00e9galement \u00e9t\u00e9 int\u00e9gr\u00e9es. La compatibilit\u00e9 extraordinaire avec les fichiers CSV a \u00e9t\u00e9 maintenue. De m\u00eame, PowerPoint 2021 offre d\u00e9sormais la possibilit\u00e9 d&#8217;int\u00e9grer directement la capture ultra-HD dans les pr\u00e9sentations, ainsi que la mise \u00e0 l&#8217;\u00e9chelle gratuite des graphiques et le zoom avant et arri\u00e8re des images. Cela facilite l&#8217;abandon de l&#8217;\u00e9dition d&#8217;images externe.<\/p>\n<p><strong>Outlook 2021<\/strong> permet \u00e9galement d&#8217;acc\u00e9der aux contacts enregistr\u00e9s ainsi qu&#8217;aux adresses e-mail. Par cons\u00e9quent, en particulier pour les bureaux, en combinaison avec un serveur Exchange, il est plus facile de maintenir \u00e0 jour les informations des clients et des partenaires. De plus, l&#8217;application prend en charge la cr\u00e9ation d&#8217;un nombre illimit\u00e9 de comptes de messagerie, r\u00e9pondant ainsi aux besoins des utilisateurs disposant de plusieurs comptes. Pour tous les programmes, Office 2021 Professional Plus fournit une interface bien \u00e9tablie qui a \u00e9t\u00e9 int\u00e9gr\u00e9e dans n&#8217;importe quelle application depuis plus d&#8217;une d\u00e9cennie. De cette mani\u00e8re, le workflow s&#8217;\u00e9tend \u00e0 toutes les applications et se fait de mani\u00e8re similaire pour toutes, qu&#8217;il s&#8217;agisse de Word, Excel, Outlook ou PowerPoint.<\/p>\n<p>Microsoft a limit\u00e9 l&#8217;utilisation du package Office 2021 Professionnel Plus avec Windows 10 \/ Windows 11. Par cons\u00e9quent, aucun des programmes inclus n&#8217;est compatible avec les anciennes \u00e9ditions de Windows. De plus, cette suite de programmes est une licence qui appartient enti\u00e8rement \u00e0 l&#8217;acheteur. Une fois achet\u00e9, l&#8217;utilisation est possible pour une dur\u00e9e ind\u00e9termin\u00e9e, sans conclusion d&#8217;abonnement suppl\u00e9mentaire. Pour toutes les \u00e9ditions Office 2019, Microsoft garantit une p\u00e9riode de support minimale de cinq ans pour tous les types d&#8217;appareils.<\/p>\n","protected":false},"excerpt":{"rendered":"<ul>\n<li><strong>VALIDIT\u00c9 \u00c0 VIE <img decoding=\"async\" class=\"emoji\" role=\"img\" draggable=\"false\" src=\"https:\/\/s.w.org\/images\/core\/emoji\/13.1.0\/svg\/2714.svg\" alt=\"\u2714\ufe0f\" \/><\/strong><\/li>\n<li>Lors de l&#8217;achat, vous recevrez \u00e9galement un lien de t\u00e9l\u00e9chargement officiel de Microsoft o\u00f9 vous pourrez t\u00e9l\u00e9charger Office 2021, et apr\u00e8s l&#8217;installation, entrez directement la licence fournie par nous.<\/li>\n<li><strong>\u00a0La licence dure toute une vie, n&#8217;expire pas et est automatiquement mise \u00e0 jour.<\/strong><\/li>\n<li>Fonctionne pour 1 ordinateur uniquement. (1 PC)<\/li>\n<li><strong>Fonctionne uniquement pour Windows 10 et 11.<\/strong><\/li>\n<li>La licence est 100% originale, lors de l&#8217;achat, vous recevrez \u00e9galement le lien de t\u00e9l\u00e9chargement officiel de Microsoft !<\/li>\n<li><strong>Une cl\u00e9 d&#8217;activation \u00e0 vie pour Office 2021 Professionnel Plus, vous donnant acc\u00e8s \u00e0 tous les outils essentiels pour une productivit\u00e9 optimale.<\/strong><\/li>\n<\/ul>\n","protected":false},"featured_media":101,"comment_status":"closed","ping_status":"closed","template":"","meta":[],"product_cat":[20],"product_tag":[],"jetpack_sharing_enabled":true,"_links":{"self":[{"href":"https:\/\/licensi.fr\/index.php\/wp-json\/wp\/v2\/product\/75"}],"collection":[{"href":"https:\/\/licensi.fr\/index.php\/wp-json\/wp\/v2\/product"}],"about":[{"href":"https:\/\/licensi.fr\/index.php\/wp-json\/wp\/v2\/types\/product"}],"replies":[{"embeddable":true,"href":"https:\/\/licensi.fr\/index.php\/wp-json\/wp\/v2\/comments?post=75"}],"wp:featuredmedia":[{"embeddable":true,"href":"https:\/\/licensi.fr\/index.php\/wp-json\/wp\/v2\/media\/101"}],"wp:attachment":[{"href":"https:\/\/licensi.fr\/index.php\/wp-json\/wp\/v2\/media?parent=75"}],"wp:term":[{"taxonomy":"product_cat","embeddable":true,"href":"https:\/\/licensi.fr\/index.php\/wp-json\/wp\/v2\/product_cat?post=75"},{"taxonomy":"product_tag","embeddable":true,"href":"https:\/\/licensi.fr\/index.php\/wp-json\/wp\/v2\/product_tag?post=75"}],"curies":[{"name":"wp","href":"https:\/\/api.w.org\/{rel}","templated":true}]}}