{"id":73,"date":"2023-11-12T13:09:15","date_gmt":"2023-11-12T13:09:15","guid":{"rendered":"https:\/\/licensi.fr\/?post_type=product&#038;p=73"},"modified":"2023-11-12T13:10:22","modified_gmt":"2023-11-12T13:10:22","slug":"licence-bitdefender-antivirus-plus-1-an-1-appareil","status":"publish","type":"product","link":"https:\/\/licensi.fr\/index.php\/product\/licence-bitdefender-antivirus-plus-1-an-1-appareil\/","title":{"rendered":"Licence Bitdefender Antivirus Plus -1 An &#8211; 1 Appareil"},"content":{"rendered":"<div class=\"indexes__StyledProductDescription-sc-1vts47h-118 gaIOUt\" data-locator=\"product-description\">\n<p><strong>Bitdefender Antivirus Plus<\/strong> est con\u00e7u pour prot\u00e9ger vos appareils <strong>Windows 10<\/strong> de l&#8217;impact n\u00e9gatif et des dommages caus\u00e9s par les logiciels malveillants. D\u00e9velopp\u00e9 par des professionnels de la s\u00e9curit\u00e9, Bitdefender offre une d\u00e9fense continue de haute qualit\u00e9 contre les menaces courantes et inhabituelles, notamment les malwares, les chevaux de Troie, les rootkits et les ransomwares. Laissez un logiciel antivirus avanc\u00e9 s&#8217;occuper de votre s\u00e9curit\u00e9 en ligne &#8211; choisissez la solution qui prot\u00e8ge d\u00e9j\u00e0 plus de 500 millions d&#8217;appareils dans le monde.<\/p>\n<p><strong>Fonction de correction des ran\u00e7ongiciels<\/strong><\/p>\n<p>Le ransomware est un type de logiciel extr\u00eamement dangereux car il chiffre vos fichiers, les rendant illisibles jusqu&#8217;\u00e0 ce que vous payiez une ran\u00e7on pour une cl\u00e9 de d\u00e9chiffrement. Pour vous prot\u00e9ger contre les ransomwares, Bitdefender Antivirus Plus 2020 est livr\u00e9 avec une fonction de correction des ransomwares qui surveille en permanence vos fichiers et les sauvegarde une fois qu&#8217;il d\u00e9tecte une tentative non autoris\u00e9e de les chiffrer. De cette fa\u00e7on, m\u00eame si le ransomware a r\u00e9ussi \u00e0 infecter votre syst\u00e8me, vous pourrez facilement restaurer vos fichiers crypt\u00e9s lorsque la menace dispara\u00eetra.<\/p>\n<p><strong>Protection contre les menaces en ligne<\/strong><\/p>\n<p>Les pirates analysent souvent Internet \u00e0 la recherche d&#8217;appareils non prot\u00e9g\u00e9s pour les int\u00e9grer \u00e0 un vaste r\u00e9seau de botnets, qui est ensuite utilis\u00e9 pour mener des attaques massives par d\u00e9ni de service. Votre ordinateur peut \u00e9galement faire partie d&#8217;un r\u00e9seau de robots, et vous ne le savez peut-\u00eatre pas car le code du r\u00e9seau de robots attend silencieusement sur votre machine les commandes des pirates.<\/p>\n<p>Les m\u00e9canismes avanc\u00e9s d&#8217;adaptation bas\u00e9s sur le r\u00e9seau mis en \u0153uvre dans Bitdefender Antivirus Plus emp\u00eachent les pirates d&#8217;utiliser votre machine pour atteindre leurs objectifs criminels.<\/p>\n<p><strong>Protection en temps r\u00e9el, mise \u00e0 jour automatique.<\/strong><\/p>\n<p>M\u00eame les utilisateurs les plus prudents peuvent parfois infecter leur appareil en cliquant sur quelque chose de potentiellement inoffensif. C&#8217;est pourquoi il est important d&#8217;utiliser un antivirus capable de r\u00e9agir instantan\u00e9ment aux nouvelles menaces et d&#8217;emp\u00eacher le code malveillant de s&#8217;ex\u00e9cuter avant qu&#8217;il ne puisse nuire.<\/p>\n<p>Le programme prend les menaces num\u00e9riques au s\u00e9rieux. C&#8217;est pourquoi les personnes derri\u00e8re le logiciel ont veill\u00e9 \u00e0 ce que l&#8217;antivirus fonctionne en continu en arri\u00e8re-plan, vous offrant une couche de d\u00e9fense s\u00e9curis\u00e9e mais discr\u00e8te en termes de performances. Avec des mises \u00e0 jour fr\u00e9quentes, vous pouvez \u00eatre s\u00fbr que m\u00eame les logiciels malveillants nouvellement d\u00e9velopp\u00e9s n&#8217;endommageront pas votre appareil.<\/p>\n<p><strong>Performance maximum<\/strong><br \/>\nBitdefender Antivirus Plus est livr\u00e9 avec une vari\u00e9t\u00e9 de fonctionnalit\u00e9s li\u00e9es aux performances qui aident l&#8217;antivirus \u00e0 fonctionner efficacement, quel que soit le mat\u00e9riel install\u00e9. Cela inclut Bitdefender Photon, qui adapte la puissance de calcul utilis\u00e9e par l&#8217;antivirus au mat\u00e9riel et aux logiciels install\u00e9s en cours d&#8217;ex\u00e9cution sur votre ordinateur.<\/p>\n<p>L&#8217;application est \u00e9galement livr\u00e9e avec un mode batterie qui modifie certains param\u00e8tres pour prolonger la dur\u00e9e de vie de la batterie de votre ordinateur portable, et un mode jeu qui emp\u00eache les notifications de vous distraire lorsque vous jouez \u00e0 des jeux.<\/p>\n<p><strong>Principales caract\u00e9ristiques<\/strong><\/p>\n<ul>\n<li>Faites confiance au meilleur logiciel de cybers\u00e9curit\u00e9 au monde &#8211; Bitdefender Antivirus Plus prot\u00e8ge d\u00e9j\u00e0 plus de 500 millions d&#8217;appareils dans le monde<\/li>\n<li>La protection adaptative du r\u00e9seau emp\u00eache votre machine de faire partie du r\u00e9seau de robots, bloque les attaques par force brute et garantit que vos donn\u00e9es sensibles sont crypt\u00e9es avant que vous ne les envoyiez.<\/li>\n<li>Bitdefender VPN vous permet de naviguer sur le Web de mani\u00e8re anonyme &#8211; vous n&#8217;avez pas \u00e0 vous soucier de l&#8217;espionnage de votre activit\u00e9 en ligne<\/li>\n<li>La correction des ran\u00e7ons cr\u00e9e automatiquement une copie des fichiers cibl\u00e9s par un logiciel de chiffrement malveillant<\/li>\n<li>Performances accrues gr\u00e2ce \u00e0 Bitdefender Photon, qui s&#8217;adapte au mat\u00e9riel de la machine ex\u00e9cutant l&#8217;antivirus<\/li>\n<\/ul>\n<\/div>\n","protected":false},"excerpt":{"rendered":"<div class=\"woocommerce-product-details__short-description\">\n<ul>\n<li><strong>~ Ces licences sont 100% originales.<\/strong><\/li>\n<li>~ Les licences sont au format num\u00e9rique et peuvent \u00eatre activ\u00e9es dans le monde entier.<\/li>\n<li><strong>~ La licence dure 1 an et est automatiquement mise \u00e0 jour.<\/strong><\/li>\n<li>~ Peut \u00eatre install\u00e9 dans toutes les langues prises en charge (y compris le fran\u00e7ais)<\/li>\n<li><strong>~ S&#8217;active directement sur le site du fabricant.<\/strong><\/li>\n<li>~ Fonctionne pour 1 ordinateur uniquement. (1 PC)<\/li>\n<\/ul>\n<\/div>\n","protected":false},"featured_media":99,"comment_status":"closed","ping_status":"closed","template":"","meta":[],"product_cat":[21],"product_tag":[],"jetpack_sharing_enabled":true,"_links":{"self":[{"href":"https:\/\/licensi.fr\/index.php\/wp-json\/wp\/v2\/product\/73"}],"collection":[{"href":"https:\/\/licensi.fr\/index.php\/wp-json\/wp\/v2\/product"}],"about":[{"href":"https:\/\/licensi.fr\/index.php\/wp-json\/wp\/v2\/types\/product"}],"replies":[{"embeddable":true,"href":"https:\/\/licensi.fr\/index.php\/wp-json\/wp\/v2\/comments?post=73"}],"wp:featuredmedia":[{"embeddable":true,"href":"https:\/\/licensi.fr\/index.php\/wp-json\/wp\/v2\/media\/99"}],"wp:attachment":[{"href":"https:\/\/licensi.fr\/index.php\/wp-json\/wp\/v2\/media?parent=73"}],"wp:term":[{"taxonomy":"product_cat","embeddable":true,"href":"https:\/\/licensi.fr\/index.php\/wp-json\/wp\/v2\/product_cat?post=73"},{"taxonomy":"product_tag","embeddable":true,"href":"https:\/\/licensi.fr\/index.php\/wp-json\/wp\/v2\/product_tag?post=73"}],"curies":[{"name":"wp","href":"https:\/\/api.w.org\/{rel}","templated":true}]}}