{"id":72,"date":"2023-11-12T13:09:15","date_gmt":"2023-11-12T13:09:15","guid":{"rendered":"https:\/\/licensi.fr\/?post_type=product&#038;p=72"},"modified":"2024-02-21T16:16:53","modified_gmt":"2024-02-21T14:16:53","slug":"licence-project-professional-2016","status":"publish","type":"product","link":"https:\/\/licensi.fr\/index.php\/product\/licence-project-professional-2016\/","title":{"rendered":"Licence Project Professional 2016"},"content":{"rendered":"<p>Il inclut toutes les fonctionnalit\u00e9s de Project Standard 2016, ainsi que des fonctionnalit\u00e9s de collaboration pour d\u00e9marrer et livrer des projets rapidement, tout en tirant parti de la puissance d&#8217;Office 365 ou de SharePoint pour travailler de pratiquement n&#8217;importe o\u00f9. Cette version int\u00e8gre Skype Entreprise pour appeler ou envoyer des messages instantan\u00e9s aux membres de l&#8217;\u00e9quipe Project Professional.<\/p>\n<p><strong>Les caract\u00e9ristiques:<\/strong><\/p>\n<p>Affichage de la chronologie multiple : affichez plusieurs vues de la chronologie visuellement am\u00e9lior\u00e9es pour vous aider \u00e0 visualiser les diff\u00e9rentes phases de votre plan de projet. Vous pouvez d\u00e9finir des dates de d\u00e9but et de fin pour chaque chronologie dans cette vue.<\/p>\n<p>Implication des ressources : demandez une ressource dans le projet et votre responsable des ressources peut accepter ou refuser votre demande. Si elle est accept\u00e9e, votre ressource sera verrouill\u00e9e pour garantir sa disponibilit\u00e9.<\/p>\n<p>Vues des ressources : un espace destin\u00e9 aux gestionnaires de ressources pour analyser et accepter ou rejeter toutes les demandes de ressources.<\/p>\n<p>Cartes thermiques de capacit\u00e9 des ressources : nouvelle fonctionnalit\u00e9 de cr\u00e9ation de rapports qui vous permet de voir rapidement comment vos ressources sont utilis\u00e9es<\/p>\n<p>Dites-moi : au lieu de chercher dans les ressources du projet ou de l&#8217;aide en ligne, Dites-moi, il recherchera la solution dont vous avez besoin.<\/p>\n<p>Modules compl\u00e9mentaires : les modules compl\u00e9mentaires de Microsoft Project sont d\u00e9sormais plus faciles que jamais \u00e0 int\u00e9grer \u00e0 votre projet. Les applications partenaires Microsoft peuvent \u00eatre t\u00e9l\u00e9charg\u00e9es aussi efficacement que les mod\u00e8les Office Store.<\/p>\n<p>Nouveaux th\u00e8mes : remplacez le th\u00e8me du projet par votre th\u00e8me pr\u00e9f\u00e9r\u00e9 : color\u00e9, gris fonc\u00e9 et blanc.<\/p>\n<p>Commentaires int\u00e9gr\u00e9s \u00e0 l&#8217;application : vous pouvez d\u00e9sormais fournir des commentaires, des commentaires et des suggestions directement \u00e0 Microsoft dans l&#8217;onglet Fichier en cliquant sur la section Commentaires.<\/p>\n<p><strong>Configuration requise<\/strong><\/p>\n<ul>\n<li style=\"list-style-type: none;\">\n<ul>\n<li>Processeur : 1 GHz ou processeur x86 ou x64 bits plus rapide avec SSE2<\/li>\n<\/ul>\n<\/li>\n<\/ul>\n<ul>\n<li style=\"list-style-type: none;\">\n<ul>\n<li>Syst\u00e8me d&#8217;exploitation : Windows 7 ou version ult\u00e9rieure, Windows Server 2008 R2 ou Windows Server 2012<\/li>\n<\/ul>\n<\/li>\n<\/ul>\n<ul>\n<li style=\"list-style-type: none;\">\n<ul>\n<li>M\u00e9moire : 1 Go de RAM (32 bits) ; 2 Go de RAM (64 bits)<\/li>\n<\/ul>\n<\/li>\n<\/ul>\n<ul>\n<li style=\"list-style-type: none;\">\n<ul>\n<li>Espace disque : 3,0 Go d&#8217;espace disque disponible<\/li>\n<\/ul>\n<\/li>\n<\/ul>\n<ul>\n<li style=\"list-style-type: none;\">\n<ul>\n<li>Affichage : r\u00e9solution 1280&#215;800<\/li>\n<\/ul>\n<\/li>\n<\/ul>\n<ul>\n<li style=\"list-style-type: none;\">\n<ul>\n<li>Graphiques\u00a0: l&#8217;acc\u00e9l\u00e9ration mat\u00e9rielle graphique n\u00e9cessite une carte graphique DirectX 10<\/li>\n<\/ul>\n<\/li>\n<\/ul>\n<ul>\n<li style=\"list-style-type: none;\">\n<ul>\n<li>Multi-touch : Un appareil tactile est n\u00e9cessaire pour utiliser toute fonctionnalit\u00e9 multi-touch. Cependant, toutes les fonctions et fonctionnalit\u00e9s sont toujours disponibles \u00e0 l&#8217;aide d&#8217;un clavier, d&#8217;une souris ou d&#8217;un autre p\u00e9riph\u00e9rique d&#8217;entr\u00e9e standard ou accessible. Notez que les nouvelles fonctionnalit\u00e9s tactiles sont optimis\u00e9es pour une utilisation avec Windows 8 ou version ult\u00e9rieure.<\/li>\n<\/ul>\n<\/li>\n<\/ul>\n<ul>\n<li style=\"list-style-type: none;\">\n<ul>\n<li>Exigences suppl\u00e9mentaires\u00a0: la fonctionnalit\u00e9 Internet n\u00e9cessite une connexion Internet.<\/li>\n<\/ul>\n<\/li>\n<\/ul>\n","protected":false},"excerpt":{"rendered":"<ul>\n<li style=\"list-style-type: none;\">\n<ul>\n<li><strong>~ VALIDIT\u00c9 \u00c0 VIE \u2714 ACTIVATION EN LIGNE \u2714<\/strong><\/li>\n<\/ul>\n<\/li>\n<\/ul>\n<ul>\n<li style=\"list-style-type: none;\">\n<ul>\n<li>~ Lors de l&#8217;achat, vous recevrez \u00e9galement un lien de t\u00e9l\u00e9chargement, \u00e0 partir duquel vous pourrez t\u00e9l\u00e9charger directement depuis le site Web officiel de Microsoft, et apr\u00e8s l&#8217;installation, entrez directement la licence fournie par nous.<\/li>\n<\/ul>\n<\/li>\n<\/ul>\n<ul>\n<li style=\"list-style-type: none;\">\n<ul>\n<li><strong>~ La licence dure toute une vie, n&#8217;expire pas et est automatiquement mise \u00e0 jour.<\/strong><\/li>\n<\/ul>\n<\/li>\n<\/ul>\n<ul>\n<li style=\"list-style-type: none;\">\n<ul>\n<li>~ Fonctionne pour 1 ordinateur uniquement. (1 PC)<\/li>\n<\/ul>\n<\/li>\n<\/ul>\n<ul>\n<li style=\"list-style-type: none;\">\n<ul>\n<li><strong>~ La licence est 100% originale, elle s&#8217;active directement depuis le site officiel de Microsoft !<\/strong><\/li>\n<\/ul>\n<\/li>\n<\/ul>\n","protected":false},"featured_media":98,"comment_status":"closed","ping_status":"closed","template":"","meta":[],"product_cat":[20,27],"product_tag":[],"jetpack_sharing_enabled":true,"_links":{"self":[{"href":"https:\/\/licensi.fr\/index.php\/wp-json\/wp\/v2\/product\/72"}],"collection":[{"href":"https:\/\/licensi.fr\/index.php\/wp-json\/wp\/v2\/product"}],"about":[{"href":"https:\/\/licensi.fr\/index.php\/wp-json\/wp\/v2\/types\/product"}],"replies":[{"embeddable":true,"href":"https:\/\/licensi.fr\/index.php\/wp-json\/wp\/v2\/comments?post=72"}],"wp:featuredmedia":[{"embeddable":true,"href":"https:\/\/licensi.fr\/index.php\/wp-json\/wp\/v2\/media\/98"}],"wp:attachment":[{"href":"https:\/\/licensi.fr\/index.php\/wp-json\/wp\/v2\/media?parent=72"}],"wp:term":[{"taxonomy":"product_cat","embeddable":true,"href":"https:\/\/licensi.fr\/index.php\/wp-json\/wp\/v2\/product_cat?post=72"},{"taxonomy":"product_tag","embeddable":true,"href":"https:\/\/licensi.fr\/index.php\/wp-json\/wp\/v2\/product_tag?post=72"}],"curies":[{"name":"wp","href":"https:\/\/api.w.org\/{rel}","templated":true}]}}