{"id":71,"date":"2023-11-12T13:09:15","date_gmt":"2023-11-12T13:09:15","guid":{"rendered":"https:\/\/licensi.fr\/?post_type=product&#038;p=71"},"modified":"2024-02-21T16:16:52","modified_gmt":"2024-02-21T14:16:52","slug":"licence-windows-10-home-32-64-bit-retail","status":"publish","type":"product","link":"https:\/\/licensi.fr\/index.php\/product\/licence-windows-10-home-32-64-bit-retail\/","title":{"rendered":"Licence Windows 10 Home 32\/64 BIT Retail"},"content":{"rendered":"<div class=\"celwidget aplus-module module-2 aplus-standard\" data-csa-c-id=\"8kie60-u7qjxh-c0jhvx-jng3d0\" data-cel-widget=\"aplus-module-2\">\n<div class=\"a-expander-collapsed-height a-row a-expander-container a-expander-partial-collapse-container\" aria-live=\"polite\" data-a-expander-name=\"aplus-module-expander\" data-a-expander-collapsed-height=\"700\">\n<div class=\"a-expander-content a-expander-partial-collapse-content\" aria-expanded=\"false\">\n<div class=\"aplus-module-wrapper apm-floatnone apm-fixed-width\">\n<div class=\"apm-sidemodule apm-spacing\">\n<div class=\"apm-sidemodule-imageleft\"><img decoding=\"async\" class=\"alignleft\" src=\"https:\/\/m.media-amazon.com\/images\/S\/aplus-media\/mg\/440a9e2f-93f7-4a63-b19a-a89b7a776374._SR300,300_.jpg\" alt=\"\" data-src=\"https:\/\/m.media-amazon.com\/images\/S\/aplus-media\/mg\/440a9e2f-93f7-4a63-b19a-a89b7a776374._SR300,300_.jpg\" \/><\/div>\n<p><strong><span style=\"font-family: Georgia, 'Times New Roman', 'Bitstream Charter', Times, serif; font-size: 16px;\">Faites les choses avec confiance.<\/span><\/strong><\/p>\n<\/div>\n<div class=\"apm-sidemodule apm-spacing\">\n<div class=\"apm-sidemodule-textright\">Windows 10 a \u00e9t\u00e9 d\u00e9velopp\u00e9 avec les commentaires de millions de personnes, vous pouvez donc \u00eatre s\u00fbr que Windows 10 fonctionne comme vous le souhaitez. De plus, Windows 10 vous aide \u00e0 rester \u00e0 jour pour une exp\u00e9rience sans souci avec les meilleures fonctionnalit\u00e9s et la derni\u00e8re protection contre les virus, le phishing et les logiciels malveillants.<\/div>\n<\/div>\n<\/div>\n<\/div>\n<\/div>\n<\/div>\n<div><\/div>\n<div class=\"celwidget aplus-module module-3 aplus-standard\" data-csa-c-id=\"tnmdps-8ts49k-dexuvg-cd8457\" data-cel-widget=\"aplus-module-3\">\n<div class=\"a-expander-collapsed-height a-row a-expander-container a-expander-partial-collapse-container\" aria-live=\"polite\" data-a-expander-name=\"aplus-module-expander\" data-a-expander-collapsed-height=\"700\">\n<div class=\"a-expander-content a-expander-partial-collapse-content\" aria-expanded=\"false\">\n<div class=\"aplus-module-wrapper apm-floatnone apm-fixed-width\">\n<div class=\"apm-sidemodule apm-spacing\">\n<div class=\"apm-sidemodule-imageright\"><img decoding=\"async\" class=\"a-spacing-mini alignright\" src=\"https:\/\/m.media-amazon.com\/images\/S\/aplus-media\/mg\/2d137969-9a85-4303-8bee-3340f4ccd8ff._SR300,300_.jpg\" alt=\"\" data-src=\"https:\/\/m.media-amazon.com\/images\/S\/aplus-media\/mg\/2d137969-9a85-4303-8bee-3340f4ccd8ff._SR300,300_.jpg\" \/><\/div>\n<\/div>\n<\/div>\n<\/div>\n<\/div>\n<p>&nbsp;<\/p>\n<\/div>\n<div class=\"celwidget aplus-module module-3 aplus-standard\" data-csa-c-id=\"tnmdps-8ts49k-dexuvg-cd8457\" data-cel-widget=\"aplus-module-3\">\n<div class=\"a-expander-collapsed-height a-row a-expander-container a-expander-partial-collapse-container\" aria-live=\"polite\" data-a-expander-name=\"aplus-module-expander\" data-a-expander-collapsed-height=\"700\">\n<div class=\"a-expander-content a-expander-partial-collapse-content\" aria-expanded=\"false\">\n<h2><\/h2>\n<div class=\"aplus-module-wrapper apm-floatnone apm-fixed-width\">\n<div class=\"apm-sidemodule apm-spacing\">\n<h2><\/h2>\n<h2 class=\"apm-sidemodule-imageright\" style=\"text-align: left;\">Un site Web qui fonctionne comme vous le souhaitez.<\/h2>\n<div class=\"apm-sidemodule-textleft\">\n<p style=\"text-align: left;\">Le tout nouveau navigateur est id\u00e9al pour faire des choses en ligne. \u00c9crivez ou tapez directement sur les pages Web et partagez facilement les marges\u00a0; Vous appr\u00e9cierez \u00e9galement la lecture d&#8217;articles en ligne sans aucune distraction. La barre d&#8217;adresse vous donne des recommandations personnalis\u00e9es pour vous rendre rapidement \u00e0 votre destination en ligne.<\/p>\n<\/div>\n<\/div>\n<\/div>\n<\/div>\n<\/div>\n<\/div>\n<div class=\"celwidget aplus-module module-9 aplus-standard\" data-csa-c-id=\"7h7bek-aij2f5-4hyyeb-wbjaf8\" data-cel-widget=\"aplus-module-9\">\n<div class=\"a-expander-collapsed-height a-row a-expander-container a-expander-partial-collapse-container\" aria-live=\"polite\" data-a-expander-name=\"aplus-module-expander\" data-a-expander-collapsed-height=\"700\">\n<div class=\"a-expander-content a-expander-partial-collapse-content\" aria-expanded=\"false\">\n<div class=\"aplus-module-wrapper apm-fixed-width\">\n<div class=\"apm-spacing apm-fixed-width\">\n<table class=\"apm-fixed-width apm-eventhirdcol-table\">\n<tbody>\n<tr>\n<th class=\"apm-center\">\n<div class=\"apm-eventhirdcol apm-floatleft\"><img decoding=\"async\" class=\"a-spacing-mini\" src=\"https:\/\/m.media-amazon.com\/images\/S\/aplus-media\/mg\/0455c0d3-6ca8-4254-b6f7-a85a86a03cb8._SL300__.jpg\" alt=\"\" data-src=\"https:\/\/m.media-amazon.com\/images\/S\/aplus-media\/mg\/0455c0d3-6ca8-4254-b6f7-a85a86a03cb8._SL300__.jpg\" \/><\/div>\n<\/th>\n<th class=\"apm-center\">\n<div class=\"apm-eventhirdcol apm-floatleft\">\n<p><img decoding=\"async\" class=\"a-spacing-mini\" src=\"https:\/\/m.media-amazon.com\/images\/S\/aplus-media\/mg\/12ce4038-c548-4273-a56f-844449db6e89._SL300__.jpg\" alt=\"\" data-src=\"https:\/\/m.media-amazon.com\/images\/S\/aplus-media\/mg\/12ce4038-c548-4273-a56f-844449db6e89._SL300__.jpg\" \/><\/p>\n<\/div>\n<\/th>\n<th class=\"apm-center\">\n<div class=\"apm-eventhirdcol apm-floatleft\">n<img decoding=\"async\" class=\"a-spacing-mini\" src=\"https:\/\/m.media-amazon.com\/images\/S\/aplus-media\/mg\/dbb1f94c-853a-45c1-a04b-480ddd7b46d8._SL300__.jpg\" alt=\"\" data-src=\"https:\/\/m.media-amazon.com\/images\/S\/aplus-media\/mg\/dbb1f94c-853a-45c1-a04b-480ddd7b46d8._SL300__.jpg\" \/><\/div>\n<\/th>\n<\/tr>\n<tr>\n<td class=\"apm-top\">\n<div class=\"apm-eventhirdcol apm-floatleft\">\n<h4 class=\"a-spacing-mini\">Continuez votre jeu.<\/h4>\n<p>De grands titres Xbox, le meilleur de Xbox Live et de votre communaut\u00e9 Xbox, des r\u00e9alisations et une collection de jeux via l&#8217;application Xbox. Vous pouvez m\u00eame utiliser votre manette Xbox et diffuser des jeux Xbox One sur votre ordinateur, ordinateur portable ou tablette Windows 10 \u00e0 la maison. (1)<\/p>\n<\/div>\n<\/td>\n<td class=\"apm-top\">\n<div class=\"apm-eventhirdcol apm-floatleft\">\n<h4 class=\"a-spacing-mini\">Faites des choses sur vos appareils<\/h4>\n<p>Emportez vos films, votre musique et vos photos avec vous sur tous vos appareils OneDrive. De plus, avec OneDrive, vous b\u00e9n\u00e9ficiez de 15 Go de stockage gratuit.<\/p>\n<\/div>\n<\/td>\n<td class=\"apm-top\"><strong>Faites les choses magiques.<\/strong><\/p>\n<div class=\"apm-eventhirdcol apm-floatleft\">\n<p>Cortana (2) est votre v\u00e9ritable assistant num\u00e9rique personnel qui en apprend davantage sur vous au fil du temps. Cortana fonctionne sur tous vos appareils, du t\u00e9l\u00e9phone \u00e0 la tablette en passant par le PC, pour vous aider \u00e0 faire plus et \u00e0 oublier moins.<\/p>\n<\/div>\n<\/td>\n<\/tr>\n<\/tbody>\n<\/table>\n<\/div>\n<\/div>\n<\/div>\n<\/div>\n<\/div>\n<div class=\"celwidget aplus-module module-3 aplus-standard\" data-csa-c-id=\"7atud8-18fay3-j6ma45-l0ezo7\" data-cel-widget=\"aplus-module-3\">\n<div class=\"a-expander-collapsed-height a-row a-expander-container a-expander-partial-collapse-container\" aria-live=\"polite\" data-a-expander-name=\"aplus-module-expander\" data-a-expander-collapsed-height=\"700\">\n<div class=\"a-expander-content a-expander-partial-collapse-content\" aria-expanded=\"false\">\n<div class=\"aplus-module-wrapper apm-floatnone apm-fixed-width\">\n<div class=\"apm-sidemodule apm-spacing\">\n<div class=\"apm-sidemodule-textleft\">\n<p>(1) Fonctionnalit\u00e9s disponibles uniquement dans les jeux pris en charge dans les pays pris en charge pour Xbox Live. Voir xbox.com\/live\/countries. Le nombre limit\u00e9 de jeux disponibles en 2015 prend en charge les jeux multi-appareils ; jeux suppl\u00e9mentaires \u00e0 suivre. Diffusez sur un appareil \u00e0 la fois\u00a0; Le streaming multijoueur Xbox One n\u00e9cessite une connexion r\u00e9seau et un abonnement Xbox Live Gold (vendu s\u00e9par\u00e9ment) ; L&#8217;or est \u00e9galement n\u00e9cessaire pour les jeux multijoueurs sur Xbox One. DirectX 12 n&#8217;est disponible qu&#8217;avec les jeux et les puces graphiques pris en charge.<\/p>\n<p>(2) Cortana disponible sur certains march\u00e9s mondiaux au lancement. L&#8217;exp\u00e9rience Cortana peut varier selon la r\u00e9gion et l&#8217;appareil.<\/p>\n<\/div>\n<\/div>\n<\/div>\n<\/div>\n<\/div>\n<\/div>\n","protected":false},"excerpt":{"rendered":"<ul>\n<li><strong>PAS DE DATE D&#8217;EXPIRATION \u2714\ufe0f ACTIVATION EN LIGNE \u2714\ufe0f<\/strong><\/li>\n<li>Ces licences sont 100% originales.<\/li>\n<li><strong>La licence est permanente, n&#8217;expire pas et se met \u00e0 jour automatiquement.<\/strong><\/li>\n<li>Les licences sont livr\u00e9es en format num\u00e9rique.<\/li>\n<li><strong>Fonctionne pour un seul ordinateur.<\/strong><\/li>\n<li>Ces licences fonctionnent \u00e0 la fois sur 32-bit et 64-bit.<\/li>\n<li><strong>Fonctionne dans n&#8217;importe quelle r\u00e9gion et langue.<\/strong><\/li>\n<li>Une cl\u00e9 d\u2019activation valable \u00e0 vie pour Windows 10 Home<\/li>\n<li><strong>Un lien de t\u00e9l\u00e9chargement pour Windows 10 Home<\/strong><\/li>\n<\/ul>\n","protected":false},"featured_media":97,"comment_status":"closed","ping_status":"closed","template":"","meta":[],"product_cat":[23],"product_tag":[],"jetpack_sharing_enabled":true,"_links":{"self":[{"href":"https:\/\/licensi.fr\/index.php\/wp-json\/wp\/v2\/product\/71"}],"collection":[{"href":"https:\/\/licensi.fr\/index.php\/wp-json\/wp\/v2\/product"}],"about":[{"href":"https:\/\/licensi.fr\/index.php\/wp-json\/wp\/v2\/types\/product"}],"replies":[{"embeddable":true,"href":"https:\/\/licensi.fr\/index.php\/wp-json\/wp\/v2\/comments?post=71"}],"wp:featuredmedia":[{"embeddable":true,"href":"https:\/\/licensi.fr\/index.php\/wp-json\/wp\/v2\/media\/97"}],"wp:attachment":[{"href":"https:\/\/licensi.fr\/index.php\/wp-json\/wp\/v2\/media?parent=71"}],"wp:term":[{"taxonomy":"product_cat","embeddable":true,"href":"https:\/\/licensi.fr\/index.php\/wp-json\/wp\/v2\/product_cat?post=71"},{"taxonomy":"product_tag","embeddable":true,"href":"https:\/\/licensi.fr\/index.php\/wp-json\/wp\/v2\/product_tag?post=71"}],"curies":[{"name":"wp","href":"https:\/\/api.w.org\/{rel}","templated":true}]}}