{"id":70,"date":"2023-11-12T13:09:15","date_gmt":"2023-11-12T13:09:15","guid":{"rendered":"https:\/\/licensi.fr\/?post_type=product&#038;p=70"},"modified":"2024-02-21T16:16:52","modified_gmt":"2024-02-21T14:16:52","slug":"microsoft-project-professional-2019","status":"publish","type":"product","link":"https:\/\/licensi.fr\/index.php\/product\/microsoft-project-professional-2019\/","title":{"rendered":"Microsoft Project Professional 2019"},"content":{"rendered":"<hr \/>\n<p><strong>Microsoft Project 2019 Professional<\/strong> est un logiciel con\u00e7u et cr\u00e9\u00e9 par Microsoft, lanc\u00e9 en 2018. Il permet \u00e0 ses utilisateurs de cr\u00e9er, de modifier et de contr\u00f4ler des projets de bureau complexes, notamment des calendriers, des graphiques, des horaires, etc. Le programme identifie et localise automatiquement les probl\u00e8mes li\u00e9s aux finances. , budg\u00e9tisation et gestion du temps, \u00e9liminant les situations stressantes et chronophages lors d&#8217;efforts importants.<\/p>\n<p><strong>MP 2019<\/strong> propose une large gamme de graphiques et de diagrammes utiles, ce qui est tr\u00e8s important lorsqu&#8217;il s&#8217;agit de mettre en \u00e9vidence les \u00e9l\u00e9ments les plus importants du projet. <strong>Microsoft Project 2019<\/strong> et ses fonctionnalit\u00e9s am\u00e9lioreront consid\u00e9rablement le confort et la qualit\u00e9 de votre travail. Des suggestions bas\u00e9es sur l&#8217;intelligence artificielle et des mod\u00e8les de haute qualit\u00e9 pr\u00eats \u00e0 l&#8217;emploi vous aideront \u00e0 cr\u00e9er des programmes professionnels. Ce logiciel incroyablement fonctionnel vous sera d&#8217;une grande aide dans votre travail quotidien. L&#8217;achat vous donne la cl\u00e9 de licence pour une version autonome sans abonnement de Project Professional 2019.<\/p>\n<p><strong>Votre assistant de planification professionnel<\/strong><\/p>\n<p>Microsoft Project 2019 Professional facilite grandement la planification et vous aide \u00e0 atteindre vos objectifs sans stress inutile ni processus chronophages. Le logiciel de gestion de projet Microsoft est s\u00fbr d&#8217;augmenter la productivit\u00e9 des chefs de projet et de chaque membre de l&#8217;\u00e9quipe. Avec MP 2019 Professional, vous pourrez facilement d\u00e9finir vos priorit\u00e9s commerciales et atteindre vos objectifs souhait\u00e9s. Le programme a \u00e9t\u00e9 d\u00e9velopp\u00e9 pour rendre le travail d&#8217;\u00e9quipe plus facile et plus comp\u00e9tent &#8211; il convient de noter qu&#8217;il vous permet de travailler avec votre \u00e9quipe et vous pouvez voir qui est actuellement disponible via Microsoft Teams ou Skype Entreprise.<\/p>\n<p><strong>Principales caract\u00e9ristiques:<\/strong><br \/>\n&#8211; Con\u00e7u pour vous faciliter la vie<br \/>\n&#8211; Maximiser votre productivit\u00e9 et celle de votre \u00e9quipe<br \/>\n&#8211; De nombreux mod\u00e8les pr\u00eats \u00e0 l&#8217;emploi de haute qualit\u00e9<br \/>\n&#8211; Reconnaissance automatique des probl\u00e8mes et des conflits<br \/>\n&#8211; Int\u00e9gration compl\u00e8te avec d&#8217;autres produits Microsoft<\/p>\n","protected":false},"excerpt":{"rendered":"<ul>\n<li style=\"list-style-type: none;\">\n<ul>\n<li><strong>~ VALIDIT\u00c9 \u00c0 VIE <img decoding=\"async\" class=\"emoji\" role=\"img\" draggable=\"false\" src=\"https:\/\/s.w.org\/images\/core\/emoji\/13.1.0\/svg\/2714.svg\" alt=\"\u2714\ufe0f\" \/> ACTIVATION EN LIGNE <img decoding=\"async\" class=\"emoji\" role=\"img\" draggable=\"false\" src=\"https:\/\/s.w.org\/images\/core\/emoji\/13.1.0\/svg\/2714.svg\" alt=\"\u2714\ufe0f\" \/><\/strong><\/li>\n<\/ul>\n<\/li>\n<\/ul>\n<ul>\n<li style=\"list-style-type: none;\">\n<ul>\n<li>~ Lors de l&#8217;achat, vous recevrez \u00e9galement un lien de t\u00e9l\u00e9chargement, \u00e0 partir duquel vous pourrez t\u00e9l\u00e9charger directement depuis le site Web officiel de Microsoft, et apr\u00e8s l&#8217;installation, entrez directement la licence fournie par nous.<\/li>\n<\/ul>\n<\/li>\n<\/ul>\n<ul>\n<li style=\"list-style-type: none;\">\n<ul>\n<li><strong>~ La licence dure toute une vie, n&#8217;expire pas et est automatiquement mise \u00e0 jour.<\/strong><\/li>\n<\/ul>\n<\/li>\n<\/ul>\n<ul>\n<li style=\"list-style-type: none;\">\n<ul>\n<li>~ Fonctionne pour 1 ordinateur uniquement. (1 PC)<\/li>\n<\/ul>\n<\/li>\n<\/ul>\n<ul>\n<li style=\"list-style-type: none;\">\n<ul>\n<li><strong>~ La licence est 100% originale, elle s&#8217;active directement depuis le site officiel de Microsoft !<\/strong><\/li>\n<\/ul>\n<\/li>\n<\/ul>\n","protected":false},"featured_media":96,"comment_status":"closed","ping_status":"closed","template":"","meta":[],"product_cat":[20,27],"product_tag":[],"jetpack_sharing_enabled":true,"_links":{"self":[{"href":"https:\/\/licensi.fr\/index.php\/wp-json\/wp\/v2\/product\/70"}],"collection":[{"href":"https:\/\/licensi.fr\/index.php\/wp-json\/wp\/v2\/product"}],"about":[{"href":"https:\/\/licensi.fr\/index.php\/wp-json\/wp\/v2\/types\/product"}],"replies":[{"embeddable":true,"href":"https:\/\/licensi.fr\/index.php\/wp-json\/wp\/v2\/comments?post=70"}],"wp:featuredmedia":[{"embeddable":true,"href":"https:\/\/licensi.fr\/index.php\/wp-json\/wp\/v2\/media\/96"}],"wp:attachment":[{"href":"https:\/\/licensi.fr\/index.php\/wp-json\/wp\/v2\/media?parent=70"}],"wp:term":[{"taxonomy":"product_cat","embeddable":true,"href":"https:\/\/licensi.fr\/index.php\/wp-json\/wp\/v2\/product_cat?post=70"},{"taxonomy":"product_tag","embeddable":true,"href":"https:\/\/licensi.fr\/index.php\/wp-json\/wp\/v2\/product_tag?post=70"}],"curies":[{"name":"wp","href":"https:\/\/api.w.org\/{rel}","templated":true}]}}