{"id":69,"date":"2023-11-12T13:09:15","date_gmt":"2023-11-12T13:09:15","guid":{"rendered":"https:\/\/licensi.fr\/?post_type=product&#038;p=69"},"modified":"2023-11-12T13:09:59","modified_gmt":"2023-11-12T13:09:59","slug":"licence-windows-10-server-datacenter","status":"publish","type":"product","link":"https:\/\/licensi.fr\/index.php\/product\/licence-windows-10-server-datacenter\/","title":{"rendered":"Licence Windows 10 Server Datacenter"},"content":{"rendered":"<div>\n<p><strong>Windows Server 2019<\/strong> est le syst\u00e8me d&#8217;exploitation qui connecte les environnements locaux aux services Azure, permettant des sc\u00e9narios hybrides qui maximisent les investissements existants. Augmentez la s\u00e9curit\u00e9 et r\u00e9duisez les risques commerciaux avec plusieurs couches de protection int\u00e9gr\u00e9es \u00e0 votre syst\u00e8me d&#8217;exploitation. Faites \u00e9voluer votre infrastructure de centre de donn\u00e9es pour une efficacit\u00e9 et une \u00e9volutivit\u00e9 accrues gr\u00e2ce \u00e0 une infrastructure hyperconvergente. Permettez aux d\u00e9veloppeurs et aux professionnels de l&#8217;informatique de cr\u00e9er des applications cloud natives et de moderniser leurs applications traditionnelles \u00e0 l&#8217;aide de conteneurs et de micro-services.<strong>Choisissez parmi trois \u00e9ditions majeures de Windows Server, en fonction de la taille de votre organisation, ainsi que de vos exigences en mati\u00e8re de virtualisation et de centre de donn\u00e9es :<\/strong><\/p>\n<p><strong>L&#8217;\u00e9dition Datacenter<\/strong> est id\u00e9ale pour les environnements de centres de donn\u00e9es hautement virtualis\u00e9s et d\u00e9finis par logiciel. Datacenter Edition est conc\u00e9d\u00e9 sous licence selon le mod\u00e8le de licence par c\u0153ur \/ CAL * et n\u00e9cessite une CAL Windows Server pour acc\u00e9der au serveur.<\/p>\n<p><strong>L&#8217;\u00e9dition standard<\/strong> est id\u00e9ale pour les clients ayant des environnements \u00e0 faible densit\u00e9 ou non virtualis\u00e9s. L&#8217;\u00e9dition standard est conc\u00e9d\u00e9e sous le mod\u00e8le de licence par c\u0153ur \/ CAL * et n\u00e9cessite une CAL Windows Server pour l&#8217;acc\u00e8s au serveur.<\/p>\n<p><strong>Essentials Edition<\/strong> est le premier serveur connect\u00e9 au cloud, id\u00e9al pour les petites entreprises comptant jusqu&#8217;\u00e0 25 utilisateurs et 50 appareils. Essentials est une bonne option pour les clients qui utilisent actuellement l&#8217;\u00e9dition Foundation abandonn\u00e9e. L&#8217;\u00e9dition Essentials est conc\u00e9d\u00e9e sous le mod\u00e8le de licence Specialty Servers et ne n\u00e9cessite pas de CAL Windows Server pour acc\u00e9der au serveur.<\/p>\n<\/div>\n<hr \/>\n<p><em><strong>Important &#8211;<\/strong> Veuillez noter que toutes les fonctionnalit\u00e9s ne sont pas disponibles dans toutes les \u00e9ditions de Windows Server 2019 ; veuillez consulter la section Pr\u00e9sentation pour conna\u00eetre les principales diff\u00e9rences et les sc\u00e9narios d&#8217;utilisation pr\u00e9vus. L&#8217;achat s\u00e9par\u00e9 de CAL peut \u00eatre n\u00e9cessaire.<\/em><\/p>\n<hr \/>\n<p><img loading=\"lazy\" decoding=\"async\" class=\"size-full wp-image-528 aligncenter\" src=\"https:\/\/ozone-software.com\/wp-content\/uploads\/2019\/01\/Screenshot_1.png\" alt=\"\" width=\"1030\" height=\"699\" \/> <img loading=\"lazy\" decoding=\"async\" class=\"size-full wp-image-530 aligncenter\" src=\"https:\/\/ozone-software.com\/wp-content\/uploads\/2019\/01\/Screenshot_3.png\" alt=\"\" width=\"1027\" height=\"457\" \/> <img loading=\"lazy\" decoding=\"async\" class=\"size-full wp-image-533 aligncenter\" src=\"https:\/\/ozone-software.com\/wp-content\/uploads\/2019\/01\/Screenshot_5.png\" alt=\"\" width=\"1030\" height=\"445\" \/><\/p>\n","protected":false},"excerpt":{"rendered":"<ul>\n<li style=\"list-style-type: none;\">\n<ul>\n<li><strong>~ VALIDIT\u00c9 DE VIE \u2714\ufe0f ACTIVATION EN LIGNE \u2714\ufe0f<\/strong><\/li>\n<\/ul>\n<\/li>\n<\/ul>\n<ul>\n<li style=\"list-style-type: none;\">\n<ul>\n<li>~ Ces licences sont 100% originales et sont RETAIL.<\/li>\n<\/ul>\n<\/li>\n<\/ul>\n<ul>\n<li style=\"list-style-type: none;\">\n<ul>\n<li><strong>~ Les licences sont au format num\u00e9rique.<\/strong><\/li>\n<\/ul>\n<\/li>\n<\/ul>\n<ul>\n<li style=\"list-style-type: none;\">\n<ul>\n<li>~ La licence dure toute une vie, n&#8217;expire pas et est automatiquement mise \u00e0 jour.<\/li>\n<\/ul>\n<\/li>\n<\/ul>\n<ul>\n<li style=\"list-style-type: none;\">\n<ul>\n<li><strong>~ Fonctionne pour 1 ordinateur uniquement. (1 PC)<\/strong><\/li>\n<\/ul>\n<\/li>\n<\/ul>\n","protected":false},"featured_media":95,"comment_status":"closed","ping_status":"closed","template":"","meta":[],"product_cat":[22],"product_tag":[],"jetpack_sharing_enabled":true,"_links":{"self":[{"href":"https:\/\/licensi.fr\/index.php\/wp-json\/wp\/v2\/product\/69"}],"collection":[{"href":"https:\/\/licensi.fr\/index.php\/wp-json\/wp\/v2\/product"}],"about":[{"href":"https:\/\/licensi.fr\/index.php\/wp-json\/wp\/v2\/types\/product"}],"replies":[{"embeddable":true,"href":"https:\/\/licensi.fr\/index.php\/wp-json\/wp\/v2\/comments?post=69"}],"wp:featuredmedia":[{"embeddable":true,"href":"https:\/\/licensi.fr\/index.php\/wp-json\/wp\/v2\/media\/95"}],"wp:attachment":[{"href":"https:\/\/licensi.fr\/index.php\/wp-json\/wp\/v2\/media?parent=69"}],"wp:term":[{"taxonomy":"product_cat","embeddable":true,"href":"https:\/\/licensi.fr\/index.php\/wp-json\/wp\/v2\/product_cat?post=69"},{"taxonomy":"product_tag","embeddable":true,"href":"https:\/\/licensi.fr\/index.php\/wp-json\/wp\/v2\/product_tag?post=69"}],"curies":[{"name":"wp","href":"https:\/\/api.w.org\/{rel}","templated":true}]}}