{"id":67,"date":"2023-11-12T13:09:15","date_gmt":"2023-11-12T13:09:15","guid":{"rendered":"https:\/\/licensi.fr\/?post_type=product&#038;p=67"},"modified":"2023-11-12T13:09:48","modified_gmt":"2023-11-12T13:09:48","slug":"licence-avast-premium-security-1-an-1-appareil","status":"publish","type":"product","link":"https:\/\/licensi.fr\/index.php\/product\/licence-avast-premium-security-1-an-1-appareil\/","title":{"rendered":"Licence Avast Premium Security -1 An &#8211; 1 Appareil"},"content":{"rendered":"<div id=\"media-header\" class=\"mt-5\">\n<div class=\"container\">\n<div class=\"row text-center justify-content-center\">\n<div class=\"col-12 col-md-10 mt-5\">\n<div class=\"text-large\"><strong>Protection contre vos plus grands ennemis en ligne<\/strong><br \/>\nAvast Premium Security prot\u00e8ge contre toutes les menaces en ligne, y compris les faux sites Web et les ransomwares.<\/div>\n<\/div>\n<div><\/div>\n<\/div>\n<\/div>\n<\/div>\n<section id=\"banking\" class=\"media-blade-right\" data-cmp-name=\"cmp-media-object\">\n<div class=\"media-container container\">\n<div class=\"row media media-image-right media-amoeba-outlined\">\n<div class=\"col-lg-6 d-none d-lg-inline media-image justify-content-center\"><picture><source srcset=\"https:\/\/static3.avast.com\/10001870\/web\/i\/v2\/aim\/img\/premium-security\/media-img-banking.png?width=648\" media=\"(min-width: 992px)\" \/><img loading=\"lazy\" decoding=\"async\" class=\"media-image-img-desktop aligncenter\" src=\"https:\/\/static3.avast.com\/10001870\/web\/i\/v2\/aim\/img\/premium-security\/media-img-banking.png?width=648\" alt=\"\" width=\"358\" height=\"213\" \/><\/picture><\/div>\n<\/div>\n<\/div>\n<\/section>\n<section id=\"shield\" class=\"bg-grey-03\" data-cmp-name=\"cmp-media-object\">\n<div class=\"media-container container\">\n<div class=\"row media media-image-left\">\n<div class=\"col-lg-5 d-none d-lg-inline media-image justify-content-center\">\n<p><strong>Vous pouvez maintenant faire vos achats en toute s\u00e9curit\u00e9 et effectuer vos op\u00e9rations bancaires en ligne<\/strong>Les faux sites Web sont l&#8217;une des plus anciennes astuces de piratage du livre. Avast Premium Security analyse les sites Web \u00e0 la recherche de risques de s\u00e9curit\u00e9 sur votre ordinateur et votre t\u00e9l\u00e9phone mobile afin que vous puissiez enfin effectuer des achats et s\u00e9curiser vos op\u00e9rations bancaires en ligne depuis n&#8217;importe quel appareil.<\/p>\n<\/div>\n<div class=\"col-lg-5 d-none d-lg-inline media-image justify-content-center\">Les sites Web contrefaits sont devenus de plus en plus sophistiqu\u00e9s au fil des ans. Par exemple, un pirate peut utiliser un faux DNS pour cr\u00e9er une copie malveillante d&#8217;un site Web commercial ou bancaire l\u00e9gitime. Le but est de vous inciter \u00e0 saisir les d\u00e9tails de votre carte de cr\u00e9dit ou vos informations de connexion bancaire sur le faux site &#8211; avant que vous ne le sachiez, vous avez transmis vos informations sensibles \u00e0 un \u00e9tranger.<br \/>\nnAvast Premium Security vous prot\u00e8ge en vous redirigeant automatiquement vers des sites s\u00e9curis\u00e9s, en veillant \u00e0 ce que vous n&#8217;atteigniez jamais un faux site Web. Il prot\u00e8ge \u00e9galement contre les routeurs pirat\u00e9s qui utilisent de faux param\u00e8tres DNS pour vous envoyer vers de faux sites Web.<\/div>\n<div class=\"col-lg-5 d-none d-lg-inline media-image justify-content-center\"><strong>Emp\u00eachez les pirates de s&#8217;emparer de votre ordinateur<\/strong><br \/>\nLes attaques d&#8217;acc\u00e8s \u00e0 distance sont en augmentation &#8211; et la derni\u00e8re chose que vous voulez, c&#8217;est qu&#8217;un pirate prenne le contr\u00f4le \u00e0 distance de votre ordinateur et l&#8217;infecte avec des logiciels malveillants ou bloque vos fichiers de ransomware. Avast Premium Security prot\u00e8ge d\u00e9sormais votre ordinateur contre ces attaques.Le vecteur le plus dominant des attaques d&#8217;acc\u00e8s \u00e0 distance est le protocole RDP (Remote Desktop Protocol) de Microsoft. RDP est un outil utile pour accorder un acc\u00e8s \u00e0 distance autoris\u00e9 en cas de besoin, mais il peut constituer une \u00e9chappatoire pour une attaque s&#8217;il n&#8217;est pas utilis\u00e9 correctement. Remote Access Shield prot\u00e8ge contre de telles attaques de trois mani\u00e8res :D\u00e9tectez et bloquez les attaques par force brute en comptant les tentatives de connexion \u00e9chou\u00e9es dans une p\u00e9riode de temps sp\u00e9cifi\u00e9e et en bloquant l&#8217;adresse IP associ\u00e9e \u00e0 ces tentatives.nIl s\u00e9curise les vuln\u00e9rabilit\u00e9s connues du syst\u00e8me d&#8217;exploitation et emp\u00eache les attaques d&#8217;exploitation RDP qui les ciblent.Bloquez automatiquement toutes les adresses IP connues pour distribuer des logiciels malveillants en exploitant les ports RDP. Notre base de donn\u00e9es est continuellement mise \u00e0 jour \u00e0 l&#8217;aide de notre algorithme d&#8217;IA.<strong>Avast Premium Security n\u00e9cessite que votre appareil respecte la configuration syst\u00e8me minimale suivante :<\/strong><\/p>\n<p><img decoding=\"async\" src=\"https:\/\/static3.avast.com\/10001870\/web\/i\/v2\/components\/win.svg\" alt=\"\" \/>Windows 10, 8.1, 8, 7 (SP2) (32 ou 64 bits), 1 Go de RAM, 2 Go d&#8217;espace libre sur le disque dur.<br \/>\n<img decoding=\"async\" src=\"https:\/\/static3.avast.com\/10001870\/web\/i\/v2\/components\/mac.svg\" alt=\"\" \/>Mac: macOS 10.10 (Yosemite) or higher with 750 MB of hard disk space.<br \/>\n<img decoding=\"async\" src=\"https:\/\/static3.avast.com\/10001870\/web\/i\/v2\/components\/android.svg\" alt=\"\" \/>Android: Google Android 5.0 (Lollipop, API 21) or higher.<br \/>\n<img decoding=\"async\" src=\"https:\/\/static3.avast.com\/10001870\/web\/i\/v2\/components\/i-os.svg\" alt=\"\" \/>iOS: iOS 12.0 or higher.<\/p>\n<\/div>\n<div class=\"col-12 col-lg-5 offset-lg-1 media-body\">\n<div class=\"media-text\">\n<div class=\"techcorner js-techcorner techcorner-left border shadow expanded\" aria-expanded=\"true\" data-cmp-name=\"cmp-tech-corner\">\n<div>\n<hr \/>\n<p><strong>IMPORTANT :<\/strong> Avast Premium Security n&#8217;est pas pris en charge (n&#8217;est pas pris en charge, ne peut pas \u00eatre install\u00e9 et ne s&#8217;ex\u00e9cutera pas) sous DOS, les versions ant\u00e9rieures de Microsoft Windows, Windows 7, les syst\u00e8mes d&#8217;exploitation Microsoft Windows Server ou tout autre \u00e9l\u00e9ment non sp\u00e9cifi\u00e9 comme \u00e9tant pris en charge.<\/p>\n<\/div>\n<div>\n<hr \/>\n<\/div>\n<\/div>\n<\/div>\n<\/div>\n<\/div>\n<\/div>\n<\/section>\n","protected":false},"excerpt":{"rendered":"<ul>\n<li><strong>Ces licences sont 100% originales.<\/strong><\/li>\n<li>Les licences se pr\u00e9sentent sous forme num\u00e9rique et peuvent \u00eatre activ\u00e9es dans le monde entier.<\/li>\n<li><strong>La licence dure un an et est automatiquement mise \u00e0 jour.<\/strong><\/li>\n<li>Peut \u00eatre install\u00e9 dans toutes les langues prises en charge (y compris le fran\u00e7ais)<\/li>\n<li>Lors de l&#8217;achat, il est possible que nous vous envoyions des versions sup\u00e9rieures avec plus de fonctionnalit\u00e9s en fonction du stock dont nous disposons (nous ne vous enverrons jamais de licences plus faibles que la version pr\u00e9sent\u00e9e).<\/li>\n<\/ul>\n","protected":false},"featured_media":93,"comment_status":"closed","ping_status":"closed","template":"","meta":[],"product_cat":[21],"product_tag":[],"jetpack_sharing_enabled":true,"_links":{"self":[{"href":"https:\/\/licensi.fr\/index.php\/wp-json\/wp\/v2\/product\/67"}],"collection":[{"href":"https:\/\/licensi.fr\/index.php\/wp-json\/wp\/v2\/product"}],"about":[{"href":"https:\/\/licensi.fr\/index.php\/wp-json\/wp\/v2\/types\/product"}],"replies":[{"embeddable":true,"href":"https:\/\/licensi.fr\/index.php\/wp-json\/wp\/v2\/comments?post=67"}],"wp:featuredmedia":[{"embeddable":true,"href":"https:\/\/licensi.fr\/index.php\/wp-json\/wp\/v2\/media\/93"}],"wp:attachment":[{"href":"https:\/\/licensi.fr\/index.php\/wp-json\/wp\/v2\/media?parent=67"}],"wp:term":[{"taxonomy":"product_cat","embeddable":true,"href":"https:\/\/licensi.fr\/index.php\/wp-json\/wp\/v2\/product_cat?post=67"},{"taxonomy":"product_tag","embeddable":true,"href":"https:\/\/licensi.fr\/index.php\/wp-json\/wp\/v2\/product_tag?post=67"}],"curies":[{"name":"wp","href":"https:\/\/api.w.org\/{rel}","templated":true}]}}