{"id":66,"date":"2023-11-12T13:09:15","date_gmt":"2023-11-12T13:09:15","guid":{"rendered":"https:\/\/licensi.fr\/?post_type=product&#038;p=66"},"modified":"2023-11-12T13:09:40","modified_gmt":"2023-11-12T13:09:40","slug":"licence-mcafee-antivirus-1-an-1-appareil","status":"publish","type":"product","link":"https:\/\/licensi.fr\/index.php\/product\/licence-mcafee-antivirus-1-an-1-appareil\/","title":{"rendered":"Licence McAfee Antivirus &#8211; 1 An &#8211; 1 Appareil"},"content":{"rendered":"<p><strong>Comment activer :<\/strong><\/p>\n<p>1.Acc\u00e9dez \u00e0 http:\/\/www.mcafee.com\/activate<br \/>\n2.Entrez la cl\u00e9 de produit.<br \/>\n3.Suivez les instructions \u00e0 l&#8217;\u00e9cran pour effectuer la configuration avec McAfee.<\/p>\n<p><strong>McAfee Internet Security<\/strong> &#8211; Anti-malware complet en temps r\u00e9el, anti-malware, pare-feu, filtres anti-spam et contr\u00f4les parentaux, plus sauvegarde automatique des fichiers dans notre coffre-fort cloud.<\/p>\n<p>Les gens veulent profiter des avantages de la connexion, de la navigation et des achats en ligne, et ils ne veulent pas penser aux risques de s\u00e9curit\u00e9. Chez McAfee, nous vivons et respirons la s\u00e9curit\u00e9 num\u00e9rique, travaillant sans rel\u00e2che pour garder quelques longueurs d&#8217;avance sur les m\u00e9chants. Chaque seconde de chaque jour, nous nous concentrons sur une chose : assurer la s\u00e9curit\u00e9 de votre vie num\u00e9rique afin que vous puissiez naviguer, faire des achats et socialiser en ligne en toute confiance.<\/p>\n<p><strong>Les caract\u00e9ristiques:<\/strong><\/p>\n<p>-Puissante protection de l&#8217;ordinateur<br \/>\n-Soyez prot\u00e9g\u00e9 contre les chevaux de Troie, les virus, les logiciels espions, les rootkits et bien plus encore gr\u00e2ce \u00e0 une protection de pointe contre les logiciels malveillants<br \/>\n-Ne vous souciez plus des probl\u00e8mes de performances &#8211; le moteur d&#8217;analyse avanc\u00e9 v\u00e9rifie rapidement les menaces sans compromettre les performances de la batterie<br \/>\n-Gardez les menaces zero-day et les botnets \u00e0 distance gr\u00e2ce \u00e0 la couverture des technologies McAfee ActiveProtection et NetGuard<br \/>\n-Filtre anti-spam et e-mail dangereux<br \/>\n-Assurez-vous que les e-mails dangereux et ennuyeux n&#8217;atteignent jamais votre bo\u00eete de r\u00e9ception gr\u00e2ce au filtre McAfee le plus pr\u00e9cis \u00e0 ce jour<br \/>\n-Contr\u00f4le parental efficace<br \/>\n-Bloquez les sites inappropri\u00e9s et fixez des limites de temps pour l&#8217;utilisation d&#8217;Internet<br \/>\n-V\u00e9rifiez les heures de connexion des utilisateurs, les tentatives d&#8217;acc\u00e8s aux sites interdits et le temps total pass\u00e9 en ligne<br \/>\n-D\u00e9couvrez ce que vos enfants font en ligne gr\u00e2ce \u00e0 un rapport d&#8217;utilisation d\u00e9taill\u00e9<br \/>\n-Outils de confidentialit\u00e9 et d&#8217;optimisation des PC<br \/>\n-Rechercher et corriger les failles dans les applications Windows et McAfee Vulnerability Scanner<br \/>\n-Am\u00e9liorez les performances de votre ordinateur en supprimant les fichiers inutiles avec McAfee QuickClean<br \/>\n-D\u00e9truisez en toute s\u00e9curit\u00e9 les fichiers sensibles, tels que les documents fiscaux, avec McAfee Shredder<\/p>\n","protected":false},"excerpt":{"rendered":"<ul>\n<li><strong>Ces licences sont 100% originales.<\/strong><\/li>\n<li>Les licences se pr\u00e9sentent sous forme num\u00e9rique et peuvent \u00eatre activ\u00e9es dans le monde entier.<\/li>\n<li><strong>La licence dure un an et est automatiquement mise \u00e0 jour.<\/strong><\/li>\n<li>Peut \u00eatre install\u00e9 dans toutes les langues prises en charge (y compris le fran\u00e7ais)<\/li>\n<li>Lors de l&#8217;achat, il est possible que nous vous envoyions des versions sup\u00e9rieures avec plus de fonctionnalit\u00e9s en fonction du stock dont nous disposons (nous ne vous enverrons jamais de licences plus faibles que la version pr\u00e9sent\u00e9e).<\/li>\n<\/ul>\n","protected":false},"featured_media":92,"comment_status":"closed","ping_status":"closed","template":"","meta":[],"product_cat":[21],"product_tag":[],"jetpack_sharing_enabled":true,"_links":{"self":[{"href":"https:\/\/licensi.fr\/index.php\/wp-json\/wp\/v2\/product\/66"}],"collection":[{"href":"https:\/\/licensi.fr\/index.php\/wp-json\/wp\/v2\/product"}],"about":[{"href":"https:\/\/licensi.fr\/index.php\/wp-json\/wp\/v2\/types\/product"}],"replies":[{"embeddable":true,"href":"https:\/\/licensi.fr\/index.php\/wp-json\/wp\/v2\/comments?post=66"}],"wp:featuredmedia":[{"embeddable":true,"href":"https:\/\/licensi.fr\/index.php\/wp-json\/wp\/v2\/media\/92"}],"wp:attachment":[{"href":"https:\/\/licensi.fr\/index.php\/wp-json\/wp\/v2\/media?parent=66"}],"wp:term":[{"taxonomy":"product_cat","embeddable":true,"href":"https:\/\/licensi.fr\/index.php\/wp-json\/wp\/v2\/product_cat?post=66"},{"taxonomy":"product_tag","embeddable":true,"href":"https:\/\/licensi.fr\/index.php\/wp-json\/wp\/v2\/product_tag?post=66"}],"curies":[{"name":"wp","href":"https:\/\/api.w.org\/{rel}","templated":true}]}}