{"id":64,"date":"2023-11-12T13:09:15","date_gmt":"2023-11-12T13:09:15","guid":{"rendered":"https:\/\/licensi.fr\/?post_type=product&#038;p=64"},"modified":"2024-02-21T16:16:51","modified_gmt":"2024-02-21T14:16:51","slug":"licence-visio-professional-2016","status":"publish","type":"product","link":"https:\/\/licensi.fr\/index.php\/product\/licence-visio-professional-2016\/","title":{"rendered":"Licence Visio Professional 2016"},"content":{"rendered":"<h4>Configuration requise<\/h4>\n<ul>\n<li style=\"list-style-type: none;\">\n<ul>\n<li>Processeur : 1 GHz ou processeur x86 ou x64 bits plus rapide avec SSE2<\/li>\n<\/ul>\n<\/li>\n<\/ul>\n<ul>\n<li style=\"list-style-type: none;\">\n<ul>\n<li>Syst\u00e8me d&#8217;exploitation : Windows 7 ou version ult\u00e9rieure, Windows Server 2008 R2 ou Windows Server 2012<\/li>\n<\/ul>\n<\/li>\n<\/ul>\n<ul>\n<li style=\"list-style-type: none;\">\n<ul>\n<li>M\u00e9moire : 1 Go de RAM (32 bits) ; 2 Go de RAM (64 bits)<\/li>\n<\/ul>\n<\/li>\n<\/ul>\n<ul>\n<li style=\"list-style-type: none;\">\n<ul>\n<li>Espace disque : 3,0 Go d&#8217;espace disque disponible<\/li>\n<\/ul>\n<\/li>\n<\/ul>\n<ul>\n<li style=\"list-style-type: none;\">\n<ul>\n<li>Affichage : r\u00e9solution 1280&#215;800<\/li>\n<\/ul>\n<\/li>\n<\/ul>\n<ul>\n<li style=\"list-style-type: none;\">\n<ul>\n<li>Graphiques\u00a0: l&#8217;acc\u00e9l\u00e9ration mat\u00e9rielle graphique n\u00e9cessite une carte graphique DirectX 10<\/li>\n<\/ul>\n<\/li>\n<\/ul>\n<ul>\n<li style=\"list-style-type: none;\">\n<ul>\n<li>Multi-touch : Un appareil tactile est n\u00e9cessaire pour utiliser toute fonctionnalit\u00e9 multi-touch. Cependant, toutes les caract\u00e9ristiques et fonctionnalit\u00e9s sont toujours disponibles \u00e0 l&#8217;aide d&#8217;un clavier, d&#8217;une souris ou d&#8217;un autre p\u00e9riph\u00e9rique d&#8217;entr\u00e9e standard ou accessible. Notez que les nouvelles fonctionnalit\u00e9s tactiles sont optimis\u00e9es pour une utilisation avec Windows 8 ou version ult\u00e9rieure.<\/li>\n<\/ul>\n<\/li>\n<\/ul>\n<ul>\n<li style=\"list-style-type: none;\">\n<ul>\n<li>Exigences suppl\u00e9mentaires\u00a0: la fonctionnalit\u00e9 Internet n\u00e9cessite une connexion Internet.<\/li>\n<\/ul>\n<\/li>\n<\/ul>\n","protected":false},"excerpt":{"rendered":"<ul>\n<li style=\"list-style-type: none;\">\n<ul>\n<li><strong> VALIDITE A VIE \u2714\ufe0f ACTIVATION EN LIGNE \u2714\ufe0f<\/strong><\/li>\n<\/ul>\n<\/li>\n<\/ul>\n<ul>\n<li style=\"list-style-type: none;\">\n<ul>\n<li>Lors de l&#8217;achat, vous recevrez la cl\u00e9 et un lien de t\u00e9l\u00e9chargement, \u00e0 partir duquel vous pourrez t\u00e9l\u00e9charger directement Office \u00e0 partir du site Web officiel de Microsoft, et apr\u00e8s l&#8217;installation, entrez directement la licence fournie par nous.<\/li>\n<\/ul>\n<\/li>\n<\/ul>\n<ul>\n<li style=\"list-style-type: none;\">\n<ul>\n<li><strong>Fonctionne uniquement sur Windows.<\/strong><\/li>\n<\/ul>\n<\/li>\n<\/ul>\n<ul>\n<li style=\"list-style-type: none;\">\n<ul>\n<li>La licence dure toute une vie, n&#8217;expire pas et est automatiquement mise \u00e0 jour.<\/li>\n<\/ul>\n<\/li>\n<\/ul>\n<ul>\n<li style=\"list-style-type: none;\">\n<ul>\n<li><strong>Fonctionne pour 1 ordinateur uniquement. (1 PC)<\/strong><\/li>\n<\/ul>\n<\/li>\n<\/ul>\n<ul>\n<li style=\"list-style-type: none;\">\n<ul>\n<li>Si vous avez des questions, veuillez nous contacter par e-mail ou chat en direct.<\/li>\n<\/ul>\n<\/li>\n<\/ul>\n","protected":false},"featured_media":90,"comment_status":"closed","ping_status":"closed","template":"","meta":[],"product_cat":[20],"product_tag":[],"jetpack_sharing_enabled":true,"_links":{"self":[{"href":"https:\/\/licensi.fr\/index.php\/wp-json\/wp\/v2\/product\/64"}],"collection":[{"href":"https:\/\/licensi.fr\/index.php\/wp-json\/wp\/v2\/product"}],"about":[{"href":"https:\/\/licensi.fr\/index.php\/wp-json\/wp\/v2\/types\/product"}],"replies":[{"embeddable":true,"href":"https:\/\/licensi.fr\/index.php\/wp-json\/wp\/v2\/comments?post=64"}],"wp:featuredmedia":[{"embeddable":true,"href":"https:\/\/licensi.fr\/index.php\/wp-json\/wp\/v2\/media\/90"}],"wp:attachment":[{"href":"https:\/\/licensi.fr\/index.php\/wp-json\/wp\/v2\/media?parent=64"}],"wp:term":[{"taxonomy":"product_cat","embeddable":true,"href":"https:\/\/licensi.fr\/index.php\/wp-json\/wp\/v2\/product_cat?post=64"},{"taxonomy":"product_tag","embeddable":true,"href":"https:\/\/licensi.fr\/index.php\/wp-json\/wp\/v2\/product_tag?post=64"}],"curies":[{"name":"wp","href":"https:\/\/api.w.org\/{rel}","templated":true}]}}