{"id":63,"date":"2023-11-12T13:09:14","date_gmt":"2023-11-12T13:09:14","guid":{"rendered":"https:\/\/licensi.fr\/?post_type=product&#038;p=63"},"modified":"2024-02-21T16:16:54","modified_gmt":"2024-02-21T14:16:54","slug":"licence-visio-professional-2019","status":"publish","type":"product","link":"https:\/\/licensi.fr\/index.php\/product\/licence-visio-professional-2019\/","title":{"rendered":"Licence Visio Professional 2019"},"content":{"rendered":"<div class=\"greyrow\">\n<hr \/>\n<p><strong>Qu&#8217;est-ce que Visio ?<\/strong><br \/>\nEn termes simples, Visio est un programme Microsoft Office qui fonctionne comme un outil de visualisation pour afficher les donn\u00e9es d&#8217;une mani\u00e8re facile \u00e0 comprendre. Le plus souvent utilis\u00e9 pour les donn\u00e9es qui correspondent bien aux graphiques et aux diagrammes, Visio prend des images standard et permet aux organigrammes et aux diagrammes de d\u00e9cision d&#8217;utiliser ces images pour expliquer les donn\u00e9es.<\/p>\n<p><strong>Si vous cr\u00e9ez des organigrammes ou des cartes de processus, c&#8217;est l&#8217;outil de choix dans les communaut\u00e9s de gestion de projet et d&#8217;analystes d&#8217;affaires, de r\u00e9seau et d&#8217;infrastructure.<\/strong><\/p>\n<p>Une fa\u00e7on de penser \u00e0 Visio est qu&#8217;il s&#8217;agit d&#8217;associer des donn\u00e9es \u00e0 des formes dans un graphique. Connectez vos donn\u00e9es \u00e0 ces formes et vous pouvez appliquer des options graphiques, notamment du texte, des barres de donn\u00e9es et des ic\u00f4nes, pour afficher les nombres d&#8217;une mani\u00e8re facile \u00e0 comprendre visuellement. Une grande caract\u00e9ristique de Visio est que ses diagrammes de donn\u00e9es sont dynamiques. Cela signifie que le graphique de donn\u00e9es changera en temps r\u00e9el lorsque les donn\u00e9es sont modifi\u00e9es \u00e0 la source (g\u00e9n\u00e9ralement la &#8220;source&#8221; est une feuille de calcul Excel).<\/p>\n<p><strong>Avec Visio sur votre ordinateur ou votre appareil mobile, vous pouvez :<\/strong><\/p>\n<ul>\n<li style=\"list-style-type: none;\">\n<ul>\n<li>Organisez visuellement des id\u00e9es complexes.<\/li>\n<\/ul>\n<\/li>\n<\/ul>\n<ul>\n<li style=\"list-style-type: none;\">\n<ul>\n<li>Commencez avec des centaines de mod\u00e8les, notamment des organigrammes, des chronologies, des plans d&#8217;\u00e9tage, etc.<\/li>\n<\/ul>\n<\/li>\n<\/ul>\n<ul>\n<li style=\"list-style-type: none;\">\n<ul>\n<li>Ajoutez et liez des formes, du texte et des images pour montrer les relations dans vos donn\u00e9es<\/li>\n<\/ul>\n<\/li>\n<\/ul>\n<ul>\n<li style=\"list-style-type: none;\">\n<ul>\n<li>Donne aux diagrammes un aspect professionnel avec des styles, des effets, des th\u00e8mes et des arri\u00e8re-plans.<\/li>\n<\/ul>\n<\/li>\n<\/ul>\n<ul>\n<li style=\"list-style-type: none;\">\n<ul>\n<li>Cr\u00e9ez des graphiques dynamiques et connectez-vous aux donn\u00e9es dans Excel, Access ou SharePoint.<\/li>\n<\/ul>\n<\/li>\n<\/ul>\n<ul>\n<li style=\"list-style-type: none;\">\n<ul>\n<li>Enregistrez les graphiques dans le cloud et partagez-les avec d&#8217;autres via un navigateur, m\u00eame avec des personnes qui n&#8217;ont pas install\u00e9 Visio.<\/li>\n<\/ul>\n<\/li>\n<\/ul>\n<ul>\n<li style=\"list-style-type: none;\">\n<ul>\n<li>Afficher des dessins sur des appareils mobiles.<\/li>\n<\/ul>\n<\/li>\n<\/ul>\n<ul>\n<li style=\"list-style-type: none;\">\n<ul>\n<li>Comment mon entreprise peut-elle utiliser Visio pour connecter les donn\u00e9es\u00a0?<\/li>\n<\/ul>\n<\/li>\n<\/ul>\n<p>Un organigramme simple ou tout processus interne : par exemple, prenez des photos avec chaque employ\u00e9 et organisez-les dans un organigramme de l&#8217;entreprise. Avec la photo de chaque employ\u00e9, nous ajouterons son nom et ses titres. Une fois que vous avez entr\u00e9 ces informations dans une feuille de calcul Excel, c&#8217;est \u00e0 vous de d\u00e9cider comment vous souhaitez organiser vos donn\u00e9es. De la p\u00e9riode des f\u00eates \u00e0 la fin de la formation, les options sont infinies. Et ils peuvent \u00eatre adapt\u00e9s \u00e0 vos sp\u00e9cifications exactes sans avoir besoin d&#8217;une formation en codage \/ d\u00e9veloppeur pour le faire.<\/p>\n<p>Gardez une trace des d\u00e9penses et montrez o\u00f9 en sont les employ\u00e9s individuels dans leurs budgets : une fois que vous avez entr\u00e9 des donn\u00e9es dans Excel, il est important de vous assurer que vos donn\u00e9es sont organis\u00e9es de mani\u00e8re logique afin que Visio puisse les comprendre et les afficher correctement. Lorsqu&#8217;il est entr\u00e9 correctement, Visio peut associer automatiquement des formes \u00e0 certains points de donn\u00e9es et peut \u00e9galement ajouter du texte suppl\u00e9mentaire sur le c\u00f4t\u00e9 de la forme. Dans cet exemple, nous pouvons afficher toutes les informations d&#8217;origine des employ\u00e9s et inclure son budget unique sous la forme d&#8217;une zone de texte \u00e0 c\u00f4t\u00e9 de chaque nom.<\/p>\n<p>Cependant, le plaisir ne doit pas s&#8217;arr\u00eater l\u00e0. Vous pouvez personnaliser les graphiques \u00e0 votre guise et ajouter ou supprimer des donn\u00e9es n&#8217;importe o\u00f9 sans accroc.<\/p>\n<\/div>\n","protected":false},"excerpt":{"rendered":"<div class=\"elementor-element elementor-element-576074b elementor-blockquote--skin-border elementor-blockquote--button-color-official elementor-widget elementor-widget-blockquote\" data-id=\"576074b\" data-element_type=\"widget\" data-settings=\"{&quot;_ob_perspektive_use&quot;:&quot;no&quot;,&quot;ekit_we_effect_on&quot;:&quot;none&quot;,&quot;_ob_shadough_use&quot;:&quot;no&quot;,&quot;_ob_allow_hoveranimator&quot;:&quot;no&quot;,&quot;_ob_widget_stalker_use&quot;:&quot;no&quot;}\" data-widget_type=\"blockquote.default\">\n<div class=\"elementor-widget-container\">\n<blockquote class=\"elementor-blockquote\">\n<ul>\n<li style=\"list-style-type: none;\">\n<ul>\n<li><strong>~ VALIDIT\u00c9 \u00c0 VIE\u00a0<img decoding=\"async\" class=\"emoji\" role=\"img\" draggable=\"false\" src=\"https:\/\/s.w.org\/images\/core\/emoji\/13.1.0\/svg\/2714.svg\" alt=\"\u2714\ufe0f\" \/>\u00a0ACTIVATION EN LIGNE\u00a0<img decoding=\"async\" class=\"emoji\" role=\"img\" draggable=\"false\" src=\"https:\/\/s.w.org\/images\/core\/emoji\/13.1.0\/svg\/2714.svg\" alt=\"\u2714\ufe0f\" \/><\/strong><\/li>\n<\/ul>\n<\/li>\n<\/ul>\n<ul>\n<li style=\"list-style-type: none;\">\n<ul>\n<li>~ Lors de l&#8217;achat, vous recevrez \u00e9galement un lien de t\u00e9l\u00e9chargement, \u00e0 partir duquel vous pourrez t\u00e9l\u00e9charger directement depuis le site Web officiel de Microsoft, et apr\u00e8s l&#8217;installation, entrez directement la licence fournie par nous.<\/li>\n<\/ul>\n<\/li>\n<\/ul>\n<ul>\n<li style=\"list-style-type: none;\">\n<ul>\n<li><strong>~ La licence dure toute une vie, n&#8217;expire pas et est automatiquement mise \u00e0 jour.<\/strong><\/li>\n<\/ul>\n<\/li>\n<\/ul>\n<ul>\n<li style=\"list-style-type: none;\">\n<ul>\n<li>~ Fonctionne pour 1 ordinateur uniquement. (1 PC)<\/li>\n<\/ul>\n<\/li>\n<\/ul>\n<ul>\n<li style=\"list-style-type: none;\">\n<ul>\n<li><strong>~ La licence est 100% originale, elle s&#8217;active directement depuis le site officiel de Microsoft !<\/strong><img decoding=\"async\" class=\"emoji\" style=\"background-color: #ffffff;\" role=\"img\" draggable=\"false\" src=\"https:\/\/s.w.org\/images\/core\/emoji\/13.1.0\/svg\/1f511.svg\" alt=\"????\" \/><\/li>\n<\/ul>\n<\/li>\n<\/ul>\n<\/blockquote>\n<\/div>\n<\/div>\n","protected":false},"featured_media":89,"comment_status":"closed","ping_status":"closed","template":"","meta":[],"product_cat":[20,27],"product_tag":[],"jetpack_sharing_enabled":true,"_links":{"self":[{"href":"https:\/\/licensi.fr\/index.php\/wp-json\/wp\/v2\/product\/63"}],"collection":[{"href":"https:\/\/licensi.fr\/index.php\/wp-json\/wp\/v2\/product"}],"about":[{"href":"https:\/\/licensi.fr\/index.php\/wp-json\/wp\/v2\/types\/product"}],"replies":[{"embeddable":true,"href":"https:\/\/licensi.fr\/index.php\/wp-json\/wp\/v2\/comments?post=63"}],"wp:featuredmedia":[{"embeddable":true,"href":"https:\/\/licensi.fr\/index.php\/wp-json\/wp\/v2\/media\/89"}],"wp:attachment":[{"href":"https:\/\/licensi.fr\/index.php\/wp-json\/wp\/v2\/media?parent=63"}],"wp:term":[{"taxonomy":"product_cat","embeddable":true,"href":"https:\/\/licensi.fr\/index.php\/wp-json\/wp\/v2\/product_cat?post=63"},{"taxonomy":"product_tag","embeddable":true,"href":"https:\/\/licensi.fr\/index.php\/wp-json\/wp\/v2\/product_tag?post=63"}],"curies":[{"name":"wp","href":"https:\/\/api.w.org\/{rel}","templated":true}]}}