{"id":228,"date":"2023-11-20T00:08:16","date_gmt":"2023-11-20T00:08:16","guid":{"rendered":"https:\/\/licensi.fr\/?page_id=228"},"modified":"2023-11-20T12:17:34","modified_gmt":"2023-11-20T12:17:34","slug":"termes-et-conditions","status":"publish","type":"page","link":"https:\/\/licensi.fr\/index.php\/termes-et-conditions\/","title":{"rendered":"termes et conditions"},"content":{"rendered":"\t\t<div data-elementor-type=\"wp-page\" data-elementor-id=\"228\" class=\"elementor elementor-228\" data-elementor-post-type=\"page\">\n\t\t\t\t\t\t\t<div data-particle_enable=\"false\" data-particle-mobile-disabled=\"false\" class=\"elementor-element elementor-element-70a2e81 e-flex e-con-boxed e-con e-parent\" data-id=\"70a2e81\" data-element_type=\"container\" data-settings=\"{&quot;background_background&quot;:&quot;classic&quot;,&quot;content_width&quot;:&quot;boxed&quot;,&quot;ekit_has_onepagescroll_dot&quot;:&quot;yes&quot;}\" data-core-v316-plus=\"true\">\n\t\t\t\t\t<div class=\"e-con-inner\">\n\t\t\t\t<div class=\"elementor-element elementor-element-cbad1c2 elementor-widget elementor-widget-spacer\" data-id=\"cbad1c2\" data-element_type=\"widget\" data-settings=\"{&quot;ekit_we_effect_on&quot;:&quot;none&quot;}\" data-widget_type=\"spacer.default\">\n\t\t\t\t<div class=\"elementor-widget-container\">\n\t\t\t<style>\/*! elementor - v3.17.0 - 08-11-2023 *\/\n.elementor-column .elementor-spacer-inner{height:var(--spacer-size)}.e-con{--container-widget-width:100%}.e-con-inner>.elementor-widget-spacer,.e-con>.elementor-widget-spacer{width:var(--container-widget-width,var(--spacer-size));--align-self:var(--container-widget-align-self,initial);--flex-shrink:0}.e-con-inner>.elementor-widget-spacer>.elementor-widget-container,.e-con>.elementor-widget-spacer>.elementor-widget-container{height:100%;width:100%}.e-con-inner>.elementor-widget-spacer>.elementor-widget-container>.elementor-spacer,.e-con>.elementor-widget-spacer>.elementor-widget-container>.elementor-spacer{height:100%}.e-con-inner>.elementor-widget-spacer>.elementor-widget-container>.elementor-spacer>.elementor-spacer-inner,.e-con>.elementor-widget-spacer>.elementor-widget-container>.elementor-spacer>.elementor-spacer-inner{height:var(--container-widget-height,var(--spacer-size))}.e-con-inner>.elementor-widget-spacer.elementor-widget-empty,.e-con>.elementor-widget-spacer.elementor-widget-empty{position:relative;min-height:22px;min-width:22px}.e-con-inner>.elementor-widget-spacer.elementor-widget-empty .elementor-widget-empty-icon,.e-con>.elementor-widget-spacer.elementor-widget-empty .elementor-widget-empty-icon{position:absolute;top:0;bottom:0;left:0;right:0;margin:auto;padding:0;width:22px;height:22px}<\/style>\t\t<div class=\"elementor-spacer\">\n\t\t\t<div class=\"elementor-spacer-inner\"><\/div>\n\t\t<\/div>\n\t\t\t\t<\/div>\n\t\t\t\t<\/div>\n\t\t\t\t<div class=\"elementor-element elementor-element-1f2a7a0 elementor-headline--style-highlight elementor-widget elementor-widget-animated-headline\" data-id=\"1f2a7a0\" data-element_type=\"widget\" data-settings=\"{&quot;marker&quot;:&quot;underline&quot;,&quot;highlighted_text&quot;:&quot;conditions&quot;,&quot;headline_style&quot;:&quot;highlight&quot;,&quot;loop&quot;:&quot;yes&quot;,&quot;highlight_animation_duration&quot;:1200,&quot;highlight_iteration_delay&quot;:8000,&quot;ekit_we_effect_on&quot;:&quot;none&quot;}\" data-widget_type=\"animated-headline.default\">\n\t\t\t\t<div class=\"elementor-widget-container\">\n\t\t\t<link rel=\"stylesheet\" href=\"https:\/\/licensi.fr\/wp-content\/plugins\/elementor-pro\/assets\/css\/widget-animated-headline.min.css\">\t\t<h3 class=\"elementor-headline\">\n\t\t\t\t\t<span class=\"elementor-headline-plain-text elementor-headline-text-wrapper\">Termes et <\/span>\n\t\t\t\t<span class=\"elementor-headline-dynamic-wrapper elementor-headline-text-wrapper\">\n\t\t\t\t\t<span class=\"elementor-headline-dynamic-text elementor-headline-text-active\">conditions<\/span>\n\t\t\t\t<\/span>\n\t\t\t\t<\/h3>\n\t\t\t\t<\/div>\n\t\t\t\t<\/div>\n\t\t\t\t<div class=\"elementor-element elementor-element-5fe0be0 elementor-widget elementor-widget-text-editor\" data-id=\"5fe0be0\" data-element_type=\"widget\" data-settings=\"{&quot;ekit_we_effect_on&quot;:&quot;none&quot;}\" data-widget_type=\"text-editor.default\">\n\t\t\t\t<div class=\"elementor-widget-container\">\n\t\t\t<style>\/*! elementor - v3.17.0 - 08-11-2023 *\/\n.elementor-widget-text-editor.elementor-drop-cap-view-stacked .elementor-drop-cap{background-color:#69727d;color:#fff}.elementor-widget-text-editor.elementor-drop-cap-view-framed .elementor-drop-cap{color:#69727d;border:3px solid;background-color:transparent}.elementor-widget-text-editor:not(.elementor-drop-cap-view-default) .elementor-drop-cap{margin-top:8px}.elementor-widget-text-editor:not(.elementor-drop-cap-view-default) .elementor-drop-cap-letter{width:1em;height:1em}.elementor-widget-text-editor .elementor-drop-cap{float:left;text-align:center;line-height:1;font-size:50px}.elementor-widget-text-editor .elementor-drop-cap-letter{display:inline-block}<\/style>\t\t\t\t<ol><li><strong>Donn\u00e9es d\u2019identification du vendeur :<\/strong><\/li><\/ol><p><strong>D\u00e9num\u00e9rer : LICENSI.FR<\/strong>\u00a0(Ci-apr\u00e8s d\u00e9nomm\u00e9 \u201cVendeur\u201d)<\/p><p>Web-site:\u00a0<strong>LICENSI.FR<\/strong><\/p><ol start=\"2\"><li><strong>Dispositions g\u00e9n\u00e9rales<\/strong><\/li><\/ol><p><strong>2.1<\/strong>\u00a0Les pr\u00e9sentes \u00ab CGV \u00bb (ci-apr\u00e8s d\u00e9nomm\u00e9es les \u00ab CGV \u00bb) du Vendeur modifient les droits et obligations r\u00e9ciproques g\u00e9n\u00e9r\u00e9s par et\/ou relatifs au contrat de vente-achat (ci-apr\u00e8s d\u00e9nomm\u00e9 \u00ab contrat de vente-achat \u00bb). \u201d) conclu entre le Vendeur et une autre personne (ci-apr\u00e8s d\u00e9nomm\u00e9e \u201cl\u2019Acheteur\u201d) via la boutique en ligne du Vendeur. La boutique en ligne est exploit\u00e9e par le vendeur via le site Web \u2013\u00a0<strong>LICENSI.FR<\/strong><\/p><p><strong>2.2<\/strong>\u00a0L\u2019acheteur peut \u00eatre :<\/p><p>Consommateur, seule la personne physique qui a tous les droits d\u00e9crits ci-dessous, b\u00e9n\u00e9ficiant \u00e0 tout moment d\u2019au moins le minimum garanti par la l\u00e9gislation nationale (Loi 449\/2003, mise \u00e0 jour le 27\/12\/2008, CHAPITRE III \u201cDroits des consommateurs\u201d)<\/p><p><strong>2.3<\/strong>\u00a0Les pr\u00e9sentes conditions g\u00e9n\u00e9rales font partie int\u00e9grante du contrat de vente \u2013 achat \/ \u00e9mission de facture. En fournissant la commande, l\u2019Acheteur d\u00e9clare \u00eatre d\u2019accord avec les Termes et Conditions et les accepter.<\/p><p><strong>2.4<\/strong>\u00a0Tous les documents sont envoy\u00e9s \u00e0 l\u2019Acheteur \u00e0 son adresse e-mail telle que renseign\u00e9e dans son compte utilisateur.<\/p><p><strong>2.5<\/strong>\u00a0Ces conditions g\u00e9n\u00e9rales sont susceptibles d\u2019\u00eatre modifi\u00e9es dans le contrat d\u2019achat individuel. Les dispositions modifi\u00e9es par le Contrat de Vente-Achat pr\u00e9valent individuellement sur les Conditions G\u00e9n\u00e9rales de Vente.<\/p><p><strong>2.6<\/strong>\u00a0Les \u201cTermes et Conditions\u201d sont susceptibles d\u2019\u00eatre modifi\u00e9s par le Vendeur. Cette disposition n\u2019affectera pas les droits et obligations n\u00e9s apr\u00e8s la p\u00e9riode d\u2019application de la version ant\u00e9rieure des Conditions G\u00e9n\u00e9rales. L\u2019Acheteur qui n\u2019accepte pas la modification des CGV est tenu de notifier au Vendeur son d\u00e9saccord avec la modification des \u00ab CGV \u00bb ou de r\u00e9silier unilat\u00e9ralement le contrat pour ce motif.<\/p><ol start=\"3\"><li><strong>Des produits<\/strong><\/li><\/ol><p><strong>3.1<\/strong>\u00a0Aux termes des pr\u00e9sentes Conditions G\u00e9n\u00e9rales, le terme \u00ab Marchandises \u00bb d\u00e9signe : les cl\u00e9s de licence logicielle distribu\u00e9es \u00e0 l\u2019Acheteur num\u00e9rique.<\/p><p><strong>3.2<\/strong>\u00a0Tous les exemples, dessins, publicit\u00e9s produits par le Vendeur et toutes les illustrations contenues dans les catalogues du Vendeur sont produits dans le seul but de fournir une image approximative \/ purement informative des Marchandises qui y sont d\u00e9crites.<\/p><ol start=\"4\"><li><strong>Proc\u00e9dure de commande<\/strong><\/li><\/ol><p><strong>4.1<\/strong>\u00a0Le consommateur doit compl\u00e9ter les d\u00e9tails de la commande afin de passer la commande. La commande peut \u00eatre pass\u00e9e via un compte utilisateur. La commande requiert principalement les informations suivantes\u00a0:<\/p><p><strong>4.1.1<\/strong>\u00a0Marchandises command\u00e9es \u2013 quantit\u00e9, version, variantes, si possible.<\/p><p><strong>4.1.2<\/strong>\u00a0Le mode de paiement des marchandises command\u00e9es \u2013 celles-ci \u00e9tant mentionn\u00e9es sur le site<\/p><p><strong>4.2\u00a0<\/strong>Contacts pour la commande :<\/p><p>Interface Web :\u00a0<strong>LICENSI.FR<\/strong><\/p><p><strong>4.3<\/strong>\u00a0<strong>Heures d\u2019ouverture\u00a0:<\/strong>\u00a0non-stop pour les commandes via le site Web, le programme de fonctionnement du service client est publi\u00e9 sur le site Web.<\/p><ol start=\"5\"><li><strong>Conclusion du contrat \/ Emission de la facture<\/strong><\/li><\/ol><p><strong>5.1<\/strong>\u00a0La commande est consid\u00e9r\u00e9e comme accept\u00e9e lorsque le Vendeur \u00e9met une acceptation \u00e9crite (ci-apr\u00e8s d\u00e9nomm\u00e9e \u00ab\u00a0Traitement de la Commande\u00a0\u00bb) envoy\u00e9e \u00e0 l\u2019Acheteur par courrier \u00e9lectronique \u00e0 l\u2019adresse \u00e9lectronique indiqu\u00e9e dans sa Commande.<\/p><p><strong>5.2<\/strong>\u00a0Le Vendeur est tenu d\u2019\u00e9mettre et de transmettre le \u201cTraitement de la Commande\u201d dans les 48 heures suivant la communication de la Commande par l\u2019Acheteur au Vendeur ou la Commande est consid\u00e9r\u00e9e comme r\u00e9voqu\u00e9e.<\/p><p><strong>5.3<\/strong>\u00a0Apr\u00e8s la remise du \u201cTraitement de Commande\u201d \u00e0 l\u2019Acheteur, le Contrat de Vente-Achat ne peut \u00eatre modifi\u00e9 qu\u2019avec l\u2019accord des deux parties.<\/p><p><strong>5.4<\/strong>\u00a0L\u2019Acheteur acquiert la propri\u00e9t\u00e9 des Marchandises en payant int\u00e9gralement le prix d\u2019achat.<\/p><ol start=\"6\"><li><strong>Documents<\/strong><\/li><\/ol><p><strong>6.1<\/strong>\u00a0Tous les documents concernant la proc\u00e9dure de passation de contrat\/facturation et la copie originale sont archiv\u00e9s par le Vendeur au format \u00e9lectronique.<\/p><ol start=\"7\"><li><strong>Compte d\u2019utilisateur<\/strong><\/li><\/ol><p><strong>7.1<\/strong>\u00a0Le contrat de vente \u2013 achat peut \u00eatre conclu via le compte de l\u2019utilisateur d\u00e9tenu par le consommateur.<\/p><p><strong>7.2<\/strong>\u00a0L\u2019Acheteur peut acc\u00e9der \u00e0 la propre interface de l\u2019utilisateur apr\u00e8s s\u2019\u00eatre enregistr\u00e9 sur le site Web du Vendeur. Depuis l\u2019interface utilisateur (ci-apr\u00e8s d\u00e9nomm\u00e9e \u201ccompte utilisateur\u201d), l\u2019Acheteur peut commander des marchandises.<\/p><p><strong>7.3<\/strong>\u00a0Lors de la cr\u00e9ation du compte utilisateur sur le site Web et de la commande de marchandises, l\u2019acheteur est tenu de fournir des informations honn\u00eates et correctes. L\u2019acheteur est tenu de maintenir correctes et \u00e0 jour toutes les donn\u00e9es fournies dans le compte utilisateur. Les donn\u00e9es fournies par l\u2019Acheteur sur le compte de l\u2019utilisateur et lors de la proc\u00e9dure de commande sont consid\u00e9r\u00e9es comme correctes par le Vendeur.<\/p><p><strong>7.4<\/strong>\u00a0L\u2019acc\u00e8s au compte utilisateur est prot\u00e9g\u00e9 par votre nom d\u2019utilisateur et votre mot de passe. L\u2019acheteur est tenu de garder confidentielles les informations n\u00e9cessaires \u00e0 l\u2019acc\u00e8s au compte de l\u2019utilisateur.<\/p><p><strong>7.5<\/strong>\u00a0L\u2019acheteur ne doit pas permettre l\u2019utilisation du compte de l\u2019utilisateur par des tiers.<\/p><p><strong>7.6<\/strong>\u00a0Le vendeur n\u2019est pas responsable des dommages caus\u00e9s par la violation des obligations pr\u00e9vues \u00e0 l\u2019art. 7.4 et 7.5. de ces Termes et Conditions.<\/p><p><strong>7.7<\/strong>\u00a0Le Vendeur peut supprimer le compte de l\u2019utilisateur, notamment s\u2019il n\u2019a pas \u00e9t\u00e9 utilis\u00e9 au cours des trois derni\u00e8res ann\u00e9es, ou si l\u2019Acheteur a manqu\u00e9 \u00e0 ses obligations au titre du Contrat de Vente-Achat (y compris les \u00ab CGV \u00bb).<\/p><p><strong>7.8<\/strong>\u00a0L\u2019Acheteur convient que parfois le compte de l\u2019utilisateur est inaccessible, g\u00e9n\u00e9ralement lorsque le mat\u00e9riel et les logiciels du Vendeur sont maintenus par lui ou par des tiers.<\/p><ol start=\"8\"><li><strong>Prix<\/strong><\/li><\/ol><p><strong>8.1<\/strong>\u00a0L\u2019interface Web fournit des informations sur les marchandises, y compris les prix des marchandises individuelles. Les prix des marchandises n\u2019incluent pas la TVA. Les prix des Marchandises sont valables tant qu\u2019ils sont affich\u00e9s sur le site.<\/p><p><strong>8.2<\/strong>\u00a0Si le prix du produit change pendant le traitement de la commande, l\u2019Acheteur paiera le prix en vigueur au moment de la passation de la commande.<\/p><ol start=\"9\"><li><strong>Politique de retour<\/strong><\/li><\/ol><p>La plupart de nos produits logiciels standard qui peuvent \u00eatre achet\u00e9s sur notre site Web peuvent \u00eatre t\u00e9l\u00e9charg\u00e9s enti\u00e8rement fonctionnels et peuvent \u00eatre test\u00e9s avant l\u2019achat. Il existe des versions d\u2019\u00e9valuation disponibles pour toute personne int\u00e9ress\u00e9e. Cela permet aux clients potentiels d\u2019\u00e9valuer nos produits et de s\u2019assurer que le logiciel r\u00e9pond aux exigences du client avant de faire un achat.<\/p><p>Pendant la p\u00e9riode d\u2019\u00e9valuation, notre \u00e9quipe d\u2019assistance vous aidera \u00e0 installer et \u00e0 configurer le logiciel par e-mail ou via une assistance en ligne \u00e0 distance. Nous recommandons \u00e0 tous les clients de t\u00e9l\u00e9charger, d\u2019installer et de tester les versions d\u2019essai du logiciel avant d\u2019effectuer un achat.<\/p><p>Si vous avez achet\u00e9 un produit logiciel, une fois le paiement effectu\u00e9, vous recevrez un e-mail avec la cl\u00e9 de licence pour activer le logiciel. \u00c9tant donn\u00e9 que cet e-mail vous a \u00e9t\u00e9 envoy\u00e9, le logiciel ne peut pas \u00eatre retourn\u00e9. Nous avons cette politique puisqu\u2019il vous est impossible de retourner le logiciel d\u00e9j\u00e0 enregistr\u00e9. Les codes sont uniques, mais aussi individuels. Le consommateur ne peut renoncer unilat\u00e9ralement \u00e0 ce type de produit (Ordonnance n\u00b0 130\/2000, art. 10)<\/p><p><strong>10.Options de paiement<\/strong><\/p><p><strong>10.1<\/strong><\/p><p>Le mode de paiement des marchandises command\u00e9es est choisi par l\u2019Acheteur lors de la commande, comme suit :<\/p><p>Stripe \u2013 syst\u00e8me de paiement en ligne, qui propose des paiements par carte de cr\u00e9dit ou de d\u00e9bit et des virements bancaires rapides (cela peut varier selon les pays)\u00a0;<\/p><p>PayPal \u2013 un syst\u00e8me de paiement en ligne qui propose des paiements par carte de cr\u00e9dit ou de d\u00e9bit<\/p><p><strong>10.2<\/strong>\u00a0Les coupons de r\u00e9duction pour les marchandises ne peuvent pas \u00eatre combin\u00e9s, sauf indication contraire.<\/p><ol start=\"11\"><li><strong>Droits au dysfonctionnement<\/strong><\/li><\/ol><p><strong>11.1<\/strong>\u00a0L\u2019Acheteur est tenu d\u2019informer le Vendeur du dysfonctionnement, comme pr\u00e9vu ci-dessous, dans un d\u00e9lai maximum de deux mois \u00e0 compter de sa d\u00e9couverte, mais au plus tard six mois apr\u00e8s l\u2019achat. Tout signalement de dysfonctionnement apr\u00e8s six mois d\u2019achat ne sera pas accept\u00e9 par le Vendeur.<\/p><p><strong>11.2<\/strong>\u00a0Le vendeur est tenu de fournir \u00e0 l\u2019acheteur des marchandises sans d\u00e9faut lors de la livraison.<\/p><p><strong>11.3<\/strong>\u00a0Les droits et obligations des parties en mati\u00e8re de responsabilit\u00e9 pour dysfonctionnement peuvent \u00eatre modifi\u00e9s par la proc\u00e9dure de r\u00e9clamation du vendeur.<\/p><ol start=\"12\"><li><strong>Gestion des r\u00e9clamations et r\u00e8glement des litiges<\/strong><\/li><\/ol><p><strong>12.1<\/strong><\/p><p>En cas de contestation du contrat, l\u2019Acheteur doit contacter le service client du Vendeur, disponible \u00e0 l\u2019adresse :<\/p><p>Formulaire de contact sur le site du Vendeur<\/p><ol start=\"13\"><li><strong>Dispositions finales<\/strong><\/li><\/ol><p><strong>13.1<\/strong>\u00a0Le vendeur n\u2019est pas li\u00e9 par les codes de d\u00e9ontologie au sens de la loi<\/p><p><strong>13.2<\/strong>\u00a0L\u2019Acheteur assume le risque si l\u2019Acheteur est une personne morale. Le vendeur n\u2019est pas responsable des circonstances r\u00e9sultant de l\u2019utilisation des produits par des personnes morales (clients).<\/p><p><strong>13.3<\/strong>\u00a0Si une disposition des Termes et Conditions est ou devient invalide ou inapplicable, elle doit \u00eatre remplac\u00e9e par une disposition ayant une signification similaire. L\u2019absence de validit\u00e9 ou d\u2019applicabilit\u00e9 d\u2019une ou plusieurs dispositions n\u2019affecte pas la validit\u00e9 des autres dispositions. Les modifications au contrat de vente-achat ou aux conditions g\u00e9n\u00e9rales doivent \u00eatre faites par \u00e9crit.<\/p><p><strong>\u00c9quipe,<\/strong><\/p><p><strong>LICENSI.FR<\/strong><\/p>\t\t\t\t\t\t<\/div>\n\t\t\t\t<\/div>\n\t\t\t\t<div class=\"elementor-element elementor-element-735580f elementor-align-center elementor-widget elementor-widget-button\" data-id=\"735580f\" data-element_type=\"widget\" data-settings=\"{&quot;ekit_we_effect_on&quot;:&quot;none&quot;}\" data-widget_type=\"button.default\">\n\t\t\t\t<div class=\"elementor-widget-container\">\n\t\t\t\t\t<div class=\"elementor-button-wrapper\">\n\t\t\t<a class=\"elementor-button elementor-button-link elementor-size-xs\" href=\"https:\/\/licensi.fr\/\" target=\"_blank\">\n\t\t\t\t\t\t<span class=\"elementor-button-content-wrapper\">\n\t\t\t\t\t\t<span class=\"elementor-button-icon elementor-align-icon-left\">\n\t\t\t\t<i aria-hidden=\"true\" class=\"far fa-arrow-alt-circle-left\"><\/i>\t\t\t<\/span>\n\t\t\t\t\t\t<span class=\"elementor-button-text\">Retour<\/span>\n\t\t<\/span>\n\t\t\t\t\t<\/a>\n\t\t<\/div>\n\t\t\t\t<\/div>\n\t\t\t\t<\/div>\n\t\t\t\t\t<\/div>\n\t\t\t\t<\/div>\n\t\t<div data-particle_enable=\"false\" data-particle-mobile-disabled=\"false\" class=\"elementor-element elementor-element-972d320 e-flex e-con-boxed e-con e-parent\" data-id=\"972d320\" data-element_type=\"container\" data-settings=\"{&quot;content_width&quot;:&quot;boxed&quot;,&quot;ekit_has_onepagescroll_dot&quot;:&quot;yes&quot;}\" data-core-v316-plus=\"true\">\n\t\t\t\t\t<div class=\"e-con-inner\">\n\t\t\t\t\t<\/div>\n\t\t\t\t<\/div>\n\t\t\t\t\t\t\t<\/div>\n\t\t","protected":false},"excerpt":{"rendered":"<p>Termes et conditions Donn\u00e9es d\u2019identification du vendeur : D\u00e9num\u00e9rer : LICENSI.FR\u00a0(Ci-apr\u00e8s d\u00e9nomm\u00e9 \u201cVendeur\u201d) Web-site:\u00a0LICENSI.FR Dispositions g\u00e9n\u00e9rales 2.1\u00a0Les pr\u00e9sentes \u00ab CGV \u00bb (ci-apr\u00e8s d\u00e9nomm\u00e9es les \u00ab CGV \u00bb) du Vendeur modifient les droits et obligations r\u00e9ciproques g\u00e9n\u00e9r\u00e9s par et\/ou relatifs au contrat de vente-achat (ci-apr\u00e8s d\u00e9nomm\u00e9 \u00ab contrat de vente-achat \u00bb). \u201d) conclu entre le Vendeur [&hellip;]<\/p>\n","protected":false},"author":1,"featured_media":0,"parent":0,"menu_order":0,"comment_status":"closed","ping_status":"closed","template":"","meta":{"footnotes":""},"jetpack_sharing_enabled":true,"_links":{"self":[{"href":"https:\/\/licensi.fr\/index.php\/wp-json\/wp\/v2\/pages\/228"}],"collection":[{"href":"https:\/\/licensi.fr\/index.php\/wp-json\/wp\/v2\/pages"}],"about":[{"href":"https:\/\/licensi.fr\/index.php\/wp-json\/wp\/v2\/types\/page"}],"author":[{"embeddable":true,"href":"https:\/\/licensi.fr\/index.php\/wp-json\/wp\/v2\/users\/1"}],"replies":[{"embeddable":true,"href":"https:\/\/licensi.fr\/index.php\/wp-json\/wp\/v2\/comments?post=228"}],"version-history":[{"count":10,"href":"https:\/\/licensi.fr\/index.php\/wp-json\/wp\/v2\/pages\/228\/revisions"}],"predecessor-version":[{"id":271,"href":"https:\/\/licensi.fr\/index.php\/wp-json\/wp\/v2\/pages\/228\/revisions\/271"}],"wp:attachment":[{"href":"https:\/\/licensi.fr\/index.php\/wp-json\/wp\/v2\/media?parent=228"}],"curies":[{"name":"wp","href":"https:\/\/api.w.org\/{rel}","templated":true}]}}