{"id":220,"date":"2023-11-20T00:05:58","date_gmt":"2023-11-20T00:05:58","guid":{"rendered":"https:\/\/licensi.fr\/?page_id=220"},"modified":"2023-11-20T12:17:40","modified_gmt":"2023-11-20T12:17:40","slug":"elementor-220","status":"publish","type":"page","link":"https:\/\/licensi.fr\/index.php\/elementor-220\/","title":{"rendered":"politique-confi"},"content":{"rendered":"\t\t<div data-elementor-type=\"wp-page\" data-elementor-id=\"220\" class=\"elementor elementor-220\" data-elementor-post-type=\"page\">\n\t\t\t\t\t\t\t<div data-particle_enable=\"false\" data-particle-mobile-disabled=\"false\" class=\"elementor-element elementor-element-4c223df e-flex e-con-boxed e-con e-parent\" data-id=\"4c223df\" data-element_type=\"container\" data-settings=\"{&quot;background_background&quot;:&quot;classic&quot;,&quot;content_width&quot;:&quot;boxed&quot;,&quot;ekit_has_onepagescroll_dot&quot;:&quot;yes&quot;}\" data-core-v316-plus=\"true\">\n\t\t\t\t\t<div class=\"e-con-inner\">\n\t\t\t\t<div class=\"elementor-element elementor-element-3e6b835 elementor-widget elementor-widget-spacer\" data-id=\"3e6b835\" data-element_type=\"widget\" data-settings=\"{&quot;ekit_we_effect_on&quot;:&quot;none&quot;}\" data-widget_type=\"spacer.default\">\n\t\t\t\t<div class=\"elementor-widget-container\">\n\t\t\t<style>\/*! elementor - v3.17.0 - 08-11-2023 *\/\n.elementor-column .elementor-spacer-inner{height:var(--spacer-size)}.e-con{--container-widget-width:100%}.e-con-inner>.elementor-widget-spacer,.e-con>.elementor-widget-spacer{width:var(--container-widget-width,var(--spacer-size));--align-self:var(--container-widget-align-self,initial);--flex-shrink:0}.e-con-inner>.elementor-widget-spacer>.elementor-widget-container,.e-con>.elementor-widget-spacer>.elementor-widget-container{height:100%;width:100%}.e-con-inner>.elementor-widget-spacer>.elementor-widget-container>.elementor-spacer,.e-con>.elementor-widget-spacer>.elementor-widget-container>.elementor-spacer{height:100%}.e-con-inner>.elementor-widget-spacer>.elementor-widget-container>.elementor-spacer>.elementor-spacer-inner,.e-con>.elementor-widget-spacer>.elementor-widget-container>.elementor-spacer>.elementor-spacer-inner{height:var(--container-widget-height,var(--spacer-size))}.e-con-inner>.elementor-widget-spacer.elementor-widget-empty,.e-con>.elementor-widget-spacer.elementor-widget-empty{position:relative;min-height:22px;min-width:22px}.e-con-inner>.elementor-widget-spacer.elementor-widget-empty .elementor-widget-empty-icon,.e-con>.elementor-widget-spacer.elementor-widget-empty .elementor-widget-empty-icon{position:absolute;top:0;bottom:0;left:0;right:0;margin:auto;padding:0;width:22px;height:22px}<\/style>\t\t<div class=\"elementor-spacer\">\n\t\t\t<div class=\"elementor-spacer-inner\"><\/div>\n\t\t<\/div>\n\t\t\t\t<\/div>\n\t\t\t\t<\/div>\n\t\t\t\t<div class=\"elementor-element elementor-element-e15851f elementor-headline--style-highlight elementor-widget elementor-widget-animated-headline\" data-id=\"e15851f\" data-element_type=\"widget\" data-settings=\"{&quot;marker&quot;:&quot;underline&quot;,&quot;highlighted_text&quot;:&quot;confidentialit\\u00e9&quot;,&quot;headline_style&quot;:&quot;highlight&quot;,&quot;loop&quot;:&quot;yes&quot;,&quot;highlight_animation_duration&quot;:1200,&quot;highlight_iteration_delay&quot;:8000,&quot;ekit_we_effect_on&quot;:&quot;none&quot;}\" data-widget_type=\"animated-headline.default\">\n\t\t\t\t<div class=\"elementor-widget-container\">\n\t\t\t<link rel=\"stylesheet\" href=\"https:\/\/licensi.fr\/wp-content\/plugins\/elementor-pro\/assets\/css\/widget-animated-headline.min.css\">\t\t<h3 class=\"elementor-headline\">\n\t\t\t\t\t<span class=\"elementor-headline-plain-text elementor-headline-text-wrapper\">Politique de <\/span>\n\t\t\t\t<span class=\"elementor-headline-dynamic-wrapper elementor-headline-text-wrapper\">\n\t\t\t\t\t<span class=\"elementor-headline-dynamic-text elementor-headline-text-active\">confidentialit\u00e9<\/span>\n\t\t\t\t<\/span>\n\t\t\t\t<\/h3>\n\t\t\t\t<\/div>\n\t\t\t\t<\/div>\n\t\t\t\t<div class=\"elementor-element elementor-element-2fb8824 elementor-widget elementor-widget-text-editor\" data-id=\"2fb8824\" data-element_type=\"widget\" data-settings=\"{&quot;ekit_we_effect_on&quot;:&quot;none&quot;}\" data-widget_type=\"text-editor.default\">\n\t\t\t\t<div class=\"elementor-widget-container\">\n\t\t\t<style>\/*! elementor - v3.17.0 - 08-11-2023 *\/\n.elementor-widget-text-editor.elementor-drop-cap-view-stacked .elementor-drop-cap{background-color:#69727d;color:#fff}.elementor-widget-text-editor.elementor-drop-cap-view-framed .elementor-drop-cap{color:#69727d;border:3px solid;background-color:transparent}.elementor-widget-text-editor:not(.elementor-drop-cap-view-default) .elementor-drop-cap{margin-top:8px}.elementor-widget-text-editor:not(.elementor-drop-cap-view-default) .elementor-drop-cap-letter{width:1em;height:1em}.elementor-widget-text-editor .elementor-drop-cap{float:left;text-align:center;line-height:1;font-size:50px}.elementor-widget-text-editor .elementor-drop-cap-letter{display:inline-block}<\/style>\t\t\t\t<p><strong>Informations RGPD<\/strong><\/p><p>Dans tous les \u00c9tats membres de l\u2019Union europ\u00e9enne (UE), \u00e0 compter du 25.05.2018, le r\u00e8glement 2016\/679 relatif \u00e0 la protection des personnes physiques \u00e0 l\u2019\u00e9gard du traitement des donn\u00e9es \u00e0 caract\u00e8re personnel et \u00e0 la libre circulation de ces donn\u00e9es, \u00e9galement connu sous le sigle, devient applicable. RGPD (R\u00e8glement G\u00e9n\u00e9ral sur la Protection des Donn\u00e9es).<\/p><p>Le GDPR renforce l\u2019ancienne l\u00e9gislation et la normalise dans tous les pays de l\u2019UE. En EU, il existe actuellement la loi 677\/2001 sur la protection des personnes \u00e0 l\u2019\u00e9gard du traitement des donn\u00e9es \u00e0 caract\u00e8re personnel et de leur libre circulation, dont les dispositions ont d\u00e9j\u00e0 \u00e9t\u00e9 appliqu\u00e9es par LICENSI.FR<\/p><p><strong>QU\u2019EST-CE QUE LES DONN\u00c9ES PERSONNELLES\u00a0?<\/strong><\/p><p>Toute information par laquelle une personne physique devient identifiable, telle que : un nom, un num\u00e9ro d\u2019identification, des donn\u00e9es de localisation, un identifiant en ligne, un ou plusieurs \u00e9l\u00e9ments propres \u00e0 son \u00e9tat physique, physiologique, g\u00e9n\u00e9tique, mental, \u00e9conomique, culturel ou social, etc.<\/p><p><strong>QUE SIGNIFIE LE TRAITEMENT DES DONN\u00c9ES PERSONNELLES<\/strong><\/p><p>Toute op\u00e9ration ou ensemble d\u2019op\u00e9rations effectu\u00e9es sur des donn\u00e9es personnelles ou sur des ensembles de donn\u00e9es personnelles, avec ou sans recours \u00e0 des moyens automatis\u00e9s, tels que : collecte, enregistrement, organisation, structuration, stockage, adaptation, modification, extraction, consultation, utilisation, divulgation par la transmission (y compris \u00e0 des tiers), la diffusion ou la mise \u00e0 disposition de toute autre mani\u00e8re, l\u2019association\/l\u2019alignement ou la combinaison, le blocage\/la restriction, la suppression ou la destruction.<\/p><p><strong>GDPR LICENSI.FR \u2013 DONN\u00c9ES TRAIT\u00c9ES, OBJET, SUJETS, DUR\u00c9E<\/strong><\/p><p>Les donn\u00e9es personnelles trait\u00e9es par LICENSI.FR sont : nom, pr\u00e9nom, E-mail<\/p><p>Les finalit\u00e9s du traitement sont de vous contacter, de vous informer en permanence sur nos offres, de facturer et d\u2019accomplir d\u2019autres formalit\u00e9s, mais \u00e9galement dans le but de promouvoir l\u2019op\u00e9rateur.<\/p><p><strong>La p\u00e9riode pendant laquelle le traitement des donn\u00e9es personnelles est effectu\u00e9.<\/strong><\/p><p>Le traitement des donn\u00e9es personnelles est effectu\u00e9 pour une dur\u00e9e \u00e9tablie en fonction du type de traitement, \u00e0 savoir lorsque le traitement est une obligation du vendeur (facturation).<\/p><p>Le traitement \u00e0 des fins de marketing se fera jusqu\u2019\u00e0 ce que votre consentement soit retir\u00e9 (d\u00e9sinscription \u00e0 la newsletter)<\/p><p><strong>DROITS DES PERSONNES CONCERN\u00c9ES\u00a0:<\/strong><\/p><p><strong>Les personnes concern\u00e9es ont les droits suivants :<\/strong><\/p><p><strong>LE DROIT \u00c0 L\u2019INFORMATION<\/strong>\u00a0\u2013 le droit d\u2019\u00eatre inform\u00e9 sur le traitement et la protection des donn\u00e9es personnelles ;<\/p><p><strong>DROIT D\u2019ACC\u00c8S AUX DONN\u00c9ES<\/strong>\u00a0\u2013 le droit d\u2019obtenir du responsable du traitement la confirmation que des donn\u00e9es personnelles sont ou ne sont pas trait\u00e9es par lui\u00a0;<\/p><p><strong>LE DROIT \u00c0 LA CORRECTION<\/strong>\u00a0\u2013 le droit d\u2019obtenir la rectification des donn\u00e9es inexactes, ainsi que l\u2019ach\u00e8vement des donn\u00e9es incompl\u00e8tes\u00a0;<\/p><p><strong>LE DROIT DE SUPPRIMER DES DONN\u00c9ES (\u201cDROIT \u00c0 L\u2019OUBLI\u201d)<\/strong>\u00a0\u2013 le droit d\u2019obtenir, dans la mesure o\u00f9 les conditions l\u00e9gales sont remplies, la suppression des donn\u00e9es personnelles\u00a0;<\/p><p><strong>LE DROIT DE LIMITER LE TRAITEMENT<\/strong>\u00a0\u2013 le droit d\u2019obtenir, dans la mesure o\u00f9 les conditions l\u00e9gales sont remplies, le marquage des donn\u00e9es personnelles stock\u00e9es, afin de limiter leur traitement ult\u00e9rieur\u00a0;<\/p><p>\u00c9quipe,<\/p><p>LICENSI.FR<\/p>\t\t\t\t\t\t<\/div>\n\t\t\t\t<\/div>\n\t\t\t\t<div class=\"elementor-element elementor-element-5dc79c4 elementor-align-center elementor-widget elementor-widget-button\" data-id=\"5dc79c4\" data-element_type=\"widget\" data-settings=\"{&quot;ekit_we_effect_on&quot;:&quot;none&quot;}\" data-widget_type=\"button.default\">\n\t\t\t\t<div class=\"elementor-widget-container\">\n\t\t\t\t\t<div class=\"elementor-button-wrapper\">\n\t\t\t<a class=\"elementor-button elementor-button-link elementor-size-xs\" href=\"https:\/\/licensi.fr\/\" target=\"_blank\">\n\t\t\t\t\t\t<span class=\"elementor-button-content-wrapper\">\n\t\t\t\t\t\t<span class=\"elementor-button-icon elementor-align-icon-left\">\n\t\t\t\t<i aria-hidden=\"true\" class=\"far fa-arrow-alt-circle-left\"><\/i>\t\t\t<\/span>\n\t\t\t\t\t\t<span class=\"elementor-button-text\">Retour<\/span>\n\t\t<\/span>\n\t\t\t\t\t<\/a>\n\t\t<\/div>\n\t\t\t\t<\/div>\n\t\t\t\t<\/div>\n\t\t\t\t\t<\/div>\n\t\t\t\t<\/div>\n\t\t\t\t\t\t\t<\/div>\n\t\t","protected":false},"excerpt":{"rendered":"<p>Politique de confidentialit\u00e9 Informations RGPD Dans tous les \u00c9tats membres de l\u2019Union europ\u00e9enne (UE), \u00e0 compter du 25.05.2018, le r\u00e8glement 2016\/679 relatif \u00e0 la protection des personnes physiques \u00e0 l\u2019\u00e9gard du traitement des donn\u00e9es \u00e0 caract\u00e8re personnel et \u00e0 la libre circulation de ces donn\u00e9es, \u00e9galement connu sous le sigle, devient applicable. RGPD (R\u00e8glement G\u00e9n\u00e9ral [&hellip;]<\/p>\n","protected":false},"author":1,"featured_media":0,"parent":0,"menu_order":0,"comment_status":"closed","ping_status":"closed","template":"","meta":{"footnotes":""},"jetpack_sharing_enabled":true,"_links":{"self":[{"href":"https:\/\/licensi.fr\/index.php\/wp-json\/wp\/v2\/pages\/220"}],"collection":[{"href":"https:\/\/licensi.fr\/index.php\/wp-json\/wp\/v2\/pages"}],"about":[{"href":"https:\/\/licensi.fr\/index.php\/wp-json\/wp\/v2\/types\/page"}],"author":[{"embeddable":true,"href":"https:\/\/licensi.fr\/index.php\/wp-json\/wp\/v2\/users\/1"}],"replies":[{"embeddable":true,"href":"https:\/\/licensi.fr\/index.php\/wp-json\/wp\/v2\/comments?post=220"}],"version-history":[{"count":13,"href":"https:\/\/licensi.fr\/index.php\/wp-json\/wp\/v2\/pages\/220\/revisions"}],"predecessor-version":[{"id":274,"href":"https:\/\/licensi.fr\/index.php\/wp-json\/wp\/v2\/pages\/220\/revisions\/274"}],"wp:attachment":[{"href":"https:\/\/licensi.fr\/index.php\/wp-json\/wp\/v2\/media?parent=220"}],"curies":[{"name":"wp","href":"https:\/\/api.w.org\/{rel}","templated":true}]}}