{"id":209,"date":"2023-11-20T00:04:09","date_gmt":"2023-11-20T00:04:09","guid":{"rendered":"https:\/\/licensi.fr\/?page_id=209"},"modified":"2023-11-20T12:13:58","modified_gmt":"2023-11-20T12:13:58","slug":"paiements-et-politique-de-retour","status":"publish","type":"page","link":"https:\/\/licensi.fr\/index.php\/paiements-et-politique-de-retour\/","title":{"rendered":"Paiements et\u00a0politique de retour"},"content":{"rendered":"\t\t<div data-elementor-type=\"wp-page\" data-elementor-id=\"209\" class=\"elementor elementor-209\" data-elementor-post-type=\"page\">\n\t\t\t\t\t\t\t<div data-particle_enable=\"false\" data-particle-mobile-disabled=\"false\" class=\"elementor-element elementor-element-a790b99 e-flex e-con-boxed e-con e-parent\" data-id=\"a790b99\" data-element_type=\"container\" data-settings=\"{&quot;background_background&quot;:&quot;classic&quot;,&quot;content_width&quot;:&quot;boxed&quot;,&quot;ekit_has_onepagescroll_dot&quot;:&quot;yes&quot;}\" data-core-v316-plus=\"true\">\n\t\t\t\t\t<div class=\"e-con-inner\">\n\t\t\t\t<div class=\"elementor-element elementor-element-f1603b0 elementor-widget elementor-widget-spacer\" data-id=\"f1603b0\" data-element_type=\"widget\" data-settings=\"{&quot;ekit_we_effect_on&quot;:&quot;none&quot;}\" data-widget_type=\"spacer.default\">\n\t\t\t\t<div class=\"elementor-widget-container\">\n\t\t\t<style>\/*! elementor - v3.17.0 - 08-11-2023 *\/\n.elementor-column .elementor-spacer-inner{height:var(--spacer-size)}.e-con{--container-widget-width:100%}.e-con-inner>.elementor-widget-spacer,.e-con>.elementor-widget-spacer{width:var(--container-widget-width,var(--spacer-size));--align-self:var(--container-widget-align-self,initial);--flex-shrink:0}.e-con-inner>.elementor-widget-spacer>.elementor-widget-container,.e-con>.elementor-widget-spacer>.elementor-widget-container{height:100%;width:100%}.e-con-inner>.elementor-widget-spacer>.elementor-widget-container>.elementor-spacer,.e-con>.elementor-widget-spacer>.elementor-widget-container>.elementor-spacer{height:100%}.e-con-inner>.elementor-widget-spacer>.elementor-widget-container>.elementor-spacer>.elementor-spacer-inner,.e-con>.elementor-widget-spacer>.elementor-widget-container>.elementor-spacer>.elementor-spacer-inner{height:var(--container-widget-height,var(--spacer-size))}.e-con-inner>.elementor-widget-spacer.elementor-widget-empty,.e-con>.elementor-widget-spacer.elementor-widget-empty{position:relative;min-height:22px;min-width:22px}.e-con-inner>.elementor-widget-spacer.elementor-widget-empty .elementor-widget-empty-icon,.e-con>.elementor-widget-spacer.elementor-widget-empty .elementor-widget-empty-icon{position:absolute;top:0;bottom:0;left:0;right:0;margin:auto;padding:0;width:22px;height:22px}<\/style>\t\t<div class=\"elementor-spacer\">\n\t\t\t<div class=\"elementor-spacer-inner\"><\/div>\n\t\t<\/div>\n\t\t\t\t<\/div>\n\t\t\t\t<\/div>\n\t\t\t\t<div class=\"elementor-element elementor-element-131951b elementor-headline--style-highlight elementor-widget elementor-widget-animated-headline\" data-id=\"131951b\" data-element_type=\"widget\" data-settings=\"{&quot;marker&quot;:&quot;underline&quot;,&quot;highlighted_text&quot;:&quot;politique de retour&quot;,&quot;headline_style&quot;:&quot;highlight&quot;,&quot;loop&quot;:&quot;yes&quot;,&quot;highlight_animation_duration&quot;:1200,&quot;highlight_iteration_delay&quot;:8000,&quot;ekit_we_effect_on&quot;:&quot;none&quot;}\" data-widget_type=\"animated-headline.default\">\n\t\t\t\t<div class=\"elementor-widget-container\">\n\t\t\t<link rel=\"stylesheet\" href=\"https:\/\/licensi.fr\/wp-content\/plugins\/elementor-pro\/assets\/css\/widget-animated-headline.min.css\">\t\t<h3 class=\"elementor-headline\">\n\t\t\t\t\t<span class=\"elementor-headline-plain-text elementor-headline-text-wrapper\">Paiements et <\/span>\n\t\t\t\t<span class=\"elementor-headline-dynamic-wrapper elementor-headline-text-wrapper\">\n\t\t\t\t\t<span class=\"elementor-headline-dynamic-text elementor-headline-text-active\">politique de retour<\/span>\n\t\t\t\t<\/span>\n\t\t\t\t<\/h3>\n\t\t\t\t<\/div>\n\t\t\t\t<\/div>\n\t\t\t\t<div class=\"elementor-element elementor-element-b1240e2 elementor-widget elementor-widget-text-editor\" data-id=\"b1240e2\" data-element_type=\"widget\" data-settings=\"{&quot;ekit_we_effect_on&quot;:&quot;none&quot;}\" data-widget_type=\"text-editor.default\">\n\t\t\t\t<div class=\"elementor-widget-container\">\n\t\t\t<style>\/*! elementor - v3.17.0 - 08-11-2023 *\/\n.elementor-widget-text-editor.elementor-drop-cap-view-stacked .elementor-drop-cap{background-color:#69727d;color:#fff}.elementor-widget-text-editor.elementor-drop-cap-view-framed .elementor-drop-cap{color:#69727d;border:3px solid;background-color:transparent}.elementor-widget-text-editor:not(.elementor-drop-cap-view-default) .elementor-drop-cap{margin-top:8px}.elementor-widget-text-editor:not(.elementor-drop-cap-view-default) .elementor-drop-cap-letter{width:1em;height:1em}.elementor-widget-text-editor .elementor-drop-cap{float:left;text-align:center;line-height:1;font-size:50px}.elementor-widget-text-editor .elementor-drop-cap-letter{display:inline-block}<\/style>\t\t\t\t<p><strong>Merci d\u2019avoir achet\u00e9 chez licensi.fr !<\/strong><\/p><p><strong>Veuillez lire ces r\u00e8gles avec attention.<\/strong><\/p><p>Nous remboursons nos produits dans les conditions suivantes :<\/p><p><strong>1.<\/strong>Remboursement int\u00e9gral sous 7 jours, si le client n\u2019a pas du tout re\u00e7u la licence, par e-mail.<\/p><p><strong>2.<\/strong>Remboursement int\u00e9gral sous 7 jours si le client a re\u00e7u une licence inutilisable \u2013 mais vous devez d\u2019abord contacter notre support pour d\u00e9terminer que la licence ne fonctionne pas et qu\u2019il n\u2019y a pas d\u2019autres probl\u00e8mes (installation d\u00e9fectueuse, mauvais produit install\u00e9, malware ou virus, corruption du fichier syst\u00e8me , etc.)<\/p><p><strong>3.<\/strong>Aucun remboursement si le client a re\u00e7u une licence fonctionnelle.<br \/>Selon GEO 34\/2014 sur les droits des consommateurs dans les contrats conclus avec des professionnels, ainsi que pour modifier et compl\u00e9ter certains actes normatifs, l\u2019art. 16 Exceptions au droit de r\u00e9tractation, nos produits rel\u00e8vent du point m) la fourniture d\u2019un contenu num\u00e9rique qui n\u2019est pas livr\u00e9 sur un support mat\u00e9riel, si la fourniture a commenc\u00e9 avec l\u2019accord expr\u00e8s pr\u00e9alable du consommateur et apr\u00e8s qu\u2019il a confirm\u00e9 avoir prendre conscience du fait qu\u2019il perdra son droit de r\u00e9tractation.<\/p><p>Afin de recevoir un remboursement, l\u2019acheteur doit nous contacter via l\u2019un des moyens de contact.<br \/>Si vous avez des questions sur notre politique de retour et de remboursement, veuillez nous contacter \u00e0 softlicente@gmail.com ou par chat.<\/p><p><strong>Conditions de livraison<\/strong><\/p><p><strong>Licensi.fr<\/strong> utilise le courrier \u00e9lectronique comme moyen de livrer des articles.<br \/>Pendant les heures ouvrables (y compris les week-ends), la plupart des codes que vous avez achet\u00e9s seront envoy\u00e9s par e-mail \u00e0 votre adresse e-mail enregistr\u00e9e instantan\u00e9ment. Les produits qui ne permettent pas la livraison instantan\u00e9e seront livr\u00e9s entre 30 minutes et 8 heures<\/p><p><strong>M\u00e9thodes de payement<\/strong><\/p><p>Nous acceptons actuellement les paiements via PayPal et par carte par Stripe. Cela nous prot\u00e8ge, nous et nos clients. Stripe est le leader mondial du traitement s\u00e9curis\u00e9 des paiements par carte de cr\u00e9dit et offre une assistance et une facilit\u00e9 d\u2019utilisation in\u00e9gal\u00e9es. Visitez\u00a0<strong>https:\/\/stripe.com<\/strong>\u00a0pour plus d\u2019informations.<\/p>\t\t\t\t\t\t<\/div>\n\t\t\t\t<\/div>\n\t\t\t\t<div class=\"elementor-element elementor-element-23df21c elementor-align-center elementor-widget elementor-widget-button\" data-id=\"23df21c\" data-element_type=\"widget\" data-settings=\"{&quot;ekit_we_effect_on&quot;:&quot;none&quot;}\" data-widget_type=\"button.default\">\n\t\t\t\t<div class=\"elementor-widget-container\">\n\t\t\t\t\t<div class=\"elementor-button-wrapper\">\n\t\t\t<a class=\"elementor-button elementor-button-link elementor-size-xs\" href=\"https:\/\/licensi.fr\/\">\n\t\t\t\t\t\t<span class=\"elementor-button-content-wrapper\">\n\t\t\t\t\t\t<span class=\"elementor-button-icon elementor-align-icon-left\">\n\t\t\t\t<i aria-hidden=\"true\" class=\"far fa-arrow-alt-circle-left\"><\/i>\t\t\t<\/span>\n\t\t\t\t\t\t<span class=\"elementor-button-text\">Retour<\/span>\n\t\t<\/span>\n\t\t\t\t\t<\/a>\n\t\t<\/div>\n\t\t\t\t<\/div>\n\t\t\t\t<\/div>\n\t\t\t\t\t<\/div>\n\t\t\t\t<\/div>\n\t\t\t\t\t\t\t<\/div>\n\t\t","protected":false},"excerpt":{"rendered":"<p>Paiements et politique de retour Merci d\u2019avoir achet\u00e9 chez licensi.fr ! Veuillez lire ces r\u00e8gles avec attention. Nous remboursons nos produits dans les conditions suivantes : 1.Remboursement int\u00e9gral sous 7 jours, si le client n\u2019a pas du tout re\u00e7u la licence, par e-mail. 2.Remboursement int\u00e9gral sous 7 jours si le client a re\u00e7u une licence [&hellip;]<\/p>\n","protected":false},"author":1,"featured_media":0,"parent":0,"menu_order":0,"comment_status":"closed","ping_status":"closed","template":"","meta":{"footnotes":""},"jetpack_sharing_enabled":true,"_links":{"self":[{"href":"https:\/\/licensi.fr\/index.php\/wp-json\/wp\/v2\/pages\/209"}],"collection":[{"href":"https:\/\/licensi.fr\/index.php\/wp-json\/wp\/v2\/pages"}],"about":[{"href":"https:\/\/licensi.fr\/index.php\/wp-json\/wp\/v2\/types\/page"}],"author":[{"embeddable":true,"href":"https:\/\/licensi.fr\/index.php\/wp-json\/wp\/v2\/users\/1"}],"replies":[{"embeddable":true,"href":"https:\/\/licensi.fr\/index.php\/wp-json\/wp\/v2\/comments?post=209"}],"version-history":[{"count":19,"href":"https:\/\/licensi.fr\/index.php\/wp-json\/wp\/v2\/pages\/209\/revisions"}],"predecessor-version":[{"id":259,"href":"https:\/\/licensi.fr\/index.php\/wp-json\/wp\/v2\/pages\/209\/revisions\/259"}],"wp:attachment":[{"href":"https:\/\/licensi.fr\/index.php\/wp-json\/wp\/v2\/media?parent=209"}],"curies":[{"name":"wp","href":"https:\/\/api.w.org\/{rel}","templated":true}]}}