{"id":201,"date":"2023-11-20T00:00:00","date_gmt":"2023-11-20T00:00:00","guid":{"rendered":"https:\/\/licensi.fr\/?page_id=201"},"modified":"2023-11-20T12:13:54","modified_gmt":"2023-11-20T12:13:54","slug":"garanties-legales","status":"publish","type":"page","link":"https:\/\/licensi.fr\/index.php\/garanties-legales\/","title":{"rendered":"Garanties\u00a0l\u00e9gales"},"content":{"rendered":"\t\t<div data-elementor-type=\"wp-page\" data-elementor-id=\"201\" class=\"elementor elementor-201\" data-elementor-post-type=\"page\">\n\t\t\t\t\t\t\t<div data-particle_enable=\"false\" data-particle-mobile-disabled=\"false\" class=\"elementor-element elementor-element-f505fdf e-flex e-con-boxed e-con e-parent\" data-id=\"f505fdf\" data-element_type=\"container\" data-settings=\"{&quot;background_background&quot;:&quot;classic&quot;,&quot;content_width&quot;:&quot;boxed&quot;,&quot;ekit_has_onepagescroll_dot&quot;:&quot;yes&quot;}\" data-core-v316-plus=\"true\">\n\t\t\t\t\t<div class=\"e-con-inner\">\n\t\t\t\t<div class=\"elementor-element elementor-element-c3fa196 elementor-widget elementor-widget-spacer\" data-id=\"c3fa196\" data-element_type=\"widget\" data-settings=\"{&quot;ekit_we_effect_on&quot;:&quot;none&quot;}\" data-widget_type=\"spacer.default\">\n\t\t\t\t<div class=\"elementor-widget-container\">\n\t\t\t<style>\/*! elementor - v3.17.0 - 08-11-2023 *\/\n.elementor-column .elementor-spacer-inner{height:var(--spacer-size)}.e-con{--container-widget-width:100%}.e-con-inner>.elementor-widget-spacer,.e-con>.elementor-widget-spacer{width:var(--container-widget-width,var(--spacer-size));--align-self:var(--container-widget-align-self,initial);--flex-shrink:0}.e-con-inner>.elementor-widget-spacer>.elementor-widget-container,.e-con>.elementor-widget-spacer>.elementor-widget-container{height:100%;width:100%}.e-con-inner>.elementor-widget-spacer>.elementor-widget-container>.elementor-spacer,.e-con>.elementor-widget-spacer>.elementor-widget-container>.elementor-spacer{height:100%}.e-con-inner>.elementor-widget-spacer>.elementor-widget-container>.elementor-spacer>.elementor-spacer-inner,.e-con>.elementor-widget-spacer>.elementor-widget-container>.elementor-spacer>.elementor-spacer-inner{height:var(--container-widget-height,var(--spacer-size))}.e-con-inner>.elementor-widget-spacer.elementor-widget-empty,.e-con>.elementor-widget-spacer.elementor-widget-empty{position:relative;min-height:22px;min-width:22px}.e-con-inner>.elementor-widget-spacer.elementor-widget-empty .elementor-widget-empty-icon,.e-con>.elementor-widget-spacer.elementor-widget-empty .elementor-widget-empty-icon{position:absolute;top:0;bottom:0;left:0;right:0;margin:auto;padding:0;width:22px;height:22px}<\/style>\t\t<div class=\"elementor-spacer\">\n\t\t\t<div class=\"elementor-spacer-inner\"><\/div>\n\t\t<\/div>\n\t\t\t\t<\/div>\n\t\t\t\t<\/div>\n\t\t\t\t<div class=\"elementor-element elementor-element-ded50e1 elementor-headline--style-highlight elementor-widget elementor-widget-animated-headline\" data-id=\"ded50e1\" data-element_type=\"widget\" data-settings=\"{&quot;marker&quot;:&quot;underline&quot;,&quot;highlighted_text&quot;:&quot; l\\u00e9gales&quot;,&quot;headline_style&quot;:&quot;highlight&quot;,&quot;loop&quot;:&quot;yes&quot;,&quot;highlight_animation_duration&quot;:1200,&quot;highlight_iteration_delay&quot;:8000,&quot;ekit_we_effect_on&quot;:&quot;none&quot;}\" data-widget_type=\"animated-headline.default\">\n\t\t\t\t<div class=\"elementor-widget-container\">\n\t\t\t<link rel=\"stylesheet\" href=\"https:\/\/licensi.fr\/wp-content\/plugins\/elementor-pro\/assets\/css\/widget-animated-headline.min.css\">\t\t<h3 class=\"elementor-headline\">\n\t\t\t\t\t<span class=\"elementor-headline-plain-text elementor-headline-text-wrapper\">Garanties<\/span>\n\t\t\t\t<span class=\"elementor-headline-dynamic-wrapper elementor-headline-text-wrapper\">\n\t\t\t\t\t<span class=\"elementor-headline-dynamic-text elementor-headline-text-active\"> l\u00e9gales<\/span>\n\t\t\t\t<\/span>\n\t\t\t\t<\/h3>\n\t\t\t\t<\/div>\n\t\t\t\t<\/div>\n\t\t\t\t<div class=\"elementor-element elementor-element-cbb91f8 elementor-widget elementor-widget-text-editor\" data-id=\"cbb91f8\" data-element_type=\"widget\" data-settings=\"{&quot;ekit_we_effect_on&quot;:&quot;none&quot;}\" data-widget_type=\"text-editor.default\">\n\t\t\t\t<div class=\"elementor-widget-container\">\n\t\t\t<style>\/*! elementor - v3.17.0 - 08-11-2023 *\/\n.elementor-widget-text-editor.elementor-drop-cap-view-stacked .elementor-drop-cap{background-color:#69727d;color:#fff}.elementor-widget-text-editor.elementor-drop-cap-view-framed .elementor-drop-cap{color:#69727d;border:3px solid;background-color:transparent}.elementor-widget-text-editor:not(.elementor-drop-cap-view-default) .elementor-drop-cap{margin-top:8px}.elementor-widget-text-editor:not(.elementor-drop-cap-view-default) .elementor-drop-cap-letter{width:1em;height:1em}.elementor-widget-text-editor .elementor-drop-cap{float:left;text-align:center;line-height:1;font-size:50px}.elementor-widget-text-editor .elementor-drop-cap-letter{display:inline-block}<\/style>\t\t\t\t<p><strong>Logiciel 100% original<\/strong><br \/>Nous livrons toujours des cl\u00e9s d\u2019activation de logiciels originaux que vous pouvez enregistrer (ou v\u00e9rifier) sur le site web du fabricant. Gr\u00e2ce \u00e0 l\u2019accord de coop\u00e9ration et de partenariat, l\u2019achat de produits de licensi.fr vous garantit un bon fonctionnement durable du logiciel. \u00c9vitez les situations ind\u00e9sirables o\u00f9 le logiciel se bloque au moment le plus inopportun et achetez des produits chez nous.<\/p><p>Nous garantissons que le logiciel fonctionnera pendant toute la p\u00e9riode de validit\u00e9 de la cl\u00e9 d\u2019activation.<\/p><p><strong>Garantie d\u2019installation<\/strong><br \/>licensi.fr peut garantir que le logiciel sera install\u00e9 avec succ\u00e8s en fonction de votre syst\u00e8me d\u2019exploitation, ce qui est un avantage offert uniquement par notre soci\u00e9t\u00e9. \u00c9tant donn\u00e9 que nous pouvons vous fournir les cl\u00e9s d\u2019activation originales, gr\u00e2ce \u00e0 nos \u00e9tudes approfondies, notre exp\u00e9rience, nous vous assurons que vous recevrez le soutien n\u00e9cessaire concernant l\u2019activation du logiciel. Si vous rencontrez des probl\u00e8mes avec l\u2019activation, nous vous invitons \u00e0 appeler nos coll\u00e8gues de l\u2019\u00e9quipe de support technique. Ils seront accompagn\u00e9s de recommandations pour compl\u00e9ter l\u2019activation.<\/p><p><strong>Prix inf\u00e9rieur \u00e0 celui propos\u00e9 par le fabricant<\/strong><br \/>Certains des produits figurant sur notre site Web sont des \u201clogiciels d\u2019occasion\u201d. Pour le consommateur final, cela signifie simplement que le prix est inf\u00e9rieur de 70 % \u00e0 celui indiqu\u00e9 sur le site Web du fabricant. Les logiciels d\u00e9sinstall\u00e9s et supprim\u00e9s d\u2019un appareil peuvent \u00eatre revendus (arr\u00eat dans l\u2019affaire C-128\/11 de 2012)\u00a0<a href=\"https:\/\/curia.europa.eu\/jcms\/upload\/docs\/application\/pdf\/2012-07\/cp120094fr.pdf\">La d\u00e9cision de la CJUE<\/a>\u00a0dit qu\u2019\u201daucun producteur de logiciels ne peut emp\u00eacher la revente de ses licences \u201cusag\u00e9es\u201d en permettant l\u2019utilisation de ses logiciels t\u00e9l\u00e9charg\u00e9s sur Internet\u201d. Le droit exclusif de distribuer une copie d\u2019un programme d\u2019ordinateur couvert par une telle licence est \u00e9puis\u00e9 lors de sa premi\u00e8re vente.\u201d Cela signifie que la vente de licences de logiciels \u201cusag\u00e9s\u201d et redondants est l\u00e9gale. Cet arr\u00eat a cr\u00e9\u00e9 un cadre juridique et s\u00e9curis\u00e9 pour l\u2019ensemble de l\u2019Union europ\u00e9enne, garantissant une concurrence \u00e9quitable et saine sur le march\u00e9 europ\u00e9en.<\/p><p><strong>L\u2019arr\u00eat stipule \u00e9galement que :<\/strong><\/p><p>\u2013 Les licences logicielles perp\u00e9tuelles peuvent \u00eatre \u00e9chang\u00e9es librement. Si vous achetez une licence perp\u00e9tuelle de logiciel, vous pouvez la vendre dans les m\u00eames conditions.<\/p><p>\u2013 Les droits de distribution du fabricant sont \u00e9puis\u00e9s lors de la premi\u00e8re vente du logiciel. Les clients qui ont achet\u00e9 un programme informatique sur un march\u00e9 libre ont le droit d\u2019utiliser le logiciel achet\u00e9.<\/p><p>\u2013 M\u00eame si la revente du logiciel est sp\u00e9cifiquement interdite par le contrat de licence, le titulaire du droit d\u2019auteur ne peut plus s\u2019opposer \u00e0 la revente de cette copie. Le contrat de licence est soumis au droit europ\u00e9en et les points qui entrent en conflit avec le droit europ\u00e9en sont nuls (cela s\u2019applique principalement aux \u201clogiciels OEM\u201d).<\/p><p><b>\u2013<\/b>\u00a0Il n\u2019y a pas de diff\u00e9rence dans le mode de distribution. Les logiciels peuvent \u00eatre distribu\u00e9s sur CD\/DVD (licences physiques) ou en ligne (licences num\u00e9riques). Le titulaire du droit d\u2019auteur ne peut pas r\u00e9clamer une r\u00e9mun\u00e9ration appropri\u00e9e pour la revente ult\u00e9rieure de la licence du logiciel, car la r\u00e9mun\u00e9ration appropri\u00e9e a \u00e9t\u00e9 obtenue apr\u00e8s la premi\u00e8re vente.<\/p>\t\t\t\t\t\t<\/div>\n\t\t\t\t<\/div>\n\t\t\t\t<div class=\"elementor-element elementor-element-4cb09a6 elementor-align-center elementor-widget elementor-widget-button\" data-id=\"4cb09a6\" data-element_type=\"widget\" data-settings=\"{&quot;ekit_we_effect_on&quot;:&quot;none&quot;}\" data-widget_type=\"button.default\">\n\t\t\t\t<div class=\"elementor-widget-container\">\n\t\t\t\t\t<div class=\"elementor-button-wrapper\">\n\t\t\t<a class=\"elementor-button elementor-button-link elementor-size-sm\" href=\"https:\/\/curia.europa.eu\/jcms\/upload\/docs\/application\/pdf\/2012-07\/cp120094fr.pdf\" target=\"_blank\">\n\t\t\t\t\t\t<span class=\"elementor-button-content-wrapper\">\n\t\t\t\t\t\t<span class=\"elementor-button-text\">Lire le communiqu\u00e9 de presse<\/span>\n\t\t<\/span>\n\t\t\t\t\t<\/a>\n\t\t<\/div>\n\t\t\t\t<\/div>\n\t\t\t\t<\/div>\n\t\t\t\t<div class=\"elementor-element elementor-element-92a4771 elementor-align-center elementor-widget elementor-widget-button\" data-id=\"92a4771\" data-element_type=\"widget\" data-settings=\"{&quot;ekit_we_effect_on&quot;:&quot;none&quot;}\" data-widget_type=\"button.default\">\n\t\t\t\t<div class=\"elementor-widget-container\">\n\t\t\t\t\t<div class=\"elementor-button-wrapper\">\n\t\t\t<a class=\"elementor-button elementor-button-link elementor-size-xs\" href=\"https:\/\/licensi.fr\/\" target=\"_blank\">\n\t\t\t\t\t\t<span class=\"elementor-button-content-wrapper\">\n\t\t\t\t\t\t<span class=\"elementor-button-icon elementor-align-icon-left\">\n\t\t\t\t<i aria-hidden=\"true\" class=\"far fa-arrow-alt-circle-left\"><\/i>\t\t\t<\/span>\n\t\t\t\t\t\t<span class=\"elementor-button-text\">Retour<\/span>\n\t\t<\/span>\n\t\t\t\t\t<\/a>\n\t\t<\/div>\n\t\t\t\t<\/div>\n\t\t\t\t<\/div>\n\t\t\t\t\t<\/div>\n\t\t\t\t<\/div>\n\t\t\t\t\t\t\t<\/div>\n\t\t","protected":false},"excerpt":{"rendered":"<p>Garanties l\u00e9gales Logiciel 100% originalNous livrons toujours des cl\u00e9s d\u2019activation de logiciels originaux que vous pouvez enregistrer (ou v\u00e9rifier) sur le site web du fabricant. Gr\u00e2ce \u00e0 l\u2019accord de coop\u00e9ration et de partenariat, l\u2019achat de produits de licensi.fr vous garantit un bon fonctionnement durable du logiciel. \u00c9vitez les situations ind\u00e9sirables o\u00f9 le logiciel se bloque [&hellip;]<\/p>\n","protected":false},"author":1,"featured_media":0,"parent":0,"menu_order":0,"comment_status":"closed","ping_status":"closed","template":"","meta":{"footnotes":""},"jetpack_sharing_enabled":true,"_links":{"self":[{"href":"https:\/\/licensi.fr\/index.php\/wp-json\/wp\/v2\/pages\/201"}],"collection":[{"href":"https:\/\/licensi.fr\/index.php\/wp-json\/wp\/v2\/pages"}],"about":[{"href":"https:\/\/licensi.fr\/index.php\/wp-json\/wp\/v2\/types\/page"}],"author":[{"embeddable":true,"href":"https:\/\/licensi.fr\/index.php\/wp-json\/wp\/v2\/users\/1"}],"replies":[{"embeddable":true,"href":"https:\/\/licensi.fr\/index.php\/wp-json\/wp\/v2\/comments?post=201"}],"version-history":[{"count":13,"href":"https:\/\/licensi.fr\/index.php\/wp-json\/wp\/v2\/pages\/201\/revisions"}],"predecessor-version":[{"id":256,"href":"https:\/\/licensi.fr\/index.php\/wp-json\/wp\/v2\/pages\/201\/revisions\/256"}],"wp:attachment":[{"href":"https:\/\/licensi.fr\/index.php\/wp-json\/wp\/v2\/media?parent=201"}],"curies":[{"name":"wp","href":"https:\/\/api.w.org\/{rel}","templated":true}]}}