{"id":195,"date":"2023-11-19T23:55:04","date_gmt":"2023-11-19T23:55:04","guid":{"rendered":"https:\/\/licensi.fr\/?page_id=195"},"modified":"2023-11-20T19:04:57","modified_gmt":"2023-11-20T19:04:57","slug":"quest","status":"publish","type":"page","link":"https:\/\/licensi.fr\/index.php\/quest\/","title":{"rendered":"quest"},"content":{"rendered":"\t\t<div data-elementor-type=\"wp-page\" data-elementor-id=\"195\" class=\"elementor elementor-195\" data-elementor-post-type=\"page\">\n\t\t\t\t\t\t\t<div data-particle_enable=\"false\" data-particle-mobile-disabled=\"false\" class=\"elementor-element elementor-element-d34f2cc e-flex e-con-boxed e-con e-parent\" data-id=\"d34f2cc\" data-element_type=\"container\" data-settings=\"{&quot;content_width&quot;:&quot;boxed&quot;,&quot;ekit_has_onepagescroll_dot&quot;:&quot;yes&quot;}\" data-core-v316-plus=\"true\">\n\t\t\t\t\t<div class=\"e-con-inner\">\n\t\t\t\t<div class=\"elementor-element elementor-element-0e67a47 elementor-widget elementor-widget-spacer\" data-id=\"0e67a47\" data-element_type=\"widget\" data-settings=\"{&quot;ekit_we_effect_on&quot;:&quot;none&quot;}\" data-widget_type=\"spacer.default\">\n\t\t\t\t<div class=\"elementor-widget-container\">\n\t\t\t<style>\/*! elementor - v3.17.0 - 08-11-2023 *\/\n.elementor-column .elementor-spacer-inner{height:var(--spacer-size)}.e-con{--container-widget-width:100%}.e-con-inner>.elementor-widget-spacer,.e-con>.elementor-widget-spacer{width:var(--container-widget-width,var(--spacer-size));--align-self:var(--container-widget-align-self,initial);--flex-shrink:0}.e-con-inner>.elementor-widget-spacer>.elementor-widget-container,.e-con>.elementor-widget-spacer>.elementor-widget-container{height:100%;width:100%}.e-con-inner>.elementor-widget-spacer>.elementor-widget-container>.elementor-spacer,.e-con>.elementor-widget-spacer>.elementor-widget-container>.elementor-spacer{height:100%}.e-con-inner>.elementor-widget-spacer>.elementor-widget-container>.elementor-spacer>.elementor-spacer-inner,.e-con>.elementor-widget-spacer>.elementor-widget-container>.elementor-spacer>.elementor-spacer-inner{height:var(--container-widget-height,var(--spacer-size))}.e-con-inner>.elementor-widget-spacer.elementor-widget-empty,.e-con>.elementor-widget-spacer.elementor-widget-empty{position:relative;min-height:22px;min-width:22px}.e-con-inner>.elementor-widget-spacer.elementor-widget-empty .elementor-widget-empty-icon,.e-con>.elementor-widget-spacer.elementor-widget-empty .elementor-widget-empty-icon{position:absolute;top:0;bottom:0;left:0;right:0;margin:auto;padding:0;width:22px;height:22px}<\/style>\t\t<div class=\"elementor-spacer\">\n\t\t\t<div class=\"elementor-spacer-inner\"><\/div>\n\t\t<\/div>\n\t\t\t\t<\/div>\n\t\t\t\t<\/div>\n\t\t\t\t<div class=\"elementor-element elementor-element-2864ccf elementor-headline--style-highlight elementor-widget elementor-widget-animated-headline\" data-id=\"2864ccf\" data-element_type=\"widget\" data-settings=\"{&quot;highlighted_text&quot;:&quot; r\\u00e9ponses&quot;,&quot;headline_style&quot;:&quot;highlight&quot;,&quot;marker&quot;:&quot;circle&quot;,&quot;loop&quot;:&quot;yes&quot;,&quot;highlight_animation_duration&quot;:1200,&quot;highlight_iteration_delay&quot;:8000,&quot;ekit_we_effect_on&quot;:&quot;none&quot;}\" data-widget_type=\"animated-headline.default\">\n\t\t\t\t<div class=\"elementor-widget-container\">\n\t\t\t<link rel=\"stylesheet\" href=\"https:\/\/licensi.fr\/wp-content\/plugins\/elementor-pro\/assets\/css\/widget-animated-headline.min.css\">\t\t<h3 class=\"elementor-headline\">\n\t\t\t\t\t<span class=\"elementor-headline-plain-text elementor-headline-text-wrapper\">Questions et<\/span>\n\t\t\t\t<span class=\"elementor-headline-dynamic-wrapper elementor-headline-text-wrapper\">\n\t\t\t\t\t<span class=\"elementor-headline-dynamic-text elementor-headline-text-active\"> r\u00e9ponses<\/span>\n\t\t\t\t<\/span>\n\t\t\t\t<\/h3>\n\t\t\t\t<\/div>\n\t\t\t\t<\/div>\n\t\t\t\t<div class=\"elementor-element elementor-element-dd7b439 elementor-widget elementor-widget-accordion\" data-id=\"dd7b439\" data-element_type=\"widget\" data-settings=\"{&quot;ekit_we_effect_on&quot;:&quot;none&quot;}\" data-widget_type=\"accordion.default\">\n\t\t\t\t<div class=\"elementor-widget-container\">\n\t\t\t<style>\/*! elementor - v3.17.0 - 08-11-2023 *\/\n.elementor-accordion{text-align:left}.elementor-accordion .elementor-accordion-item{border:1px solid #d5d8dc}.elementor-accordion .elementor-accordion-item+.elementor-accordion-item{border-top:none}.elementor-accordion .elementor-tab-title{margin:0;padding:15px 20px;font-weight:700;line-height:1;cursor:pointer;outline:none}.elementor-accordion .elementor-tab-title .elementor-accordion-icon{display:inline-block;width:1.5em}.elementor-accordion .elementor-tab-title .elementor-accordion-icon svg{width:1em;height:1em}.elementor-accordion .elementor-tab-title .elementor-accordion-icon.elementor-accordion-icon-right{float:right;text-align:right}.elementor-accordion .elementor-tab-title .elementor-accordion-icon.elementor-accordion-icon-left{float:left;text-align:left}.elementor-accordion .elementor-tab-title .elementor-accordion-icon .elementor-accordion-icon-closed{display:block}.elementor-accordion .elementor-tab-title .elementor-accordion-icon .elementor-accordion-icon-opened,.elementor-accordion .elementor-tab-title.elementor-active .elementor-accordion-icon-closed{display:none}.elementor-accordion .elementor-tab-title.elementor-active .elementor-accordion-icon-opened{display:block}.elementor-accordion .elementor-tab-content{display:none;padding:15px 20px;border-top:1px solid #d5d8dc}@media (max-width:767px){.elementor-accordion .elementor-tab-title{padding:12px 15px}.elementor-accordion .elementor-tab-title .elementor-accordion-icon{width:1.2em}.elementor-accordion .elementor-tab-content{padding:7px 15px}}.e-con-inner>.elementor-widget-accordion,.e-con>.elementor-widget-accordion{width:var(--container-widget-width);--flex-grow:var(--container-widget-flex-grow)}<\/style>\t\t<div class=\"elementor-accordion\">\n\t\t\t\t\t\t\t<div class=\"elementor-accordion-item\">\n\t\t\t\t\t<div id=\"elementor-tab-title-2321\" class=\"elementor-tab-title\" data-tab=\"1\" role=\"button\" aria-controls=\"elementor-tab-content-2321\" aria-expanded=\"false\">\n\t\t\t\t\t\t\t\t\t\t\t\t\t<span class=\"elementor-accordion-icon elementor-accordion-icon-left\" aria-hidden=\"true\">\n\t\t\t\t\t\t\t\t\t\t\t\t\t\t\t<span class=\"elementor-accordion-icon-closed\"><i class=\"fas fa-plus\"><\/i><\/span>\n\t\t\t\t\t\t\t\t<span class=\"elementor-accordion-icon-opened\"><i class=\"fas fa-minus\"><\/i><\/span>\n\t\t\t\t\t\t\t\t\t\t\t\t\t\t<\/span>\n\t\t\t\t\t\t\t\t\t\t\t\t<a class=\"elementor-accordion-title\" tabindex=\"0\">Pourquoi nous choisir ?<\/a>\n\t\t\t\t\t<\/div>\n\t\t\t\t\t<div id=\"elementor-tab-content-2321\" class=\"elementor-tab-content elementor-clearfix\" data-tab=\"1\" role=\"region\" aria-labelledby=\"elementor-tab-title-2321\"><p><strong>Licensi.fr<\/strong>\u00a0fournit toujours des cl\u00e9s d\u2019activation originales pour les \u201clogiciels num\u00e9riques\u201d que vous pouvez enregistrer (ou v\u00e9rifier) sur le site Web du fabricant. Gr\u00e2ce \u00e0 l\u2019accord de coop\u00e9ration et de partenariat, l\u2019achat de produits chez nous vous garantit une exploitation durable du logiciel. \u00c9vitez les situations ind\u00e9sirables o\u00f9 un logiciel se bloque au moment le plus inopportun et achetez les produits de\u00a0<strong>licensi.fr<\/strong>.<\/p><\/div>\n\t\t\t\t<\/div>\n\t\t\t\t\t\t\t<div class=\"elementor-accordion-item\">\n\t\t\t\t\t<div id=\"elementor-tab-title-2322\" class=\"elementor-tab-title\" data-tab=\"2\" role=\"button\" aria-controls=\"elementor-tab-content-2322\" aria-expanded=\"false\">\n\t\t\t\t\t\t\t\t\t\t\t\t\t<span class=\"elementor-accordion-icon elementor-accordion-icon-left\" aria-hidden=\"true\">\n\t\t\t\t\t\t\t\t\t\t\t\t\t\t\t<span class=\"elementor-accordion-icon-closed\"><i class=\"fas fa-plus\"><\/i><\/span>\n\t\t\t\t\t\t\t\t<span class=\"elementor-accordion-icon-opened\"><i class=\"fas fa-minus\"><\/i><\/span>\n\t\t\t\t\t\t\t\t\t\t\t\t\t\t<\/span>\n\t\t\t\t\t\t\t\t\t\t\t\t<a class=\"elementor-accordion-title\" tabindex=\"0\">Ces licences sont-elles l\u00e9gales ?<\/a>\n\t\t\t\t\t<\/div>\n\t\t\t\t\t<div id=\"elementor-tab-content-2322\" class=\"elementor-tab-content elementor-clearfix\" data-tab=\"2\" role=\"region\" aria-labelledby=\"elementor-tab-title-2322\"><p>Certains des produits figurant sur notre site web sont des \u201clogiciels d\u2019occasion\u201d. Pour le consommateur final, cela signifie simplement que le prix est inf\u00e9rieur de 70 % \u00e0 celui indiqu\u00e9 sur le site web du fabricant.<\/p><p>Les logiciels d\u00e9sinstall\u00e9s et retir\u00e9s d\u2019un appareil peuvent \u00eatre revendus (arr\u00eat dans l\u2019affaire C-128\/11 de 2012) L\u2019arr\u00eat de la CJUE indique qu\u2019\u201daucun producteur de logiciels ne peut emp\u00eacher la revente de ses licences utilis\u00e9es\u201d, permettant ainsi l\u2019utilisation de ses logiciels t\u00e9l\u00e9charg\u00e9s sur internet.<\/p><p>Le droit exclusif de distribuer une copie d\u2019un programme d\u2019ordinateur couvert par une telle licence est \u00e9puis\u00e9 lors de la premi\u00e8re vente du programme. \u201d Cela signifie que la vente de licences de logiciels \u201d usag\u00e9s \u201d et redondants est l\u00e9gale.<\/p><p>Cet arr\u00eat a cr\u00e9\u00e9 un cadre juridique et s\u00e9curis\u00e9 pour l\u2019ensemble de l\u2019Union europ\u00e9enne, garantissant une concurrence \u00e9quitable et saine sur le march\u00e9 europ\u00e9en.<\/p><p>L\u2019arr\u00eat stipule \u00e9galement que :<br \/>Les licences logicielles perp\u00e9tuelles peuvent \u00eatre \u00e9chang\u00e9es librement. Si vous achetez une licence perp\u00e9tuelle de logiciel, vous pouvez la vendre dans les m\u00eames conditions.<\/p><p>\u2013 Les droits de distribution du fabricant sont \u00e9puis\u00e9s lorsque le logiciel est vendu pour la premi\u00e8re fois. Les clients qui ont achet\u00e9 un programme informatique sur un march\u00e9 libre ont le droit d\u2019utiliser le logiciel achet\u00e9.<\/p><p>\u2013 M\u00eame si la revente du logiciel est express\u00e9ment interdite par le contrat de licence, le titulaire du droit d\u2019auteur ne peut plus s\u2019opposer \u00e0 la revente de cette copie. Le contrat de licence est soumis au droit europ\u00e9en, et les points qui entrent en conflit avec le droit europ\u00e9en sont nuls (ceci s\u2019applique principalement aux \u201clogiciels OEM\u201d).<\/p><p>\u2013 Il n\u2019y a pas de diff\u00e9rence dans le mode de distribution. Les logiciels peuvent \u00eatre distribu\u00e9s sur CD\/DVD (licences physiques) ou en ligne (licences num\u00e9riques). Le titulaire du droit d\u2019auteur ne peut pas r\u00e9clamer une r\u00e9mun\u00e9ration appropri\u00e9e pour la revente ult\u00e9rieure de la licence du logiciel, puisque la r\u00e9mun\u00e9ration appropri\u00e9e a \u00e9t\u00e9 obtenue apr\u00e8s la premi\u00e8re vente.<\/p><p>Vous pouvez lire plus sur ce sujet ici :<\/p><p>.<\/p><\/div>\n\t\t\t\t<\/div>\n\t\t\t\t\t\t\t<div class=\"elementor-accordion-item\">\n\t\t\t\t\t<div id=\"elementor-tab-title-2323\" class=\"elementor-tab-title\" data-tab=\"3\" role=\"button\" aria-controls=\"elementor-tab-content-2323\" aria-expanded=\"false\">\n\t\t\t\t\t\t\t\t\t\t\t\t\t<span class=\"elementor-accordion-icon elementor-accordion-icon-left\" aria-hidden=\"true\">\n\t\t\t\t\t\t\t\t\t\t\t\t\t\t\t<span class=\"elementor-accordion-icon-closed\"><i class=\"fas fa-plus\"><\/i><\/span>\n\t\t\t\t\t\t\t\t<span class=\"elementor-accordion-icon-opened\"><i class=\"fas fa-minus\"><\/i><\/span>\n\t\t\t\t\t\t\t\t\t\t\t\t\t\t<\/span>\n\t\t\t\t\t\t\t\t\t\t\t\t<a class=\"elementor-accordion-title\" tabindex=\"0\"> Pourquoi les prix sont-ils si bas ?<\/a>\n\t\t\t\t\t<\/div>\n\t\t\t\t\t<div id=\"elementor-tab-content-2323\" class=\"elementor-tab-content elementor-clearfix\" data-tab=\"3\" role=\"region\" aria-labelledby=\"elementor-tab-title-2323\"><p>C\u2019est tr\u00e8s simple : ce sont les prix r\u00e9els de Windows, d\u2019Office et d\u2019autres logiciels. Notre mission est de lutter contre la cupidit\u00e9 des entreprises et le piratage des logiciels en proposant les prix les plus bas du march\u00e9. Nous voulons trouver un juste milieu entre ces deux extr\u00eames, afin que les clients ne soient plus oblig\u00e9s de payer des sommes exorbitantes pour obtenir une licence pour le logiciel qu\u2019ils souhaitent, ou de mettre en danger leurs ordinateurs et leurs donn\u00e9es avec des logiciels pirat\u00e9s. Nous achetons aupr\u00e8s de revendeurs europ\u00e9ens \u00e0 des prix tr\u00e8s bas et nous ne payons pas de frais de livraison pour nos produits. Ceci, ainsi que plusieurs commandes de gros volumes et le partenariat avec le CSP, nous permet de vendre \u00e0 prix r\u00e9duit tout en r\u00e9alisant un b\u00e9n\u00e9fice.<\/p><\/div>\n\t\t\t\t<\/div>\n\t\t\t\t\t\t\t<div class=\"elementor-accordion-item\">\n\t\t\t\t\t<div id=\"elementor-tab-title-2324\" class=\"elementor-tab-title\" data-tab=\"4\" role=\"button\" aria-controls=\"elementor-tab-content-2324\" aria-expanded=\"false\">\n\t\t\t\t\t\t\t\t\t\t\t\t\t<span class=\"elementor-accordion-icon elementor-accordion-icon-left\" aria-hidden=\"true\">\n\t\t\t\t\t\t\t\t\t\t\t\t\t\t\t<span class=\"elementor-accordion-icon-closed\"><i class=\"fas fa-plus\"><\/i><\/span>\n\t\t\t\t\t\t\t\t<span class=\"elementor-accordion-icon-opened\"><i class=\"fas fa-minus\"><\/i><\/span>\n\t\t\t\t\t\t\t\t\t\t\t\t\t\t<\/span>\n\t\t\t\t\t\t\t\t\t\t\t\t<a class=\"elementor-accordion-title\" tabindex=\"0\"> Comment puis-je recevoir ma commande ?<\/a>\n\t\t\t\t\t<\/div>\n\t\t\t\t\t<div id=\"elementor-tab-content-2324\" class=\"elementor-tab-content elementor-clearfix\" data-tab=\"4\" role=\"region\" aria-labelledby=\"elementor-tab-title-2324\"><p>Tous les produits pr\u00e9sent\u00e9s sur notre site sont virtuels, par cons\u00e9quent, la livraison ne peut \u00eatre effectu\u00e9e physiquement. En outre, la livraison du produit physique est plus co\u00fbteuse que celle du produit virtuel dont vous avez r\u00e9ellement besoin. Veuillez vous r\u00e9f\u00e9rer \u00e0 notre politique de retour et nous contacter via le chat en direct ou par e-mail et nous vous assurons que nous ferons de notre mieux pour r\u00e9soudre votre probl\u00e8me.<\/p><\/div>\n\t\t\t\t<\/div>\n\t\t\t\t\t\t\t<div class=\"elementor-accordion-item\">\n\t\t\t\t\t<div id=\"elementor-tab-title-2325\" class=\"elementor-tab-title\" data-tab=\"5\" role=\"button\" aria-controls=\"elementor-tab-content-2325\" aria-expanded=\"false\">\n\t\t\t\t\t\t\t\t\t\t\t\t\t<span class=\"elementor-accordion-icon elementor-accordion-icon-left\" aria-hidden=\"true\">\n\t\t\t\t\t\t\t\t\t\t\t\t\t\t\t<span class=\"elementor-accordion-icon-closed\"><i class=\"fas fa-plus\"><\/i><\/span>\n\t\t\t\t\t\t\t\t<span class=\"elementor-accordion-icon-opened\"><i class=\"fas fa-minus\"><\/i><\/span>\n\t\t\t\t\t\t\t\t\t\t\t\t\t\t<\/span>\n\t\t\t\t\t\t\t\t\t\t\t\t<a class=\"elementor-accordion-title\" tabindex=\"0\">Dans quel d\u00e9lai vais-je recevoir ma commande ?<\/a>\n\t\t\t\t\t<\/div>\n\t\t\t\t\t<div id=\"elementor-tab-content-2325\" class=\"elementor-tab-content elementor-clearfix\" data-tab=\"5\" role=\"region\" aria-labelledby=\"elementor-tab-title-2325\"><p>Habituellement, le produit est livr\u00e9 dans<strong>\u00a0les 15 minutes<\/strong>\u00a0(dans des cas exceptionnels \u2013 jusqu\u2019\u00e0 12 heures). Si vous n\u2019avez pas re\u00e7u le produit dont vous avez besoin, nous vous recommandons de v\u00e9rifier votre courrier \u00e9lectronique dans la rubrique \u201c<strong>SPAM<\/strong>\u201c.<\/p><p>Si vous ne l\u2019avez pas trouv\u00e9 non plus, veuillez nous contacter via le chat du support technique, et nous essaierons de r\u00e9soudre le probl\u00e8me d\u00e8s que possible.<\/p><\/div>\n\t\t\t\t<\/div>\n\t\t\t\t\t\t\t<div class=\"elementor-accordion-item\">\n\t\t\t\t\t<div id=\"elementor-tab-title-2326\" class=\"elementor-tab-title\" data-tab=\"6\" role=\"button\" aria-controls=\"elementor-tab-content-2326\" aria-expanded=\"false\">\n\t\t\t\t\t\t\t\t\t\t\t\t\t<span class=\"elementor-accordion-icon elementor-accordion-icon-left\" aria-hidden=\"true\">\n\t\t\t\t\t\t\t\t\t\t\t\t\t\t\t<span class=\"elementor-accordion-icon-closed\"><i class=\"fas fa-plus\"><\/i><\/span>\n\t\t\t\t\t\t\t\t<span class=\"elementor-accordion-icon-opened\"><i class=\"fas fa-minus\"><\/i><\/span>\n\t\t\t\t\t\t\t\t\t\t\t\t\t\t<\/span>\n\t\t\t\t\t\t\t\t\t\t\t\t<a class=\"elementor-accordion-title\" tabindex=\"0\"> J'ai rencontr\u00e9 des difficult\u00e9s avec l'activation, que puis-je faire ?<\/a>\n\t\t\t\t\t<\/div>\n\t\t\t\t\t<div id=\"elementor-tab-content-2326\" class=\"elementor-tab-content elementor-clearfix\" data-tab=\"6\" role=\"region\" aria-labelledby=\"elementor-tab-title-2326\"><p>Si vous rencontrez des probl\u00e8mes, veuillez nous contacter via le chat du support technique o\u00f9 vous recevrez les informations n\u00e9cessaires \u00e0 l\u2019utilisation ult\u00e9rieure du bien achet\u00e9.<\/p><\/div>\n\t\t\t\t<\/div>\n\t\t\t\t\t\t\t<div class=\"elementor-accordion-item\">\n\t\t\t\t\t<div id=\"elementor-tab-title-2327\" class=\"elementor-tab-title\" data-tab=\"7\" role=\"button\" aria-controls=\"elementor-tab-content-2327\" aria-expanded=\"false\">\n\t\t\t\t\t\t\t\t\t\t\t\t\t<span class=\"elementor-accordion-icon elementor-accordion-icon-left\" aria-hidden=\"true\">\n\t\t\t\t\t\t\t\t\t\t\t\t\t\t\t<span class=\"elementor-accordion-icon-closed\"><i class=\"fas fa-plus\"><\/i><\/span>\n\t\t\t\t\t\t\t\t<span class=\"elementor-accordion-icon-opened\"><i class=\"fas fa-minus\"><\/i><\/span>\n\t\t\t\t\t\t\t\t\t\t\t\t\t\t<\/span>\n\t\t\t\t\t\t\t\t\t\t\t\t<a class=\"elementor-accordion-title\" tabindex=\"0\">Que dois-je faire si je veux un remboursement ?<\/a>\n\t\t\t\t\t<\/div>\n\t\t\t\t\t<div id=\"elementor-tab-content-2327\" class=\"elementor-tab-content elementor-clearfix\" data-tab=\"7\" role=\"region\" aria-labelledby=\"elementor-tab-title-2327\"><p>Dans ce cas, veuillez lire notre politique de retour ici, puis contactez-nous par chat.<\/p><\/div>\n\t\t\t\t<\/div>\n\t\t\t\t\t\t\t<div class=\"elementor-accordion-item\">\n\t\t\t\t\t<div id=\"elementor-tab-title-2328\" class=\"elementor-tab-title\" data-tab=\"8\" role=\"button\" aria-controls=\"elementor-tab-content-2328\" aria-expanded=\"false\">\n\t\t\t\t\t\t\t\t\t\t\t\t\t<span class=\"elementor-accordion-icon elementor-accordion-icon-left\" aria-hidden=\"true\">\n\t\t\t\t\t\t\t\t\t\t\t\t\t\t\t<span class=\"elementor-accordion-icon-closed\"><i class=\"fas fa-plus\"><\/i><\/span>\n\t\t\t\t\t\t\t\t<span class=\"elementor-accordion-icon-opened\"><i class=\"fas fa-minus\"><\/i><\/span>\n\t\t\t\t\t\t\t\t\t\t\t\t\t\t<\/span>\n\t\t\t\t\t\t\t\t\t\t\t\t<a class=\"elementor-accordion-title\" tabindex=\"0\">Les paiements sont-ils s\u00e9curis\u00e9s ?<\/a>\n\t\t\t\t\t<\/div>\n\t\t\t\t\t<div id=\"elementor-tab-content-2328\" class=\"elementor-tab-content elementor-clearfix\" data-tab=\"8\" role=\"region\" aria-labelledby=\"elementor-tab-title-2328\"><p>Oui, tous les paiements sont s\u00e9curis\u00e9s par\u00a0<strong>3D secure<\/strong>, un service fourni par\u00a0<strong>STRIPE<\/strong>. Chaque achat n\u00e9cessite une confirmation de votre part. Concr\u00e8tement, apr\u00e8s avoir pass\u00e9 votre commande, vous devrez l\u2019authentifier en utilisant le code re\u00e7u par\u00a0<strong>SMS<\/strong>\u00a0de votre banque.<\/p><\/div>\n\t\t\t\t<\/div>\n\t\t\t\t\t\t\t<div class=\"elementor-accordion-item\">\n\t\t\t\t\t<div id=\"elementor-tab-title-2329\" class=\"elementor-tab-title\" data-tab=\"9\" role=\"button\" aria-controls=\"elementor-tab-content-2329\" aria-expanded=\"false\">\n\t\t\t\t\t\t\t\t\t\t\t\t\t<span class=\"elementor-accordion-icon elementor-accordion-icon-left\" aria-hidden=\"true\">\n\t\t\t\t\t\t\t\t\t\t\t\t\t\t\t<span class=\"elementor-accordion-icon-closed\"><i class=\"fas fa-plus\"><\/i><\/span>\n\t\t\t\t\t\t\t\t<span class=\"elementor-accordion-icon-opened\"><i class=\"fas fa-minus\"><\/i><\/span>\n\t\t\t\t\t\t\t\t\t\t\t\t\t\t<\/span>\n\t\t\t\t\t\t\t\t\t\t\t\t<a class=\"elementor-accordion-title\" tabindex=\"0\">Pourrais-je acheter le produit pour l'entreprise ?<\/a>\n\t\t\t\t\t<\/div>\n\t\t\t\t\t<div id=\"elementor-tab-content-2329\" class=\"elementor-tab-content elementor-clearfix\" data-tab=\"9\" role=\"region\" aria-labelledby=\"elementor-tab-title-2329\"><p>En raison des sp\u00e9cifications du travail avec des produits virtuels,\u00a0<strong>LICENSI.FR<\/strong>\u00a0ne peut pas assumer la responsabilit\u00e9 des cons\u00e9quences d\u00e9coulant de l\u2019utilisation des produits achet\u00e9s par les personnes morales. C\u2019est \u00e9galement la raison pour laquelle nous sommes en mesure de proposer nos produits \u00e0 des prix avantageux.\u00a0<strong>Il d\u00e9coule de ce qui pr\u00e9c\u00e8de que l\u2019achat et l\u2019utilisation de produits par les entreprises sont impossibles.<\/strong><\/p><\/div>\n\t\t\t\t<\/div>\n\t\t\t\t\t\t\t\t<\/div>\n\t\t\t\t<\/div>\n\t\t\t\t<\/div>\n\t\t\t\t\t<\/div>\n\t\t\t\t<\/div>\n\t\t\t\t\t\t\t<\/div>\n\t\t","protected":false},"excerpt":{"rendered":"<p>Questions et r\u00e9ponses Pourquoi nous choisir ? Licensi.fr\u00a0fournit toujours des cl\u00e9s d\u2019activation originales pour les \u201clogiciels num\u00e9riques\u201d que vous pouvez enregistrer (ou v\u00e9rifier) sur le site Web du fabricant. Gr\u00e2ce \u00e0 l\u2019accord de coop\u00e9ration et de partenariat, l\u2019achat de produits chez nous vous garantit une exploitation durable du logiciel. \u00c9vitez les situations ind\u00e9sirables o\u00f9 un [&hellip;]<\/p>\n","protected":false},"author":1,"featured_media":0,"parent":0,"menu_order":0,"comment_status":"closed","ping_status":"closed","template":"","meta":{"footnotes":""},"jetpack_sharing_enabled":true,"_links":{"self":[{"href":"https:\/\/licensi.fr\/index.php\/wp-json\/wp\/v2\/pages\/195"}],"collection":[{"href":"https:\/\/licensi.fr\/index.php\/wp-json\/wp\/v2\/pages"}],"about":[{"href":"https:\/\/licensi.fr\/index.php\/wp-json\/wp\/v2\/types\/page"}],"author":[{"embeddable":true,"href":"https:\/\/licensi.fr\/index.php\/wp-json\/wp\/v2\/users\/1"}],"replies":[{"embeddable":true,"href":"https:\/\/licensi.fr\/index.php\/wp-json\/wp\/v2\/comments?post=195"}],"version-history":[{"count":10,"href":"https:\/\/licensi.fr\/index.php\/wp-json\/wp\/v2\/pages\/195\/revisions"}],"predecessor-version":[{"id":358,"href":"https:\/\/licensi.fr\/index.php\/wp-json\/wp\/v2\/pages\/195\/revisions\/358"}],"wp:attachment":[{"href":"https:\/\/licensi.fr\/index.php\/wp-json\/wp\/v2\/media?parent=195"}],"curies":[{"name":"wp","href":"https:\/\/api.w.org\/{rel}","templated":true}]}}